{"id":9000,"date":"2025-03-08T17:20:15","date_gmt":"2025-03-08T17:20:15","guid":{"rendered":"https:\/\/bigfunhobby.com\/butikk\/dogs\/"},"modified":"2025-12-04T11:01:12","modified_gmt":"2025-12-04T09:01:12","slug":"dogs","status":"publish","type":"product","link":"https:\/\/bigfunhobby.com\/da\/butikk\/dogs\/","title":{"rendered":"Hunde"},"content":{"rendered":"<p>&#8216;Dogs H0&#8217; er et unikt tilskudd til modelljernbanesamlingen din. Dette settet gir en realistisk og autentisk f\u00f8lelse til jernbanemilj\u00f8et ditt, uansett om du er en erfaren modellbygger eller bare begynner. Med dette settet kan du bringe ditt jernbanemilj\u00f8 til liv og skape en dynamisk og interessant scene.<\/p>\n<p>Spesifikasjonene til &#8216;Dogs H0&#8217; er designet for \u00e5 passe perfekt til enhver modelljernbane i H0-skala. Dette betyr at settet er i perfekt st\u00f8rrelse for \u00e5 gi realistiske detaljer, uten \u00e5 ta for mye plass p\u00e5 jernbanen din.<\/p>\n<p>Settet er laget av h\u00f8ykvalitets materialer som t\u00e5ler tidens tann. Med riktig behandling, vil figurene beholde deres detaljer og autentisitet i mange \u00e5r fremover.<\/p>\n<p>Modellbygging er en hobby med lang historie, og modelljernbaner er spesielt popul\u00e6re. Med &#8216;Dogs H0&#8217;, kan du legge til en ny dimensjon til din jernbane, og fremheve den realistiske naturen av din modelljernbane.<\/p>\n<p>Klar til \u00e5 ta din modelljernbane til neste niv\u00e5? Bestill &#8216;Dogs H0&#8217; i dag og begynn \u00e5 skape din egen autentiske jernbaneverden.<\/p>","protected":false},"excerpt":{"rendered":"<p>Dogs H0&#8242; er et spennende sett for modelljernbaneentusiaster, som gir en autentisk og realistisk f\u00f8lelse til jernbanemilj\u00f8et ditt.<\/p>","protected":false},"featured_media":8999,"comment_status":"open","ping_status":"closed","template":"","meta":[],"product_brand":[109],"product_cat":[80],"product_tag":[],"class_list":{"0":"post-9000","1":"product","2":"type-product","3":"status-publish","4":"has-post-thumbnail","6":"product_brand-noch","7":"product_cat-noch-landskap-og-detaljer","9":"first","10":"instock","11":"taxable","12":"shipping-taxable","13":"purchasable","14":"product-type-simple"},"_links":{"self":[{"href":"https:\/\/bigfunhobby.com\/da\/wp-json\/wp\/v2\/product\/9000","targetHints":{"allow":["GET"]}}],"collection":[{"href":"https:\/\/bigfunhobby.com\/da\/wp-json\/wp\/v2\/product"}],"about":[{"href":"https:\/\/bigfunhobby.com\/da\/wp-json\/wp\/v2\/types\/product"}],"replies":[{"embeddable":true,"href":"https:\/\/bigfunhobby.com\/da\/wp-json\/wp\/v2\/comments?post=9000"}],"wp:featuredmedia":[{"embeddable":true,"href":"https:\/\/bigfunhobby.com\/da\/wp-json\/wp\/v2\/media\/8999"}],"wp:attachment":[{"href":"https:\/\/bigfunhobby.com\/da\/wp-json\/wp\/v2\/media?parent=9000"}],"wp:term":[{"taxonomy":"product_brand","embeddable":true,"href":"https:\/\/bigfunhobby.com\/da\/wp-json\/wp\/v2\/product_brand?post=9000"},{"taxonomy":"product_cat","embeddable":true,"href":"https:\/\/bigfunhobby.com\/da\/wp-json\/wp\/v2\/product_cat?post=9000"},{"taxonomy":"product_tag","embeddable":true,"href":"https:\/\/bigfunhobby.com\/da\/wp-json\/wp\/v2\/product_tag?post=9000"}],"curies":[{"name":"wp","href":"https:\/\/api.w.org\/{rel}","templated":true}]}}