{"id":9014,"date":"2025-03-08T17:20:20","date_gmt":"2025-03-08T17:20:20","guid":{"rendered":"https:\/\/bigfunhobby.com\/butikk\/roe-deer\/"},"modified":"2025-12-04T11:01:12","modified_gmt":"2025-12-04T09:01:12","slug":"radyr","status":"publish","type":"product","link":"https:\/\/bigfunhobby.com\/da\/butikk\/roe-deer\/","title":{"rendered":"Roende hjorte"},"content":{"rendered":"<p>Oplev gl\u00e6den ved modelbygning med Roe Deer H0, et omhyggeligt udformet produkt til b\u00e5de begyndere og erfarne hobbyentusiaster. Denne model giver en autentisk oplevelse og er en fremragende m\u00e5de at forbedre dine f\u00e6rdigheder inden for pr\u00e6cision og detaljearbejde.<\/p>\n<p><strong>Specifikationer:<\/strong><\/p>\n<ul>\n<li>Skala: H0<\/li>\n<li>Detaljeret og realistisk design<\/li>\n<\/ul>\n<p>Modellen er designet til at v\u00e6re s\u00e5 realistisk som muligt, s\u00e5 du f\u00e5r en autentisk oplevelse af at bygge en rigtig model. Hver del er lavet med stor pr\u00e6cision, hvilket sikrer, at det produkt, du bygger, ser ud og f\u00f8les som den virkelige genstand.<\/p>\n<p>Roe Deer H0 er ogs\u00e5 en god m\u00e5de at l\u00e6re om modelbygningens historie p\u00e5, s\u00e5 du f\u00e5r en dybere forst\u00e5else af denne popul\u00e6re hobby. Der er altid noget nyt at l\u00e6re og opdage, lige fra modelbygningens tidligste dage til nutiden.<\/p>\n<p>Uanset om du er en erfaren modelbygger eller lige er begyndt, vil Roe Deer H0 give dig timevis af kreativ sjov. Vent ikke, start dit modelleringseventyr i dag. <strong>K\u00f8b R\u00e5dyr H0 nu!<\/strong><\/p>","protected":false},"excerpt":{"rendered":"<p>Roe Deer er en detaljeret H0-skalamodel af h\u00f8j kvalitet, perfekt til b\u00e5de begyndere og erfarne modelbyggere.<\/p>","protected":false},"featured_media":9013,"comment_status":"open","ping_status":"closed","template":"","meta":[],"product_brand":[109],"product_cat":[80],"product_tag":[],"class_list":{"0":"post-9014","1":"product","2":"type-product","3":"status-publish","4":"has-post-thumbnail","6":"product_brand-noch","7":"product_cat-noch-landskap-og-detaljer","9":"first","10":"instock","11":"taxable","12":"shipping-taxable","13":"purchasable","14":"product-type-simple"},"_links":{"self":[{"href":"https:\/\/bigfunhobby.com\/da\/wp-json\/wp\/v2\/product\/9014","targetHints":{"allow":["GET"]}}],"collection":[{"href":"https:\/\/bigfunhobby.com\/da\/wp-json\/wp\/v2\/product"}],"about":[{"href":"https:\/\/bigfunhobby.com\/da\/wp-json\/wp\/v2\/types\/product"}],"replies":[{"embeddable":true,"href":"https:\/\/bigfunhobby.com\/da\/wp-json\/wp\/v2\/comments?post=9014"}],"wp:featuredmedia":[{"embeddable":true,"href":"https:\/\/bigfunhobby.com\/da\/wp-json\/wp\/v2\/media\/9013"}],"wp:attachment":[{"href":"https:\/\/bigfunhobby.com\/da\/wp-json\/wp\/v2\/media?parent=9014"}],"wp:term":[{"taxonomy":"product_brand","embeddable":true,"href":"https:\/\/bigfunhobby.com\/da\/wp-json\/wp\/v2\/product_brand?post=9014"},{"taxonomy":"product_cat","embeddable":true,"href":"https:\/\/bigfunhobby.com\/da\/wp-json\/wp\/v2\/product_cat?post=9014"},{"taxonomy":"product_tag","embeddable":true,"href":"https:\/\/bigfunhobby.com\/da\/wp-json\/wp\/v2\/product_tag?post=9014"}],"curies":[{"name":"wp","href":"https:\/\/api.w.org\/{rel}","templated":true}]}}