{"id":9020,"date":"2025-03-08T17:20:23","date_gmt":"2025-03-08T17:20:23","guid":{"rendered":"https:\/\/bigfunhobby.com\/butikk\/sheep\/"},"modified":"2025-12-04T11:01:12","modified_gmt":"2025-12-04T09:01:12","slug":"far","status":"publish","type":"product","link":"https:\/\/bigfunhobby.com\/da\/butikk\/sheep\/","title":{"rendered":"F\u00e5r"},"content":{"rendered":"<p>Udforsk den fascinerende verden af modeljernbaner med 'Sheep H0', et omhyggeligt udformet s\u00e6t, der bringer din miniatureverden til live. Det er en fantastisk tilf\u00f8jelse til b\u00e5de begyndere og erfarne modelbyggere og er perfekt til at give dit modeljernbaneanl\u00e6g et unikt pr\u00e6g.<\/p>\n<p>'Sheep H0' er en skalamodel, der er lavet til at passe perfekt ind i enhver modeljernbane i skala H0. Med omhyggeligt h\u00e5ndv\u00e6rk og opm\u00e6rksomhed p\u00e5 detaljer er dette s\u00e6t designet til at understrege realisme og autenticitet.<\/p>\n<ul>\n<li>Produktkategori: Modeljernbane<\/li>\n<li>Skala: H0<\/li>\n<li>Produkt: Bygges\u00e6t af f\u00e5r<\/li>\n<\/ul>\n<p>Modelbygning er en hobby, der har eksisteret i mange \u00e5rtier, og den er fortsat en favorit blandt folk i alle aldre. Uanset om du er en erfaren modelbygger eller en ivrig nybegynder, vil 'Sheep H0' give dig timevis af kreativ sjov.<\/p>\n<p>Tilf\u00f8j 'Sheep H0' til din modeljernbanesamling i dag. Udforsk de realistiske detaljer, og se din miniatureverden vokse. K\u00f8b nu og start dit n\u00e6ste byggeprojekt.<\/p>","protected":false},"excerpt":{"rendered":"<p>Sheep H0\u2032 er et realistisk og detaljeret skalas\u00e6t til modeljernbaneentusiaster. Udvid din miniatureverden med denne unikke tilf\u00f8jelse.<\/p>","protected":false},"featured_media":9019,"comment_status":"open","ping_status":"closed","template":"","meta":[],"product_brand":[109],"product_cat":[80],"product_tag":[],"class_list":{"0":"post-9020","1":"product","2":"type-product","3":"status-publish","4":"has-post-thumbnail","6":"product_brand-noch","7":"product_cat-noch-landskap-og-detaljer","9":"first","10":"instock","11":"taxable","12":"shipping-taxable","13":"purchasable","14":"product-type-simple"},"_links":{"self":[{"href":"https:\/\/bigfunhobby.com\/da\/wp-json\/wp\/v2\/product\/9020","targetHints":{"allow":["GET"]}}],"collection":[{"href":"https:\/\/bigfunhobby.com\/da\/wp-json\/wp\/v2\/product"}],"about":[{"href":"https:\/\/bigfunhobby.com\/da\/wp-json\/wp\/v2\/types\/product"}],"replies":[{"embeddable":true,"href":"https:\/\/bigfunhobby.com\/da\/wp-json\/wp\/v2\/comments?post=9020"}],"wp:featuredmedia":[{"embeddable":true,"href":"https:\/\/bigfunhobby.com\/da\/wp-json\/wp\/v2\/media\/9019"}],"wp:attachment":[{"href":"https:\/\/bigfunhobby.com\/da\/wp-json\/wp\/v2\/media?parent=9020"}],"wp:term":[{"taxonomy":"product_brand","embeddable":true,"href":"https:\/\/bigfunhobby.com\/da\/wp-json\/wp\/v2\/product_brand?post=9020"},{"taxonomy":"product_cat","embeddable":true,"href":"https:\/\/bigfunhobby.com\/da\/wp-json\/wp\/v2\/product_cat?post=9020"},{"taxonomy":"product_tag","embeddable":true,"href":"https:\/\/bigfunhobby.com\/da\/wp-json\/wp\/v2\/product_tag?post=9020"}],"curies":[{"name":"wp","href":"https:\/\/api.w.org\/{rel}","templated":true}]}}