{"id":9026,"date":"2025-03-08T17:20:25","date_gmt":"2025-03-08T17:20:25","guid":{"rendered":"https:\/\/bigfunhobby.com\/butikk\/chicken-and-geese\/"},"modified":"2025-12-04T11:01:12","modified_gmt":"2025-12-04T09:01:12","slug":"hons-og-gaes","status":"publish","type":"product","link":"https:\/\/bigfunhobby.com\/da\/butikk\/chicken-and-geese\/","title":{"rendered":"Kylling og g\u00e6s"},"content":{"rendered":"<p>\"Chicken and Geese H0\" er et modeljernbanes\u00e6t, der giver liv og karakter til din miniatureverden. S\u00e6ttet er perfekt til b\u00e5de begyndere og erfarne modelbyggere, som vil udvide deres landskaber med realistiske detaljer.<\/p>\n<p>Dette s\u00e6t indeholder omhyggeligt udformede figurer af kyllinger og g\u00e6s i skala H0. Disse figurer er lavet, s\u00e5 de passer perfekt ind i dit modeljernbanemilj\u00f8 og giver en f\u00f8lelse af autentisk liv og virkelighed i din modelverden.<\/p>\n<ul>\n<li>Kategori: Modeljernbane<\/li>\n<li>Skala: H0<\/li>\n<li>Figurer: Kyllinger og g\u00e6s<\/li>\n<\/ul>\n<p>Modeljernbane-bygges\u00e6t er en tidl\u00f8s hobby, som har gl\u00e6det entusiaster i alle aldre i mange generationer. Ved at tilf\u00f8je detaljer som disse kyllinger og g\u00e6s kan du skabe en dynamisk og levende verden, der virkelig kommer til live.<\/p>\n<p>Tag springet og udvid din modeljernbaneverden med 'Chicken and Geese H0'. K\u00f8b her, og lad din kreativitet f\u00e5 frit l\u00f8b i den fascinerende modelverden.<\/p>","protected":false},"excerpt":{"rendered":"<p>Chicken and Geese H0\u2032 er et sjovt og detaljeret s\u00e6t til modeljernbaneentusiaster, der er perfekt til at give liv og karakter til din miniatureverden.<\/p>","protected":false},"featured_media":9025,"comment_status":"open","ping_status":"closed","template":"","meta":[],"product_brand":[109],"product_cat":[80],"product_tag":[],"class_list":{"0":"post-9026","1":"product","2":"type-product","3":"status-publish","4":"has-post-thumbnail","6":"product_brand-noch","7":"product_cat-noch-landskap-og-detaljer","9":"first","10":"instock","11":"taxable","12":"shipping-taxable","13":"purchasable","14":"product-type-simple"},"_links":{"self":[{"href":"https:\/\/bigfunhobby.com\/da\/wp-json\/wp\/v2\/product\/9026","targetHints":{"allow":["GET"]}}],"collection":[{"href":"https:\/\/bigfunhobby.com\/da\/wp-json\/wp\/v2\/product"}],"about":[{"href":"https:\/\/bigfunhobby.com\/da\/wp-json\/wp\/v2\/types\/product"}],"replies":[{"embeddable":true,"href":"https:\/\/bigfunhobby.com\/da\/wp-json\/wp\/v2\/comments?post=9026"}],"wp:featuredmedia":[{"embeddable":true,"href":"https:\/\/bigfunhobby.com\/da\/wp-json\/wp\/v2\/media\/9025"}],"wp:attachment":[{"href":"https:\/\/bigfunhobby.com\/da\/wp-json\/wp\/v2\/media?parent=9026"}],"wp:term":[{"taxonomy":"product_brand","embeddable":true,"href":"https:\/\/bigfunhobby.com\/da\/wp-json\/wp\/v2\/product_brand?post=9026"},{"taxonomy":"product_cat","embeddable":true,"href":"https:\/\/bigfunhobby.com\/da\/wp-json\/wp\/v2\/product_cat?post=9026"},{"taxonomy":"product_tag","embeddable":true,"href":"https:\/\/bigfunhobby.com\/da\/wp-json\/wp\/v2\/product_tag?post=9026"}],"curies":[{"name":"wp","href":"https:\/\/api.w.org\/{rel}","templated":true}]}}