{"id":9044,"date":"2025-03-08T17:20:35","date_gmt":"2025-03-08T17:20:35","guid":{"rendered":"https:\/\/bigfunhobby.com\/butikk\/horse-chestnut-tree\/"},"modified":"2025-12-04T11:01:14","modified_gmt":"2025-12-04T09:01:14","slug":"hestekastanjetrae","status":"publish","type":"product","link":"https:\/\/bigfunhobby.com\/da\/butikk\/horse-chestnut-tree\/","title":{"rendered":"Hestekastanjetr\u00e6"},"content":{"rendered":"<p>L\u00e6r hestekastanjetr\u00e6et at kende, en detaljeret og autentisk skalamodel af et hestekastanjetr\u00e6. Det er et ideelt tilbeh\u00f8r til at give landskabet omkring din modeljernbane eller dine dioramaer et autentisk og livagtigt udseende. Med sin h\u00f8jde p\u00e5 19 cm passer den perfekt til skalaer som H0, TT og N.<\/p>\n<ul>\n<li>H\u00f8jde: 19 cm<\/li>\n<li>Velegnet til skala: H0, TT, N<\/li>\n<\/ul>\n<p>Dette hestekastanjetr\u00e6 er udformet med stor n\u00f8jagtighed for at efterligne det naturlige udseende af et \u00e6gte tr\u00e6. Hver eneste lille detalje er omhyggeligt udformet for at give en realistisk gengivelse. Det er nemt at placere og flytte rundt p\u00e5, s\u00e5 det er nemt at justere landskabet efter behov.<\/p>\n<p>Hestekastanjetr\u00e6et er kendt for sin prangende blomstring om for\u00e5ret, som giver et unikt og malerisk pr\u00e6g til ethvert landskab. S\u00e5 hvorfor ikke tilf\u00f8je s\u00e5dan en detalje til dit n\u00e6ste modelleringsprojekt?<\/p>\n<p>Uanset om du er en erfaren modelbygger eller en ivrig nybegynder, vil du s\u00e6tte pris p\u00e5 den ekstra dimension, som dette tr\u00e6 giver dit projekt. S\u00e5 hvorfor vente? Udforsk vores sortiment, find det perfekte tilbeh\u00f8r til dit n\u00e6ste projekt, og bestil nu!<\/p>","protected":false},"excerpt":{"rendered":"<p>Hestekastanjetr\u00e6et er en realistisk model af et hestekastanjetr\u00e6, perfekt til udsmykning af modeljernbaner eller dioramaer.<\/p>","protected":false},"featured_media":9043,"comment_status":"open","ping_status":"closed","template":"","meta":[],"product_brand":[109],"product_cat":[80],"product_tag":[],"class_list":{"0":"post-9044","1":"product","2":"type-product","3":"status-publish","4":"has-post-thumbnail","6":"product_brand-noch","7":"product_cat-noch-landskap-og-detaljer","9":"first","10":"instock","11":"taxable","12":"shipping-taxable","13":"purchasable","14":"product-type-simple"},"_links":{"self":[{"href":"https:\/\/bigfunhobby.com\/da\/wp-json\/wp\/v2\/product\/9044","targetHints":{"allow":["GET"]}}],"collection":[{"href":"https:\/\/bigfunhobby.com\/da\/wp-json\/wp\/v2\/product"}],"about":[{"href":"https:\/\/bigfunhobby.com\/da\/wp-json\/wp\/v2\/types\/product"}],"replies":[{"embeddable":true,"href":"https:\/\/bigfunhobby.com\/da\/wp-json\/wp\/v2\/comments?post=9044"}],"wp:featuredmedia":[{"embeddable":true,"href":"https:\/\/bigfunhobby.com\/da\/wp-json\/wp\/v2\/media\/9043"}],"wp:attachment":[{"href":"https:\/\/bigfunhobby.com\/da\/wp-json\/wp\/v2\/media?parent=9044"}],"wp:term":[{"taxonomy":"product_brand","embeddable":true,"href":"https:\/\/bigfunhobby.com\/da\/wp-json\/wp\/v2\/product_brand?post=9044"},{"taxonomy":"product_cat","embeddable":true,"href":"https:\/\/bigfunhobby.com\/da\/wp-json\/wp\/v2\/product_cat?post=9044"},{"taxonomy":"product_tag","embeddable":true,"href":"https:\/\/bigfunhobby.com\/da\/wp-json\/wp\/v2\/product_tag?post=9044"}],"curies":[{"name":"wp","href":"https:\/\/api.w.org\/{rel}","templated":true}]}}