{"id":9058,"date":"2025-03-08T17:20:42","date_gmt":"2025-03-08T17:20:42","guid":{"rendered":"https:\/\/bigfunhobby.com\/butikk\/wall\/"},"modified":"2025-12-04T11:01:14","modified_gmt":"2025-12-04T09:01:14","slug":"vaeg","status":"publish","type":"product","link":"https:\/\/bigfunhobby.com\/da\/butikk\/wall\/","title":{"rendered":"V\u00e6g"},"content":{"rendered":"<p>Forbedr din modeljernbane med vores Wall - en ekstra lang modeljernbanev\u00e6g. Dette produkt m\u00e5ler 39,6 x 7,4 cm og er designet til at passe perfekt ind i din lille verden og give den et mere livagtigt pr\u00e6g.<\/p>\n<p>V\u00e6ggen er lavet med stor opm\u00e6rksomhed p\u00e5 detaljer, hvilket g\u00f8r den ideel til b\u00e5de begyndere og erfarne modelbyggerentusiaster. V\u00e6ggen er et must-have for alle, der vil give deres modeljernbaneprojekt et mere realistisk udseende.<\/p>\n<ul>\n<li>Produktnavn: V\u00e6g<\/li>\n<li>St\u00f8rrelse: Ekstra lang, 39,6 x 7,4 cm<\/li>\n<li>Kategori: Modeljernbane<\/li>\n<\/ul>\n<p>Modeljernbanebyggeri har en lang og rig historie og er en hobby, som har gl\u00e6det b\u00e5de unge og gamle i generationer. Med vores Wall kan du skabe din egen lille verden med mange detaljer.<\/p>\n<p>Uanset om du er en erfaren modeljernbaneentusiast eller en nybegynder, giver Wall dig mulighed for at udtrykke din kreativitet og dine f\u00e6rdigheder. Vent ikke, start dit n\u00e6ste modeljernbaneprojekt i dag. K\u00f8b Wall her, og tag din modeljernbane til det n\u00e6ste niveau.<\/p>","protected":false},"excerpt":{"rendered":"<p>Wall er en ekstra lang modeljernbanev\u00e6g p\u00e5 39,6 x 7,4 cm, som er perfekt til at skabe en livagtig atmosf\u00e6re i din modeljernbaneverden.<\/p>","protected":false},"featured_media":9057,"comment_status":"open","ping_status":"closed","template":"","meta":[],"product_brand":[109],"product_cat":[80],"product_tag":[],"class_list":{"0":"post-9058","1":"product","2":"type-product","3":"status-publish","4":"has-post-thumbnail","6":"product_brand-noch","7":"product_cat-noch-landskap-og-detaljer","9":"first","10":"instock","11":"taxable","12":"shipping-taxable","13":"purchasable","14":"product-type-simple"},"_links":{"self":[{"href":"https:\/\/bigfunhobby.com\/da\/wp-json\/wp\/v2\/product\/9058","targetHints":{"allow":["GET"]}}],"collection":[{"href":"https:\/\/bigfunhobby.com\/da\/wp-json\/wp\/v2\/product"}],"about":[{"href":"https:\/\/bigfunhobby.com\/da\/wp-json\/wp\/v2\/types\/product"}],"replies":[{"embeddable":true,"href":"https:\/\/bigfunhobby.com\/da\/wp-json\/wp\/v2\/comments?post=9058"}],"wp:featuredmedia":[{"embeddable":true,"href":"https:\/\/bigfunhobby.com\/da\/wp-json\/wp\/v2\/media\/9057"}],"wp:attachment":[{"href":"https:\/\/bigfunhobby.com\/da\/wp-json\/wp\/v2\/media?parent=9058"}],"wp:term":[{"taxonomy":"product_brand","embeddable":true,"href":"https:\/\/bigfunhobby.com\/da\/wp-json\/wp\/v2\/product_brand?post=9058"},{"taxonomy":"product_cat","embeddable":true,"href":"https:\/\/bigfunhobby.com\/da\/wp-json\/wp\/v2\/product_cat?post=9058"},{"taxonomy":"product_tag","embeddable":true,"href":"https:\/\/bigfunhobby.com\/da\/wp-json\/wp\/v2\/product_tag?post=9058"}],"curies":[{"name":"wp","href":"https:\/\/api.w.org\/{rel}","templated":true}]}}