{"id":9084,"date":"2025-03-08T17:20:57","date_gmt":"2025-03-08T17:20:57","guid":{"rendered":"https:\/\/bigfunhobby.com\/butikk\/federal-road\/"},"modified":"2025-12-04T11:01:14","modified_gmt":"2025-12-04T09:01:14","slug":"forbundsvej","status":"publish","type":"product","link":"https:\/\/bigfunhobby.com\/da\/butikk\/federal-road\/","title":{"rendered":"Den f\u00f8derale vej"},"content":{"rendered":"<p>Oplev Federal Road, en kompliceret modelvej, der giver et autentisk pr\u00e6g til ethvert modeljernbaneprojekt eller -s\u00e6t. Med en l\u00e6ngde p\u00e5 100 cm og en bredde p\u00e5 8 cm giver denne gr\u00e5 vej en realistisk skalaoplevelse i H0-format.<\/p>\n<p>Specifikationer:<\/p>\n<ul>\n<li>Produktnavn: Federal Road<\/li>\n<li>Farve: Gr\u00e5<\/li>\n<li>St\u00f8rrelse: 100 x 8 cm<\/li>\n<li>Skala: H0<\/li>\n<\/ul>\n<p>Denne modelvej er lavet af holdbare materialer, der sikrer langvarig brug. Den er designet med omhyggelige detaljer for at efterligne udseendet af en rigtig vej, hvilket g\u00f8r den til et must-have for alle seri\u00f8se modelbyggere.<\/p>\n<p>Modelbygning er en tidl\u00f8s hobby, som forener b\u00e5de voksne og b\u00f8rn. Uanset om du er en erfaren modelbygger eller nybegynder, vil Federal Road give dig den ekstra detalje, der g\u00f8r dit projekt komplet. Den passer ogs\u00e5 perfekt ind i et st\u00f8rre modeljernbanelayout og skaber en realistisk atmosf\u00e6re for dine tog og lokomotiver.<\/p>\n<p>T\u00f8v ikke med at udvide dit modeljernbaneunivers eller forbedre dine bygges\u00e6t med Federal Road. K\u00f8b her for at opgradere din modeloplevelse.<\/p>","protected":false},"excerpt":{"rendered":"<p>Federal Road er en gr\u00e5 modelvej, der m\u00e5ler 100 x 8 cm i skala H0. Den er perfekt til modeljernbane- og bygges\u00e6t-entusiaster.<\/p>","protected":false},"featured_media":9083,"comment_status":"open","ping_status":"closed","template":"","meta":[],"product_brand":[109],"product_cat":[80],"product_tag":[],"class_list":{"0":"post-9084","1":"product","2":"type-product","3":"status-publish","4":"has-post-thumbnail","6":"product_brand-noch","7":"product_cat-noch-landskap-og-detaljer","9":"first","10":"instock","11":"taxable","12":"shipping-taxable","13":"purchasable","14":"product-type-simple"},"_links":{"self":[{"href":"https:\/\/bigfunhobby.com\/da\/wp-json\/wp\/v2\/product\/9084","targetHints":{"allow":["GET"]}}],"collection":[{"href":"https:\/\/bigfunhobby.com\/da\/wp-json\/wp\/v2\/product"}],"about":[{"href":"https:\/\/bigfunhobby.com\/da\/wp-json\/wp\/v2\/types\/product"}],"replies":[{"embeddable":true,"href":"https:\/\/bigfunhobby.com\/da\/wp-json\/wp\/v2\/comments?post=9084"}],"wp:featuredmedia":[{"embeddable":true,"href":"https:\/\/bigfunhobby.com\/da\/wp-json\/wp\/v2\/media\/9083"}],"wp:attachment":[{"href":"https:\/\/bigfunhobby.com\/da\/wp-json\/wp\/v2\/media?parent=9084"}],"wp:term":[{"taxonomy":"product_brand","embeddable":true,"href":"https:\/\/bigfunhobby.com\/da\/wp-json\/wp\/v2\/product_brand?post=9084"},{"taxonomy":"product_cat","embeddable":true,"href":"https:\/\/bigfunhobby.com\/da\/wp-json\/wp\/v2\/product_cat?post=9084"},{"taxonomy":"product_tag","embeddable":true,"href":"https:\/\/bigfunhobby.com\/da\/wp-json\/wp\/v2\/product_tag?post=9084"}],"curies":[{"name":"wp","href":"https:\/\/api.w.org\/{rel}","templated":true}]}}