{"id":9090,"date":"2025-03-08T17:20:59","date_gmt":"2025-03-08T17:20:59","guid":{"rendered":"https:\/\/bigfunhobby.com\/butikk\/country-road\/"},"modified":"2025-12-04T11:01:14","modified_gmt":"2025-12-04T09:01:14","slug":"country-road","status":"publish","type":"product","link":"https:\/\/bigfunhobby.com\/da\/butikk\/country-road\/","title":{"rendered":"Landevej"},"content":{"rendered":"<p>&#8216;Country Road&#8217; er en ypperlig detalj for \u00e5 gi ditt modelljernbanelandskap en realistisk touch. Denne gr\u00e5 veimodellen er laget i skalaen H0, noe som gj\u00f8r den ideell for de mest popul\u00e6re modelljernbanelandskapene.<\/p>\n<p>Med m\u00e5lene 100 x 6,6 cm, tilbyr veien god plass for ditt modelljernbanetog eller andre miniatyrkj\u00f8ret\u00f8y \u00e5 krysse. Den gr\u00e5 fargen gir veien et realistisk utseende, som en slitt landevei i det virkelige liv.<\/p>\n<ul>\n<li>Produktnavn: Country Road<\/li>\n<li>Farve: Gr\u00e5<\/li>\n<li>St\u00f8rrelse: 100 x 6,6 cm<\/li>\n<li>Skala: H0<\/li>\n<\/ul>\n<p>Uansett om du er en erfaren modellbygger eller en nybegynner, kan &#8216;Country Road&#8217; gi deg ekstra glede i modellbyggingen. Det legger til en ekstra dimensjon i landskapet ditt, noe som gir mer liv og realisme til dine modelljernbanescener.<\/p>\n<p>Ikke n\u00f8l med \u00e5 utvide ditt H0-modelljernbanelandskap med denne flotte &#8216;Country Road&#8217;. Kj\u00f8p her og start reisen mot et enda mer livaktig og detaljert modelljernbanelandskap.<\/p>","protected":false},"excerpt":{"rendered":"<p>Country Road&#8217; er en realistisk gr\u00e5 modellvei, perfekt for \u00e5 tilf\u00f8re detaljer og realisme til ditt H0-skala modelljernbanelandskap.<\/p>","protected":false},"featured_media":9089,"comment_status":"open","ping_status":"closed","template":"","meta":[],"product_brand":[109],"product_cat":[80],"product_tag":[],"class_list":{"0":"post-9090","1":"product","2":"type-product","3":"status-publish","4":"has-post-thumbnail","6":"product_brand-noch","7":"product_cat-noch-landskap-og-detaljer","9":"first","10":"instock","11":"taxable","12":"shipping-taxable","13":"purchasable","14":"product-type-simple"},"_links":{"self":[{"href":"https:\/\/bigfunhobby.com\/da\/wp-json\/wp\/v2\/product\/9090","targetHints":{"allow":["GET"]}}],"collection":[{"href":"https:\/\/bigfunhobby.com\/da\/wp-json\/wp\/v2\/product"}],"about":[{"href":"https:\/\/bigfunhobby.com\/da\/wp-json\/wp\/v2\/types\/product"}],"replies":[{"embeddable":true,"href":"https:\/\/bigfunhobby.com\/da\/wp-json\/wp\/v2\/comments?post=9090"}],"wp:featuredmedia":[{"embeddable":true,"href":"https:\/\/bigfunhobby.com\/da\/wp-json\/wp\/v2\/media\/9089"}],"wp:attachment":[{"href":"https:\/\/bigfunhobby.com\/da\/wp-json\/wp\/v2\/media?parent=9090"}],"wp:term":[{"taxonomy":"product_brand","embeddable":true,"href":"https:\/\/bigfunhobby.com\/da\/wp-json\/wp\/v2\/product_brand?post=9090"},{"taxonomy":"product_cat","embeddable":true,"href":"https:\/\/bigfunhobby.com\/da\/wp-json\/wp\/v2\/product_cat?post=9090"},{"taxonomy":"product_tag","embeddable":true,"href":"https:\/\/bigfunhobby.com\/da\/wp-json\/wp\/v2\/product_tag?post=9090"}],"curies":[{"name":"wp","href":"https:\/\/api.w.org\/{rel}","templated":true}]}}