{"id":9106,"date":"2025-03-08T17:21:07","date_gmt":"2025-03-08T17:21:07","guid":{"rendered":"https:\/\/bigfunhobby.com\/butikk\/lake-film-transparent\/"},"modified":"2025-12-04T11:01:16","modified_gmt":"2025-12-04T09:01:16","slug":"lake-film-transparent","status":"publish","type":"product","link":"https:\/\/bigfunhobby.com\/da\/butikk\/lake-film-transparent\/","title":{"rendered":"Lake Film, gennemsigtig"},"content":{"rendered":"<p>Er du p\u00e5 utkikk etter et materiale som kan gi modellene dine en realistisk vannoverflate? V\u00e5r Transparent Lake Film er et utmerket valg. Denne polyestertypen er designet for \u00e5 gi dine byggesett en naturtro effekt.<\/p>\n<p>Med m\u00e5lene 41 x 26 cm, passer denne Lake Film til en rekke forskjellige prosjekter. Uansett om du jobber med skalamodeller, treskipsmodeller eller modelljernbane, vil denne filmen gi deg det realistiske utseende du leter etter.<\/p>\n<ul>\n<li>Produktnavn: Lake Film, transparent<\/li>\n<li>M\u00e5l: 41 x 26 cm <\/li>\n<li>Passer til skalaer: G,1,0,H0,H0M,H0E,TT,N,Z<\/li>\n<li>Materiale: Polyester<\/li>\n<\/ul>\n<p>Mange entusiaster innen modellbygging og byggesett for voksne har allerede oppdaget fordelene med \u00e5 bruke Lake Film i sine prosjekter. Den er lett \u00e5 h\u00e5ndtere, og den realistiske effekten den gir, vil virkelig ta modellene dine til et nytt niv\u00e5.<\/p>\n<p>Gj\u00f8r som mange andre modellbyggere, og pr\u00f8v ut v\u00e5r Transparent Lake Film i ditt neste prosjekt. Du vil bli overrasket over hvor mye det bidrar til realismen i modellene dine. S\u00e5 ikke vent, bestill n\u00e5 og opplev forskjellen selv!<\/p>","protected":false},"excerpt":{"rendered":"<p>Transparent Lake Film er ideell for realistisk modellering av vannflater i forskjellige skalaer. Denne polyestertypen er lett \u00e5 bruke og gir en naturtro effekt.<\/p>","protected":false},"featured_media":9105,"comment_status":"open","ping_status":"closed","template":"","meta":[],"product_brand":[109],"product_cat":[80],"product_tag":[],"class_list":{"0":"post-9106","1":"product","2":"type-product","3":"status-publish","4":"has-post-thumbnail","6":"product_brand-noch","7":"product_cat-noch-landskap-og-detaljer","9":"first","10":"instock","11":"taxable","12":"shipping-taxable","13":"purchasable","14":"product-type-simple"},"_links":{"self":[{"href":"https:\/\/bigfunhobby.com\/da\/wp-json\/wp\/v2\/product\/9106","targetHints":{"allow":["GET"]}}],"collection":[{"href":"https:\/\/bigfunhobby.com\/da\/wp-json\/wp\/v2\/product"}],"about":[{"href":"https:\/\/bigfunhobby.com\/da\/wp-json\/wp\/v2\/types\/product"}],"replies":[{"embeddable":true,"href":"https:\/\/bigfunhobby.com\/da\/wp-json\/wp\/v2\/comments?post=9106"}],"wp:featuredmedia":[{"embeddable":true,"href":"https:\/\/bigfunhobby.com\/da\/wp-json\/wp\/v2\/media\/9105"}],"wp:attachment":[{"href":"https:\/\/bigfunhobby.com\/da\/wp-json\/wp\/v2\/media?parent=9106"}],"wp:term":[{"taxonomy":"product_brand","embeddable":true,"href":"https:\/\/bigfunhobby.com\/da\/wp-json\/wp\/v2\/product_brand?post=9106"},{"taxonomy":"product_cat","embeddable":true,"href":"https:\/\/bigfunhobby.com\/da\/wp-json\/wp\/v2\/product_cat?post=9106"},{"taxonomy":"product_tag","embeddable":true,"href":"https:\/\/bigfunhobby.com\/da\/wp-json\/wp\/v2\/product_tag?post=9106"}],"curies":[{"name":"wp","href":"https:\/\/api.w.org\/{rel}","templated":true}]}}