{"id":9108,"date":"2025-03-08T17:21:08","date_gmt":"2025-03-08T17:21:08","guid":{"rendered":"https:\/\/bigfunhobby.com\/butikk\/water-drops-easy\/"},"modified":"2025-12-04T11:01:16","modified_gmt":"2025-12-04T09:01:16","slug":"vanddraber-let","status":"publish","type":"product","link":"https:\/\/bigfunhobby.com\/da\/butikk\/water-drops-easy\/","title":{"rendered":"Water-Drops\u00ae \"let\""},"content":{"rendered":"<p>Vil du v\u00e6kke dine modeller til live med realistiske vandscener? Water-Drops\u00ae 'easy' er den l\u00f8sning, du har ledt efter. Det er et produkt, der giver dig mulighed for at skabe utroligt realistiske vandoverflader, uanset om det er s\u00f8er, floder, damme eller oceaner p\u00e5 dine modeljernbaner, plastmodeller og tr\u00e6skibsmodeller.<\/p>\n<p>Water-Drops\u00ae 'easy' er kompatibel med alle de mest popul\u00e6re skalaer, herunder G, 1.0, H0, H0M, H0E, TT, N, Z. Det giver dig fleksibilitet til at bruge produktet p\u00e5 tv\u00e6rs af forskellige projekter og modeller.<\/p>\n<ul>\n<li><b>Produkt: <\/b>Water-Drops\u00ae \"let\"<\/li>\n<li><b>V\u00e6gt: <\/b>150 gram<\/li>\n<li><b>Kompatible v\u00e6gte: <\/b>G, 1,0, H0, H0M, H0E, TT, N, Z<\/li>\n<\/ul>\n<p>Modellering har l\u00e6nge v\u00e6ret en popul\u00e6r hobby blandt b\u00e5de voksne og b\u00f8rn, og med Water-Drops\u00ae 'easy' kan du tage dine projekter til det n\u00e6ste niveau. Uanset om du er en erfaren modelbygger eller lige er begyndt, vil dette produkt tilf\u00f8je et ekstra lag af realisme til dit arbejde.<\/p>\n<p>T\u00f8v ikke med at udforske modelleringens verden. Med Water-Drops\u00ae 'easy' kan du skabe imponerende og realistiske vandscener, som giver liv til dine modeller. <b>Book nu<\/b> og tag dine modelleringsprojekter til nye h\u00f8jder!<\/p>","protected":false},"excerpt":{"rendered":"<p>Water-Drops\u00ae \"easy\" er en fantastisk l\u00f8sning til modelbyggerentusiaster, der vil skabe realistiske vandscener p\u00e5 modeljernbaner, plastmodeller og tr\u00e6skibsmodeller. Perfekt til alle skalaer.<\/p>","protected":false},"featured_media":9107,"comment_status":"open","ping_status":"closed","template":"","meta":[],"product_brand":[109],"product_cat":[80],"product_tag":[],"class_list":{"0":"post-9108","1":"product","2":"type-product","3":"status-publish","4":"has-post-thumbnail","6":"product_brand-noch","7":"product_cat-noch-landskap-og-detaljer","9":"first","10":"instock","11":"taxable","12":"shipping-taxable","13":"purchasable","14":"product-type-simple"},"_links":{"self":[{"href":"https:\/\/bigfunhobby.com\/da\/wp-json\/wp\/v2\/product\/9108","targetHints":{"allow":["GET"]}}],"collection":[{"href":"https:\/\/bigfunhobby.com\/da\/wp-json\/wp\/v2\/product"}],"about":[{"href":"https:\/\/bigfunhobby.com\/da\/wp-json\/wp\/v2\/types\/product"}],"replies":[{"embeddable":true,"href":"https:\/\/bigfunhobby.com\/da\/wp-json\/wp\/v2\/comments?post=9108"}],"wp:featuredmedia":[{"embeddable":true,"href":"https:\/\/bigfunhobby.com\/da\/wp-json\/wp\/v2\/media\/9107"}],"wp:attachment":[{"href":"https:\/\/bigfunhobby.com\/da\/wp-json\/wp\/v2\/media?parent=9108"}],"wp:term":[{"taxonomy":"product_brand","embeddable":true,"href":"https:\/\/bigfunhobby.com\/da\/wp-json\/wp\/v2\/product_brand?post=9108"},{"taxonomy":"product_cat","embeddable":true,"href":"https:\/\/bigfunhobby.com\/da\/wp-json\/wp\/v2\/product_cat?post=9108"},{"taxonomy":"product_tag","embeddable":true,"href":"https:\/\/bigfunhobby.com\/da\/wp-json\/wp\/v2\/product_tag?post=9108"}],"curies":[{"name":"wp","href":"https:\/\/api.w.org\/{rel}","templated":true}]}}