{"id":9112,"date":"2025-03-08T17:21:11","date_gmt":"2025-03-08T17:21:11","guid":{"rendered":"https:\/\/bigfunhobby.com\/butikk\/foam-spume\/"},"modified":"2025-12-04T11:01:16","modified_gmt":"2025-12-04T09:01:16","slug":"skumsprojt","status":"publish","type":"product","link":"https:\/\/bigfunhobby.com\/da\/butikk\/foam-spume\/","title":{"rendered":"Skum og spr\u00f8jt"},"content":{"rendered":"<p>Uanset om du er nybegynder eller erfaren modelbygger, vil du s\u00e6tte pris p\u00e5 kvaliteten og alsidigheden i Foam &amp; Spume. Dette er en 30 ml skum- og sprayopl\u00f8sning, der er ideel til at tilf\u00f8je realistiske effekter til dine bygges\u00e6t og modelleringshobbyprojekter.<\/p>\n<ul>\n<li>Produktnavn: Skum og damp<\/li>\n<li>Volumen: 30 ml<\/li>\n<li>Kompatibilitet: Velegnet til G,1,0,H0,H0M,H0E,TT,N,Z-modeller<\/li>\n<\/ul>\n<p>Foam &amp; Spume er fremstillet af materialer af h\u00f8j kvalitet for at sikre, at det er holdbart og velegnet til alle typer modellering, herunder plastmodeller, tr\u00e6skibe, modeljernbaner og fjernstyrede k\u00f8ret\u00f8jer.<\/p>\n<p>Historisk set har dygtige modelbyggere altid s\u00f8gt efter det bedste udstyr til at forbedre deres kreationer. Foam &amp; Spume f\u00f8lger denne tradition ved at tilbyde det, du skal bruge for at tage dine modelleringsprojekter til det n\u00e6ste niveau.<\/p>\n<p>S\u00e5 uanset om du arbejder p\u00e5 et bygges\u00e6t i tr\u00e6, en plastikmodel, en modeljernbane eller et fjernstyret k\u00f8ret\u00f8j, vil Foam &amp; Spume give dig det realistiske udseende, du leder efter. Vent ikke, forbedr dine modelprojekter i dag. K\u00f8b Foam &amp; Spume nu!<\/p>","protected":false},"excerpt":{"rendered":"<p>Foam &amp; Spume er en p\u00e5lidelig skum- og sprayl\u00f8sning til modelbygning, perfekt til b\u00e5de begyndere og erfarne entusiaster.<\/p>","protected":false},"featured_media":9111,"comment_status":"open","ping_status":"closed","template":"","meta":[],"product_brand":[109],"product_cat":[80],"product_tag":[],"class_list":{"0":"post-9112","1":"product","2":"type-product","3":"status-publish","4":"has-post-thumbnail","6":"product_brand-noch","7":"product_cat-noch-landskap-og-detaljer","9":"first","10":"instock","11":"taxable","12":"shipping-taxable","13":"purchasable","14":"product-type-simple"},"_links":{"self":[{"href":"https:\/\/bigfunhobby.com\/da\/wp-json\/wp\/v2\/product\/9112","targetHints":{"allow":["GET"]}}],"collection":[{"href":"https:\/\/bigfunhobby.com\/da\/wp-json\/wp\/v2\/product"}],"about":[{"href":"https:\/\/bigfunhobby.com\/da\/wp-json\/wp\/v2\/types\/product"}],"replies":[{"embeddable":true,"href":"https:\/\/bigfunhobby.com\/da\/wp-json\/wp\/v2\/comments?post=9112"}],"wp:featuredmedia":[{"embeddable":true,"href":"https:\/\/bigfunhobby.com\/da\/wp-json\/wp\/v2\/media\/9111"}],"wp:attachment":[{"href":"https:\/\/bigfunhobby.com\/da\/wp-json\/wp\/v2\/media?parent=9112"}],"wp:term":[{"taxonomy":"product_brand","embeddable":true,"href":"https:\/\/bigfunhobby.com\/da\/wp-json\/wp\/v2\/product_brand?post=9112"},{"taxonomy":"product_cat","embeddable":true,"href":"https:\/\/bigfunhobby.com\/da\/wp-json\/wp\/v2\/product_cat?post=9112"},{"taxonomy":"product_tag","embeddable":true,"href":"https:\/\/bigfunhobby.com\/da\/wp-json\/wp\/v2\/product_tag?post=9112"}],"curies":[{"name":"wp","href":"https:\/\/api.w.org\/{rel}","templated":true}]}}