{"id":9116,"date":"2025-03-08T17:21:13","date_gmt":"2025-03-08T17:21:13","guid":{"rendered":"https:\/\/bigfunhobby.com\/butikk\/aqua-effects\/"},"modified":"2025-12-04T11:01:16","modified_gmt":"2025-12-04T09:01:16","slug":"aqua-effekter","status":"publish","type":"product","link":"https:\/\/bigfunhobby.com\/da\/butikk\/aqua-effects\/","title":{"rendered":"Aqua effekter"},"content":{"rendered":"<p>Aqua Effects er den ideelle l\u00f8sning til at give dine models\u00e6t liv. Uanset om du arbejder p\u00e5 en plastikmodel, et skibss\u00e6t i tr\u00e6 eller en modeljernbane, er dette produkt designet til at give dig mulighed for at tilf\u00f8je en r\u00e6kke realistiske vand- og vejreffekter.<\/p>\n<p><strong>Specifikationer:<\/strong><\/p>\n<ul>\n<li>Produkt: Aqua Effects<\/li>\n<li>Volumen: 125 ml<\/li>\n<li>Passer til: G,1,0,H0,H0M,H0E,TT,N,Z-modeller<\/li>\n<\/ul>\n<p>Der er ingen gr\u00e6nser for, hvad du kan opn\u00e5 med Aqua Effects. Brug det til at skabe alt fra skummende b\u00f8lger p\u00e5 en tr\u00e6skibsmodel til regndr\u00e5ber p\u00e5 et modeljernbanelokomotiv. Med dette produkt kan du skabe detaljerede og realistiske milj\u00f8er, som vil imponere b\u00e5de dig selv og andre modelbyggere.<\/p>\n<p>Uanset om du er ny inden for modellering eller en erfaren entusiast, er Aqua Effects let at bruge og kan hj\u00e6lpe dig med at tage dine s\u00e6t til det n\u00e6ste niveau.<\/p>\n<p>S\u00e5 hvorfor vente? Tag din modellering et skridt videre med Aqua Effects. <strong>Book nu<\/strong> og begynd at udforske de utallige muligheder, som dette produkt giver dig.<\/p>","protected":false},"excerpt":{"rendered":"<p>Aqua Effects er en vigtig detaljeforst\u00e6rker for modelbyggere, perfekt til at tilf\u00f8je realistiske vand- og vejreffekter til dine bygges\u00e6t.<\/p>","protected":false},"featured_media":9115,"comment_status":"open","ping_status":"closed","template":"","meta":[],"product_brand":[109],"product_cat":[80],"product_tag":[],"class_list":{"0":"post-9116","1":"product","2":"type-product","3":"status-publish","4":"has-post-thumbnail","6":"product_brand-noch","7":"product_cat-noch-landskap-og-detaljer","9":"first","10":"instock","11":"taxable","12":"shipping-taxable","13":"purchasable","14":"product-type-simple"},"_links":{"self":[{"href":"https:\/\/bigfunhobby.com\/da\/wp-json\/wp\/v2\/product\/9116","targetHints":{"allow":["GET"]}}],"collection":[{"href":"https:\/\/bigfunhobby.com\/da\/wp-json\/wp\/v2\/product"}],"about":[{"href":"https:\/\/bigfunhobby.com\/da\/wp-json\/wp\/v2\/types\/product"}],"replies":[{"embeddable":true,"href":"https:\/\/bigfunhobby.com\/da\/wp-json\/wp\/v2\/comments?post=9116"}],"wp:featuredmedia":[{"embeddable":true,"href":"https:\/\/bigfunhobby.com\/da\/wp-json\/wp\/v2\/media\/9115"}],"wp:attachment":[{"href":"https:\/\/bigfunhobby.com\/da\/wp-json\/wp\/v2\/media?parent=9116"}],"wp:term":[{"taxonomy":"product_brand","embeddable":true,"href":"https:\/\/bigfunhobby.com\/da\/wp-json\/wp\/v2\/product_brand?post=9116"},{"taxonomy":"product_cat","embeddable":true,"href":"https:\/\/bigfunhobby.com\/da\/wp-json\/wp\/v2\/product_cat?post=9116"},{"taxonomy":"product_tag","embeddable":true,"href":"https:\/\/bigfunhobby.com\/da\/wp-json\/wp\/v2\/product_tag?post=9116"}],"curies":[{"name":"wp","href":"https:\/\/api.w.org\/{rel}","templated":true}]}}