{"id":9130,"date":"2025-03-08T17:21:22","date_gmt":"2025-03-08T17:21:22","guid":{"rendered":"https:\/\/bigfunhobby.com\/butikk\/landscaping-aluminium-wire-mesh-xl\/"},"modified":"2025-12-04T11:01:17","modified_gmt":"2025-12-04T09:01:17","slug":"landskabspleje-med-tradnet-af-aluminium-xl","status":"publish","type":"product","link":"https:\/\/bigfunhobby.com\/da\/butikk\/landscaping-aluminium-wire-mesh-xl\/","title":{"rendered":"Landskabspleje med tr\u00e5dnet af aluminium XL"},"content":{"rendered":"<p>Vil du tage din modelbygning til n\u00e6ste niveau? Med Landscaping Aluminium Wire Mesh XL kan du skabe realistiske landskaber til modeljernbaner, plastikmodeller og meget mere. Det er et uundv\u00e6rligt v\u00e6rkt\u00f8j for b\u00e5de begyndere og erfarne modelbyggere.<\/p>\n<p><b>Specifikationer:<\/b><\/p>\n<ul>\n<li>St\u00f8rrelse: 100 x 75 cm<\/li>\n<li>Materiale: Aluminium<\/li>\n<li>Emballage: Foldet pose<\/li>\n<li>Skala: G,1,0,H0,H0M,H0E,TT,N,Z<\/li>\n<\/ul>\n<p>Landscaping Aluminium Wire Mesh XL er fremstillet af aluminium i h\u00f8j kvalitet, hvilket sikrer lang levetid og holdbarhed. Aluminiumsmaterialet er let, men st\u00e6rkt og kan nemt formes til den \u00f8nskede form. Det giver dig frihed til at skabe komplekse og detaljerede landskaber til dine models\u00e6t.<\/p>\n<p>Dette produkt har en historie med at v\u00e6re en betroet hj\u00e6lper for modelbyggere over hele verden. Det er det foretrukne valg for mange entusiaster, n\u00e5r det drejer sig om landskabspleje.<\/p>\n<p>Vent ikke l\u00e6ngere, men tag din modelbygning til nye h\u00f8jder med Landscaping Aluminium Wire Mesh XL. Uanset om du bygger en modeljernbane, en plastikmodel eller en tr\u00e6skibsmodel, vil dette produkt hj\u00e6lpe dig med at skabe et realistisk landskab, som vil imponere alle, der ser det. <b>K\u00f8b her og start dit n\u00e6ste modelleringsprojekt!<\/b><\/p>","protected":false},"excerpt":{"rendered":"<p>Landscaping Aluminium Wire Mesh XL er et ideelt v\u00e6rkt\u00f8j til modelbygning og landskabspleje. Dette produkt hj\u00e6lper b\u00e5de begyndere og erfarne modelbyggere med at skabe realistiske og detaljerede landskaber.<\/p>","protected":false},"featured_media":9129,"comment_status":"open","ping_status":"closed","template":"","meta":[],"product_brand":[109],"product_cat":[80],"product_tag":[],"class_list":{"0":"post-9130","1":"product","2":"type-product","3":"status-publish","4":"has-post-thumbnail","6":"product_brand-noch","7":"product_cat-noch-landskap-og-detaljer","9":"first","10":"instock","11":"taxable","12":"shipping-taxable","13":"purchasable","14":"product-type-simple"},"_links":{"self":[{"href":"https:\/\/bigfunhobby.com\/da\/wp-json\/wp\/v2\/product\/9130","targetHints":{"allow":["GET"]}}],"collection":[{"href":"https:\/\/bigfunhobby.com\/da\/wp-json\/wp\/v2\/product"}],"about":[{"href":"https:\/\/bigfunhobby.com\/da\/wp-json\/wp\/v2\/types\/product"}],"replies":[{"embeddable":true,"href":"https:\/\/bigfunhobby.com\/da\/wp-json\/wp\/v2\/comments?post=9130"}],"wp:featuredmedia":[{"embeddable":true,"href":"https:\/\/bigfunhobby.com\/da\/wp-json\/wp\/v2\/media\/9129"}],"wp:attachment":[{"href":"https:\/\/bigfunhobby.com\/da\/wp-json\/wp\/v2\/media?parent=9130"}],"wp:term":[{"taxonomy":"product_brand","embeddable":true,"href":"https:\/\/bigfunhobby.com\/da\/wp-json\/wp\/v2\/product_brand?post=9130"},{"taxonomy":"product_cat","embeddable":true,"href":"https:\/\/bigfunhobby.com\/da\/wp-json\/wp\/v2\/product_cat?post=9130"},{"taxonomy":"product_tag","embeddable":true,"href":"https:\/\/bigfunhobby.com\/da\/wp-json\/wp\/v2\/product_tag?post=9130"}],"curies":[{"name":"wp","href":"https:\/\/api.w.org\/{rel}","templated":true}]}}