{"id":9154,"date":"2025-03-08T17:21:33","date_gmt":"2025-03-08T17:21:33","guid":{"rendered":"https:\/\/bigfunhobby.com\/butikk\/12011-fram-185\/"},"modified":"2026-04-11T16:40:16","modified_gmt":"2026-04-11T14:40:16","slug":"12011-ramme-185","status":"publish","type":"product","link":"https:\/\/bigfunhobby.com\/da\/butikk\/12011-fram-185\/","title":{"rendered":"12011 - FRONT 1:85"},"content":{"rendered":"<p>Dette er et s\u00e6t af det ber\u00f8mte polarforskningsskib Fram, specielt designet til dem, der elsker detaljeret modellering. Fram er kendt som et af de h\u00e5rdeste og mest ikoniske skibe i den arktiske og antarktiske udforsknings historie. Med dette s\u00e6t kan du genopleve skibets historie og udforske dets unikke design.<\/p>\n<p><strong>Specifikationer:<\/strong><\/p>\n\n\n<p><\/p>\n\n\n\n<h2 class=\"wp-block-heading\">Teknisk datablad Framskip-model<\/h2>\n\n\n\n<p><strong>Skala<\/strong>: 1\/85<br><strong>Bredde<\/strong>: 205 mm<br><strong>H\u00f8jde<\/strong>: 441 mm<br><strong>L\u00e6ngde<\/strong>: 586 mm<br><br>Inkluderer specialst\u00f8bt plade med b\u00e5dens navn.<br>Inkluderer grundl\u00e6ggende designst\u00f8tte.<br><\/p>\n\n\n\n<p>Trin for trin\u00a0<a href=\"https:\/\/www.youtube.com\/playlist?list=PLrPwa5r7zKUyi17kRgqczVOoipZkGg1L7\" target=\"_blank\" rel=\"noopener\">Video-tutorials<\/a>.<\/p>\n\n\n\n<ul class=\"wp-block-list\">\n<li>Instruktioner p\u00e5 5 sprog.<\/li>\n\n\n\n<li>Trin-for-trin HD-billeder.<\/li>\n\n\n\n<li>Reservedelsliste med m\u00e5l og materialer.<\/li>\n\n\n\n<li>IP-fane til at identificere dele<\/li>\n\n\n\n<li>Planer i m\u00e5lestok.<\/li>\n\n\n\n<li>Model af h\u00f8j kvalitet.<\/li>\n\n\n\n<li>Livstidsgaranti.<\/li>\n<\/ul>\n\n\n\n<p>Gengivelsen af modellen er&nbsp;<strong>tro mod originalerne<\/strong>. Vores kit-modeller&nbsp;<strong>giver alle de n\u00f8dvendige elementer<\/strong>&nbsp;for at g\u00f8re modellen af skibet \u00e6gte, helt ned til de mest specifikke s\u00f8fartsdetaljer, man kan forestille sig.<\/p>\n\n\n\n<h2 class=\"wp-block-heading\">Fram-skibets historie<\/h2>\n\n\n\n<p><strong>Framskipet<\/strong>&nbsp;var et fremtr\u00e6dende norsk skib, der var designet til at modst\u00e5 de ekstreme forhold i&nbsp;<strong>Polarekspeditioner<\/strong>&nbsp;i slutningen af det nittende \u00e5rhundrede. Skibet blev bygget i 1892, og dets forst\u00e6rkede design gjorde det i stand til at vove sig ind i de ug\u00e6stfrie omr\u00e5der i Arktis og Antarktis. Under kommando af den ber\u00f8mte&nbsp;<strong>Fridtjof Nansen<\/strong>&nbsp;Fram n\u00e5ede breddegrader, der aldrig f\u00f8r var blevet udforsket, og var n\u00f8glen til at finde nye ruter gennem isen. Skibet deltog senere i opdagelsesrejsendes ekspeditioner&nbsp;<strong>Otto Sverdrup<\/strong>der kortlagde uudforskede omr\u00e5der i det nordlige Canada, og den legendariske&nbsp;<strong>Roald Amundsen<\/strong>som med hans hj\u00e6lp blev den f\u00f8rste mand til at n\u00e5&nbsp;<strong>Sydpolen<\/strong>&nbsp;i 1911.<\/p>\n\n\n\n<p>Takket v\u00e6re dens&nbsp;<strong>Fram er anerkendt som et af de mest ber\u00f8mte polarforskningsskibe i historien.<\/strong>.<\/p>\n\n\n\n<h2 class=\"wp-block-heading\">Her kan du se Fram-skibet: Fram-skibsmuseet i Oslo<\/h2>\n\n\n\n<p>I dag er det&nbsp;<strong>historiske Framskipet<\/strong>et symbol p\u00e5 de store norske polarekspeditioner,&nbsp;<strong>placeret i Fram-museet i Oslo<\/strong>Det er et af de mest bes\u00f8gte og anerkendte museer i byen. Dette prestigefyldte museum er et must for rejsende, der er interesseret i polarforskning og s\u00f8fartshistorie, og det tilbyder en unik oplevelse, der kombinerer detaljeret information, fordybende udstillinger og muligheden for at se n\u00e6rmere p\u00e5 det modstandsdygtige skib, der trodsede isen i Arktis og Antarktis.<\/p>\n\n\n\n<p><strong>Frammuseet er blevet et globalt vartegn<\/strong>og afspejler arven fra eventyrere som Fridtjof Nansen og Roald Amundsen, hvis pr\u00e6stationer&nbsp;<strong>hjulpet med at udvide kendskabet til de mest afsidesliggende omr\u00e5der p\u00e5 planeten<\/strong>.<\/p>\n\n\n\n<p>Med den nye&nbsp;<strong>P\u00e5 forsiden<\/strong>&nbsp;Med OcCres b\u00e5dmodelleringss\u00e6t kan du genskabe dette ikoniske stykke polarforskning p\u00e5 trov\u00e6rdig vis.<strong><\/strong>&nbsp;Nyd en unik oplevelse, der hylder et skib, som har sat sit pr\u00e6g p\u00e5 historien, og som fortsat inspirerer alle, der bes\u00f8ger Fram-museet i Oslo.<\/p>","protected":false},"excerpt":{"rendered":"<p>Models\u00e6t af det ikoniske polarforskningsskib Fram i skala 1:85. Perfekt til b\u00e5de begyndere og erfarne modelbyggere.<\/p>","protected":false},"featured_media":9153,"comment_status":"open","ping_status":"closed","template":"","meta":[],"product_brand":[95],"product_cat":[67],"product_tag":[],"class_list":{"0":"post-9154","1":"product","2":"type-product","3":"status-publish","4":"has-post-thumbnail","6":"product_brand-occre","7":"product_cat-bater-occre","9":"first","10":"instock","11":"taxable","12":"shipping-taxable","13":"purchasable","14":"product-type-simple"},"_links":{"self":[{"href":"https:\/\/bigfunhobby.com\/da\/wp-json\/wp\/v2\/product\/9154","targetHints":{"allow":["GET"]}}],"collection":[{"href":"https:\/\/bigfunhobby.com\/da\/wp-json\/wp\/v2\/product"}],"about":[{"href":"https:\/\/bigfunhobby.com\/da\/wp-json\/wp\/v2\/types\/product"}],"replies":[{"embeddable":true,"href":"https:\/\/bigfunhobby.com\/da\/wp-json\/wp\/v2\/comments?post=9154"}],"wp:featuredmedia":[{"embeddable":true,"href":"https:\/\/bigfunhobby.com\/da\/wp-json\/wp\/v2\/media\/9153"}],"wp:attachment":[{"href":"https:\/\/bigfunhobby.com\/da\/wp-json\/wp\/v2\/media?parent=9154"}],"wp:term":[{"taxonomy":"product_brand","embeddable":true,"href":"https:\/\/bigfunhobby.com\/da\/wp-json\/wp\/v2\/product_brand?post=9154"},{"taxonomy":"product_cat","embeddable":true,"href":"https:\/\/bigfunhobby.com\/da\/wp-json\/wp\/v2\/product_cat?post=9154"},{"taxonomy":"product_tag","embeddable":true,"href":"https:\/\/bigfunhobby.com\/da\/wp-json\/wp\/v2\/product_tag?post=9154"}],"curies":[{"name":"wp","href":"https:\/\/api.w.org\/{rel}","templated":true}]}}