{"id":9162,"date":"2025-03-08T17:21:36","date_gmt":"2025-03-08T17:21:36","guid":{"rendered":"https:\/\/bigfunhobby.com\/butikk\/mar-60883-l-88-link-s-88\/"},"modified":"2025-12-04T11:01:19","modified_gmt":"2025-12-04T09:01:19","slug":"mar-60883-l-88-link-s-88","status":"publish","type":"product","link":"https:\/\/bigfunhobby.com\/da\/butikk\/mar-60883-l-88-link-s-88\/","title":{"rendered":"MAR-60883 L 88 (Link s 88)"},"content":{"rendered":"<p>For alle modelljernbaneentusiaster, presenterer vi MAR-60883 L 88 (Link s 88). Denne enheten tillater tilkoblinger for s88 (60881) og s88 DC (60882), samt de eldre s88 tilbakemeldingsmodulene (6088 og 60880) til Sentralstasjon II og Sentralstasjon 3. Perfekt for de som s\u00f8ker n\u00f8yaktighet og presisjon i sin modelljernbanekontroll.<\/p>\n<p>Enheten har en eldre designkontakt for 6088 og 60880 tilbakemeldingsmodulene, samt to RJ45-kontakter for de nye 60881 og 60882 tilbakemeldingsmodulene. I tillegg er det 16 innganger for kontaktskapere (jorddetektorer som 60881). Disse 16 inngangene kan spesialkonfigureres for sporplansstyringsbrett, slik at en matrise med opptil 64 knapper kan opprettes.<\/p>\n<p><strong>Specifikationer<\/strong><\/p>\n<ul>\n<li>Tilkoblinger for s88 (60881) og s88 DC (60882)<\/li>\n<li>Kan kobles til eldre s88 tilbakemeldingsmoduler (6088 og 60880)<\/li>\n<li>To RJ45-kontakter for nye 60881 og 60882 tilbakemeldingsmoduler<\/li>\n<li>16 innganger for kontaktskapere (jorddetektorer som 60881)<\/li>\n<li>Settskrueterminaler for alle tilkoblinger<\/li>\n<\/ul>\n<p>En 66360\/66201 str\u00f8mforsyning er n\u00f8dvendig for driften av denne enheten.<\/p>\n<p>Enten du er en erfaren modelljernbanebygger eller en nybegynner, kan MAR-60883 L 88 (Link s 88) gi deg den presisjonen og kontrollen du trenger for \u00e5 ta hobbyen din til neste niv\u00e5. Kj\u00f8p n\u00e5 og opplev forskjellen selv.<\/p>","protected":false},"excerpt":{"rendered":"<p>MAR-60883 L 88 (Link s 88) er en enhet for tilkobling av forskjellige tilbakemeldingsmoduler til Sentralstasjon II og Sentralstasjon 3, optimal for modelljernbaneentusiaster som s\u00f8ker presis sporstyring.<\/p>","protected":false},"featured_media":9161,"comment_status":"open","ping_status":"closed","template":"","meta":[],"product_brand":[107],"product_cat":[72],"product_tag":[],"class_list":{"0":"post-9162","1":"product","2":"type-product","3":"status-publish","4":"has-post-thumbnail","6":"product_brand-marklin","7":"product_cat-marklin-h0-originalen","9":"first","10":"instock","11":"taxable","12":"shipping-taxable","13":"purchasable","14":"product-type-simple"},"_links":{"self":[{"href":"https:\/\/bigfunhobby.com\/da\/wp-json\/wp\/v2\/product\/9162","targetHints":{"allow":["GET"]}}],"collection":[{"href":"https:\/\/bigfunhobby.com\/da\/wp-json\/wp\/v2\/product"}],"about":[{"href":"https:\/\/bigfunhobby.com\/da\/wp-json\/wp\/v2\/types\/product"}],"replies":[{"embeddable":true,"href":"https:\/\/bigfunhobby.com\/da\/wp-json\/wp\/v2\/comments?post=9162"}],"wp:featuredmedia":[{"embeddable":true,"href":"https:\/\/bigfunhobby.com\/da\/wp-json\/wp\/v2\/media\/9161"}],"wp:attachment":[{"href":"https:\/\/bigfunhobby.com\/da\/wp-json\/wp\/v2\/media?parent=9162"}],"wp:term":[{"taxonomy":"product_brand","embeddable":true,"href":"https:\/\/bigfunhobby.com\/da\/wp-json\/wp\/v2\/product_brand?post=9162"},{"taxonomy":"product_cat","embeddable":true,"href":"https:\/\/bigfunhobby.com\/da\/wp-json\/wp\/v2\/product_cat?post=9162"},{"taxonomy":"product_tag","embeddable":true,"href":"https:\/\/bigfunhobby.com\/da\/wp-json\/wp\/v2\/product_tag?post=9162"}],"curies":[{"name":"wp","href":"https:\/\/api.w.org\/{rel}","templated":true}]}}