{"id":9170,"date":"2025-03-08T17:21:39","date_gmt":"2025-03-08T17:21:39","guid":{"rendered":"https:\/\/bigfunhobby.com\/butikk\/gauge-ho-metropolitan-express-train-met-train-set-limited-edition-26931\/"},"modified":"2025-12-04T11:01:19","modified_gmt":"2025-12-04T09:01:19","slug":"gauge-ho-metropolitan-express-train-met-togsaet-limited-edition-26931","status":"publish","type":"product","link":"https:\/\/bigfunhobby.com\/da\/butikk\/gauge-ho-metropolitan-express-train-met-train-set-limited-edition-26931\/","title":{"rendered":"GAUGE-HO Metropolitan Express Train (MET) togs\u00e6t LIMITED EDITION 26931"},"content":{"rendered":"<p>L\u00e6r vores eksklusive GAUGE-HO Metropolitan Express Train (MET)-s\u00e6t at kende. Dette s\u00e6t er en verdensomsp\u00e6ndende limited edition med kun 2500 togs\u00e6t til r\u00e5dighed. Med en skala p\u00e5 1:87 tager denne model din modeljernbaneoplevelse til et nyt niveau.<\/p>\n<p><strong>Historie:<\/strong> Denne model er en n\u00f8jagtig gengivelse af det MET-togs\u00e6t, der blev brugt p\u00e5 ruten Hamborg - K\u00f6ln med mellemstop i Essen og D\u00fcsseldorf mellem august 1999 og september 2001. Toget best\u00e5r af et ekspreslokomotiv af klasse 101 og en r\u00e6kke forskellige vogne, som alle er malet i s\u00f8lvgr\u00e5t med \"Metropolitan\"-logoer.<\/p>\n<p><strong>Specifikationer:<\/strong> Ekspreslokomotivet er udstyret med en mfx+ digital dekoder og omfattende lydfunktioner, mens f\u00f8rerhuset har fabriksmonteret indirekte LED-belysning. Lyset kan d\u00e6mpes og styres digitalt ved hj\u00e6lp af en dekoder i f\u00f8rerhuset. Der er ogs\u00e5 bufferkondensatorer til at klare kortvarige str\u00f8mafbrydelser. Hele toget har en samlet l\u00e6ngde p\u00e5 ca. 236 cm.<\/p>\n<p><strong>Materialer:<\/strong> Med detaljeret flerfarvet interi\u00f8rmodellering og vedligeholdelsesfri varmhvide og r\u00f8de LED-lys til belysning giver dette modeljernbanes\u00e6t en realistisk og autentisk oplevelse. Alle vogne er forbundet med en 4-leder str\u00f8mforbindelse, og der er en 2-leder str\u00f8mforbindelse mellem lokomotivet og vogn 1.<\/p>\n<p>GAUGE-HO Metropolitan Express Train (MET)-s\u00e6ttet er en fantastisk tilf\u00f8jelse til b\u00e5de begyndere og erfarne modelbyggere. Med sin unikke detaljeringsgrad og kvalitet kan dette s\u00e6t blive h\u00f8jdepunktet i din modeljernbanesamling. G\u00e5 ikke glip af denne sj\u00e6ldne mulighed - bestil dit s\u00e6t i dag!<\/p>","protected":false},"excerpt":{"rendered":"<p>GAUGE-HO Metropolitan Express Train (MET) er et unikt modeljernbanes\u00e6t i begr\u00e6nset oplag, fremstillet i skala 1:87, med detaljeret interi\u00f8r, LED-belysning og avancerede digitale funktioner.<\/p>","protected":false},"featured_media":9169,"comment_status":"open","ping_status":"closed","template":"","meta":[],"product_brand":[107],"product_cat":[72],"product_tag":[],"class_list":{"0":"post-9170","1":"product","2":"type-product","3":"status-publish","4":"has-post-thumbnail","6":"product_brand-marklin","7":"product_cat-marklin-h0-originalen","9":"first","10":"instock","11":"taxable","12":"shipping-taxable","13":"purchasable","14":"product-type-simple"},"_links":{"self":[{"href":"https:\/\/bigfunhobby.com\/da\/wp-json\/wp\/v2\/product\/9170","targetHints":{"allow":["GET"]}}],"collection":[{"href":"https:\/\/bigfunhobby.com\/da\/wp-json\/wp\/v2\/product"}],"about":[{"href":"https:\/\/bigfunhobby.com\/da\/wp-json\/wp\/v2\/types\/product"}],"replies":[{"embeddable":true,"href":"https:\/\/bigfunhobby.com\/da\/wp-json\/wp\/v2\/comments?post=9170"}],"wp:featuredmedia":[{"embeddable":true,"href":"https:\/\/bigfunhobby.com\/da\/wp-json\/wp\/v2\/media\/9169"}],"wp:attachment":[{"href":"https:\/\/bigfunhobby.com\/da\/wp-json\/wp\/v2\/media?parent=9170"}],"wp:term":[{"taxonomy":"product_brand","embeddable":true,"href":"https:\/\/bigfunhobby.com\/da\/wp-json\/wp\/v2\/product_brand?post=9170"},{"taxonomy":"product_cat","embeddable":true,"href":"https:\/\/bigfunhobby.com\/da\/wp-json\/wp\/v2\/product_cat?post=9170"},{"taxonomy":"product_tag","embeddable":true,"href":"https:\/\/bigfunhobby.com\/da\/wp-json\/wp\/v2\/product_tag?post=9170"}],"curies":[{"name":"wp","href":"https:\/\/api.w.org\/{rel}","templated":true}]}}