{"id":9178,"date":"2025-03-08T17:21:42","date_gmt":"2025-03-08T17:21:42","guid":{"rendered":"https:\/\/bigfunhobby.com\/butikk\/12012-cisne-negro-black-swan\/"},"modified":"2026-03-03T12:26:28","modified_gmt":"2026-03-03T10:26:28","slug":"12012-cisne-negro-sort-svane","status":"publish","type":"product","link":"https:\/\/bigfunhobby.com\/da\/butikk\/12012-cisne-negro-black-swan\/","title":{"rendered":"12012- Cisne Negro (Sort svane)"},"content":{"rendered":"<p>Dyk ned i historien med vores tr\u00e6skibsmodel '12012- Cisne Negro'. Dette s\u00e6t giver dig mulighed for at bygge en n\u00f8jagtig kopi af det berygtede piratskib 'Black Swan'. Med sin elegance og frygtindgydende tilstedev\u00e6relse p\u00e5 havet blev skibet en legende, der var frygtet af b\u00e5de pirater og handelsfolk.<\/p>\n<p>Produktspecifikationer:<\/p>\n<ul>\n<li>Model: CISNE NEGRO<\/li>\n<li>Produktkode: 12012<\/li>\n<li>EAN-kode: 8436032429014<\/li>\n<li>Skala: 1\/75<\/li>\n<li>L\u00e6ngde: 613 mm<\/li>\n<li>Bredde: 257 mm<\/li>\n<li>H\u00f8jde: 585 mm<\/li>\n<\/ul>\n<p>Dette tr\u00e6s\u00e6t er designet med henblik p\u00e5 n\u00f8jagtighed og detaljer og vil give mange timers engagerende og givende modelbygning for b\u00e5de voksne og unge. Det er en fantastisk m\u00e5de at udforske historien p\u00e5, samtidig med at man udvikler sine h\u00e5ndv\u00e6rks- og detaljef\u00e6rdigheder.<\/p>\n<p>Skibet 'Black Swan' er kendt for sin tilknytning til den berygtede piratkaptajn Tom Leach. I sin tid blev skibet set som et symbol p\u00e5 opr\u00f8r og frihed, og det er denne historie, du kan genopleve, mens du bygger din egen tr\u00e6skibsmodel.<\/p>\n<p>Vent ikke, tag del i denne sp\u00e6ndende del af s\u00f8fartshistorien. Bestil din tr\u00e6skibsmodel '12012- Cisne Negro' i dag, og tr\u00e6d ind i modelleringens verden.<\/p>","protected":false},"excerpt":{"rendered":"<p>12012- Cisne Negro' er en detaljeret skalamodel af det legendariske piratskib 'Black Swan'. Perfekt til b\u00e5de begyndere og modelbygningsentusiaster.<\/p>","protected":false},"featured_media":9177,"comment_status":"open","ping_status":"closed","template":"","meta":[],"product_brand":[95],"product_cat":[67],"product_tag":[],"class_list":{"0":"post-9178","1":"product","2":"type-product","3":"status-publish","4":"has-post-thumbnail","6":"product_brand-occre","7":"product_cat-bater-occre","9":"first","10":"instock","11":"taxable","12":"shipping-taxable","13":"purchasable","14":"product-type-simple"},"_links":{"self":[{"href":"https:\/\/bigfunhobby.com\/da\/wp-json\/wp\/v2\/product\/9178","targetHints":{"allow":["GET"]}}],"collection":[{"href":"https:\/\/bigfunhobby.com\/da\/wp-json\/wp\/v2\/product"}],"about":[{"href":"https:\/\/bigfunhobby.com\/da\/wp-json\/wp\/v2\/types\/product"}],"replies":[{"embeddable":true,"href":"https:\/\/bigfunhobby.com\/da\/wp-json\/wp\/v2\/comments?post=9178"}],"wp:featuredmedia":[{"embeddable":true,"href":"https:\/\/bigfunhobby.com\/da\/wp-json\/wp\/v2\/media\/9177"}],"wp:attachment":[{"href":"https:\/\/bigfunhobby.com\/da\/wp-json\/wp\/v2\/media?parent=9178"}],"wp:term":[{"taxonomy":"product_brand","embeddable":true,"href":"https:\/\/bigfunhobby.com\/da\/wp-json\/wp\/v2\/product_brand?post=9178"},{"taxonomy":"product_cat","embeddable":true,"href":"https:\/\/bigfunhobby.com\/da\/wp-json\/wp\/v2\/product_cat?post=9178"},{"taxonomy":"product_tag","embeddable":true,"href":"https:\/\/bigfunhobby.com\/da\/wp-json\/wp\/v2\/product_tag?post=9178"}],"curies":[{"name":"wp","href":"https:\/\/api.w.org\/{rel}","templated":true}]}}