{"id":9218,"date":"2025-03-08T17:21:49","date_gmt":"2025-03-08T17:21:49","guid":{"rendered":"https:\/\/bigfunhobby.com\/butikk\/billing-boats-klyds-6\/"},"modified":"2025-12-04T11:01:22","modified_gmt":"2025-12-04T09:01:22","slug":"billing-boats-klyds-6","status":"publish","type":"product","link":"https:\/\/bigfunhobby.com\/da\/butikk\/billing-boats-klyds-6\/","title":{"rendered":"Billing Boats KLYDS \/6"},"content":{"rendered":"<p> Oppdag gleden og tilfredsstillelsen ved modellbygging med Billing Boats KLYDS \/6. Dette byggesettet i tre er designet for \u00e5 gi en autentisk modellbyggingsopplevelse, perfekt for alle fra nybegynnere til erfarne entusiaster. <\/p>\n<ul>\n<li> Produktkategori: Tre-disk model <\/li>\n<li> Materiale: Tr\u00e6 <\/li>\n<\/ul>\n<p> Treskipsmodellene fra Billing Boats er kjent for sin h\u00f8ye kvalitet og n\u00f8yaktige detaljer. Med KLYDS \/6 f\u00e5r du muligheten til \u00e5 bygge en modell som er tro mot det originale skipet. Hvert eneste stykke i settet er n\u00f8ye utformet for \u00e5 gi en s\u00e5 realistisk byggeopplevelse som mulig. <\/p>\n<p> Med dette byggesettet kan du dykke ned i historien. Du vil ikke bare bygge en modell, men ogs\u00e5 l\u00e6re om skipets historie og viktigheten det hadde. Dette gj\u00f8r byggeprosessen enda mer engasjerende og l\u00e6rerik. <\/p>\n<p> Hvis du er interessert i modellbygging, er Billing Boats KLYDS \/6 en utmerket investering. Det er en flott m\u00e5te \u00e5 forbedre dine byggeferdigheter p\u00e5, samtidig som du f\u00e5r et vakkert treskip \u00e5 vise frem. <\/p>\n<p> Ikke la denne muligheten g\u00e5 fra deg. Bestill ditt Billing Boats KLYDS \/6 byggesett i dag og ta steget inn i den fascinerende verdenen av modellbygging. <\/p>","protected":false},"excerpt":{"rendered":"<p>Billing Boats KLYDS \/6 er et interessant og utfordrende byggesett i tre for b\u00e5de nybegynnere og erfarne modellbyggere. Med dette treskipssettet f\u00e5r du muligheten til \u00e5 bygge din egen unike modell.<\/p>","protected":false},"featured_media":9217,"comment_status":"open","ping_status":"closed","template":"","meta":[],"product_brand":[96],"product_cat":[60],"product_tag":[],"class_list":{"0":"post-9218","1":"product","2":"type-product","3":"status-publish","4":"has-post-thumbnail","6":"product_brand-billing-boats","7":"product_cat-tilbehor-trebyggesett","9":"first","10":"instock","11":"taxable","12":"shipping-taxable","13":"purchasable","14":"product-type-simple"},"_links":{"self":[{"href":"https:\/\/bigfunhobby.com\/da\/wp-json\/wp\/v2\/product\/9218","targetHints":{"allow":["GET"]}}],"collection":[{"href":"https:\/\/bigfunhobby.com\/da\/wp-json\/wp\/v2\/product"}],"about":[{"href":"https:\/\/bigfunhobby.com\/da\/wp-json\/wp\/v2\/types\/product"}],"replies":[{"embeddable":true,"href":"https:\/\/bigfunhobby.com\/da\/wp-json\/wp\/v2\/comments?post=9218"}],"wp:featuredmedia":[{"embeddable":true,"href":"https:\/\/bigfunhobby.com\/da\/wp-json\/wp\/v2\/media\/9217"}],"wp:attachment":[{"href":"https:\/\/bigfunhobby.com\/da\/wp-json\/wp\/v2\/media?parent=9218"}],"wp:term":[{"taxonomy":"product_brand","embeddable":true,"href":"https:\/\/bigfunhobby.com\/da\/wp-json\/wp\/v2\/product_brand?post=9218"},{"taxonomy":"product_cat","embeddable":true,"href":"https:\/\/bigfunhobby.com\/da\/wp-json\/wp\/v2\/product_cat?post=9218"},{"taxonomy":"product_tag","embeddable":true,"href":"https:\/\/bigfunhobby.com\/da\/wp-json\/wp\/v2\/product_tag?post=9218"}],"curies":[{"name":"wp","href":"https:\/\/api.w.org\/{rel}","templated":true}]}}