{"id":9224,"date":"2025-03-08T17:21:51","date_gmt":"2025-03-08T17:21:51","guid":{"rendered":"https:\/\/bigfunhobby.com\/butikk\/90562-hms-victory-paints-pack-pack-pinturas\/"},"modified":"2026-03-23T18:47:31","modified_gmt":"2026-03-23T16:47:31","slug":"90562-hms-victory-paints-pack-pack-pinturas","status":"publish","type":"product","link":"https:\/\/bigfunhobby.com\/da\/butikk\/90562-hms-victory-paints-pack-pack-pinturas\/","title":{"rendered":"90562 - HMS Victory-malingspakke \/ Pack pinturas"},"content":{"rendered":"<p> Hvis du er interessert i modellbygging og spesielt treskipsmodeller, er dette HMS Victory malingsettet perfekt for deg. Settet inneholder alle n\u00f8dvendige farger, fargestoffer og lakk du trenger for \u00e5 gj\u00f8re treskipsmodellen din levende og realistisk. <\/p>\n<p> Dette er ikke bare et hvilket som helst byggesett, det er spesielt designet for HMS Victory, et av de mest ber\u00f8mte skipene i historien. Med dette malingsettet kan du virkelig bringe din modell til liv og gj\u00f8re det til en n\u00f8yaktig representasjon av det virkelige skipet. <\/p>\n<ul>\n<li> Settet inkluderer 7 flasker med forskjellige farger og lakk. <\/li>\n<li> Med dette malingsettet kan du legge til realistiske detaljer p\u00e5 din HMS Victory treskipsmodell. <\/li>\n<li> Dette settet er perfekt for b\u00e5de nybegynnere og erfarne modellbyggere. <\/li>\n<\/ul>\n<p> HMS Victory er kjent for sin rolle i slaget ved Trafalgar under Napoleonskrigene. Som s\u00e5dan, er dette malingsettet ikke bare et flott tillegg til din modellbyggingshobby, men ogs\u00e5 en mulighet til \u00e5 l\u00e6re mer om historien. <\/p>\n<p> Ikke la din HMS Victory treskipsmodell v\u00e6re ufullstendig. Legg til dette malingsettet i din samling og opplev gleden ved \u00e5 se din modell komme til live. Kj\u00f8p her og begynn \u00e5 male i dag! <\/p>","protected":false},"excerpt":{"rendered":"<p>HMS Victory malingsett inneholder alle n\u00f8dvendige farger, fargestoffer og lakk for \u00e5 fullf\u00f8re din treskipsmodell. Settet best\u00e5r av 7 flasker.<\/p>","protected":false},"featured_media":9223,"comment_status":"open","ping_status":"closed","template":"","meta":[],"product_brand":[95],"product_cat":[78],"product_tag":[],"class_list":{"0":"post-9224","1":"product","2":"type-product","3":"status-publish","4":"has-post-thumbnail","6":"product_brand-occre","7":"product_cat-occre-maling","9":"first","10":"outofstock","11":"taxable","12":"shipping-taxable","13":"purchasable","14":"product-type-simple"},"_links":{"self":[{"href":"https:\/\/bigfunhobby.com\/da\/wp-json\/wp\/v2\/product\/9224","targetHints":{"allow":["GET"]}}],"collection":[{"href":"https:\/\/bigfunhobby.com\/da\/wp-json\/wp\/v2\/product"}],"about":[{"href":"https:\/\/bigfunhobby.com\/da\/wp-json\/wp\/v2\/types\/product"}],"replies":[{"embeddable":true,"href":"https:\/\/bigfunhobby.com\/da\/wp-json\/wp\/v2\/comments?post=9224"}],"wp:featuredmedia":[{"embeddable":true,"href":"https:\/\/bigfunhobby.com\/da\/wp-json\/wp\/v2\/media\/9223"}],"wp:attachment":[{"href":"https:\/\/bigfunhobby.com\/da\/wp-json\/wp\/v2\/media?parent=9224"}],"wp:term":[{"taxonomy":"product_brand","embeddable":true,"href":"https:\/\/bigfunhobby.com\/da\/wp-json\/wp\/v2\/product_brand?post=9224"},{"taxonomy":"product_cat","embeddable":true,"href":"https:\/\/bigfunhobby.com\/da\/wp-json\/wp\/v2\/product_cat?post=9224"},{"taxonomy":"product_tag","embeddable":true,"href":"https:\/\/bigfunhobby.com\/da\/wp-json\/wp\/v2\/product_tag?post=9224"}],"curies":[{"name":"wp","href":"https:\/\/api.w.org\/{rel}","templated":true}]}}