{"id":9258,"date":"2025-03-08T17:22:00","date_gmt":"2025-03-08T17:22:00","guid":{"rendered":"https:\/\/bigfunhobby.com\/butikk\/castle-ruin-20-x-163-cm-165-cm-high\/"},"modified":"2025-12-04T11:01:24","modified_gmt":"2025-12-04T09:01:24","slug":"castle-ruin-20-x-163-cm-165-cm-high","status":"publish","type":"product","link":"https:\/\/bigfunhobby.com\/da\/butikk\/castle-ruin-20-x-163-cm-165-cm-high\/","title":{"rendered":"Castle Ruin 20 x 16,3 cm, 16,5 cm high"},"content":{"rendered":"<p>Velkommen til en verden av modellbygging med v\u00e5rt Castle Ruin byggesett. Dette er en opplevelse som tar deg tilbake til middelalderen, perfekt for b\u00e5de nybegynnere og erfarne modellbyggere.<\/p>\n<p>Byggesettet best\u00e5r av en imponerende borg ruin, med m\u00e5l p\u00e5 20 x 16,3 cm, og en h\u00f8yde p\u00e5 16,5 cm. Den er designet med \u00f8ye for detaljer, og gir en autentisk f\u00f8lelse av middelalderske strukturer.<\/p>\n<ul>\n<li>M\u00e5l: 20 x 16,3 cm, 16,5 cm h\u00f8y<\/li>\n<li>Historisk n\u00f8yaktige detaljer<\/li>\n<li>Velegnet til b\u00e5de begyndere og erfarne modelbyggere<\/li>\n<\/ul>\n<p>Dette byggesettet gir deg en unik mulighet til \u00e5 dykke ned i historien, og skape din egen middelalderborg. Perfekt for de som har en interesse for historie, arkitektur og modellbygging.<\/p>\n<p>Utforsk denne fascinerende perioden i historien, og skap din egen middelalderborg med v\u00e5rt Castle Ruin byggesett. Dette er en perfekt gave til alle aldre, og en flott aktivitet for hele familien \u00e5 samles rundt.<\/p>\n<p>Ikke vent, start din middelaldermodellbygging i dag. Bestill ditt Castle Ruin byggesett n\u00e5.<\/p>","protected":false},"excerpt":{"rendered":"<p>Utforsk middelalderhistorien med v\u00e5rt Castle Ruin byggesett. Perfekt for alle modellbyggere som er interessert i historiske strukturer.<\/p>","protected":false},"featured_media":9257,"comment_status":"open","ping_status":"closed","template":"","meta":[],"product_brand":[109],"product_cat":[80],"product_tag":[],"class_list":{"0":"post-9258","1":"product","2":"type-product","3":"status-publish","4":"has-post-thumbnail","6":"product_brand-noch","7":"product_cat-noch-landskap-og-detaljer","9":"first","10":"instock","11":"taxable","12":"shipping-taxable","13":"purchasable","14":"product-type-simple"},"_links":{"self":[{"href":"https:\/\/bigfunhobby.com\/da\/wp-json\/wp\/v2\/product\/9258","targetHints":{"allow":["GET"]}}],"collection":[{"href":"https:\/\/bigfunhobby.com\/da\/wp-json\/wp\/v2\/product"}],"about":[{"href":"https:\/\/bigfunhobby.com\/da\/wp-json\/wp\/v2\/types\/product"}],"replies":[{"embeddable":true,"href":"https:\/\/bigfunhobby.com\/da\/wp-json\/wp\/v2\/comments?post=9258"}],"wp:featuredmedia":[{"embeddable":true,"href":"https:\/\/bigfunhobby.com\/da\/wp-json\/wp\/v2\/media\/9257"}],"wp:attachment":[{"href":"https:\/\/bigfunhobby.com\/da\/wp-json\/wp\/v2\/media?parent=9258"}],"wp:term":[{"taxonomy":"product_brand","embeddable":true,"href":"https:\/\/bigfunhobby.com\/da\/wp-json\/wp\/v2\/product_brand?post=9258"},{"taxonomy":"product_cat","embeddable":true,"href":"https:\/\/bigfunhobby.com\/da\/wp-json\/wp\/v2\/product_cat?post=9258"},{"taxonomy":"product_tag","embeddable":true,"href":"https:\/\/bigfunhobby.com\/da\/wp-json\/wp\/v2\/product_tag?post=9258"}],"curies":[{"name":"wp","href":"https:\/\/api.w.org\/{rel}","templated":true}]}}