{"id":9268,"date":"2025-03-08T17:22:03","date_gmt":"2025-03-08T17:22:03","guid":{"rendered":"https:\/\/bigfunhobby.com\/butikk\/water-drops-2\/"},"modified":"2025-12-04T11:01:24","modified_gmt":"2025-12-04T09:01:24","slug":"water-drops-2","status":"publish","type":"product","link":"https:\/\/bigfunhobby.com\/da\/butikk\/water-drops-2\/","title":{"rendered":"Vanddr\u00e5ber"},"content":{"rendered":"<p>\u00d8nsker du \u00e5 tilf\u00f8re dine modeller en ekstra dose realisme? Water Drops er l\u00f8sningen. Dette innovative produktet lar deg gjenskape realistiske vann- og regndr\u00e5per, og gir et utrolig naturtro resultat. Perfekt for entusiaster innen modellbygging som \u00f8nsker \u00e5 legge det siste touchet p\u00e5 sine byggesett.<\/p>\n<p>Enten du jobber med en plastmodell av et tog, et treskipsmodell eller et byggesett av et fjernstyrt kj\u00f8ret\u00f8y, vil Water Drops gi modellene dine det lille ekstra. Produktet er enkelt \u00e5 bruke og gir en overbevisende effekt som vil imponere alle som ser resultatet.<\/p>\n<ul>\n<li>Produkt: Water Drops<\/li>\n<li>Kategori: Modelbygning<\/li>\n<li>Bruksomr\u00e5de: Gjenskaper realistiske vann- og regndr\u00e5per<\/li>\n<li>Passer for: Nybegynnere og erfarne entusiaster<\/li>\n<\/ul>\n<p>Water Drops er et resultat av lidenskap for modellbygging og kontinuerlig innovasjon. Det har blitt utviklet for \u00e5 gi deg muligheten til \u00e5 legge den siste finishen p\u00e5 dine modeller og skape et mest mulig realistisk resultat.<\/p>\n<p>Ikke n\u00f8l med \u00e5 ta dine modeller til neste niv\u00e5. Bestill Water Drops i dag og opplev hvordan det kan transformere dine byggesett til mesterverk. Se hele v\u00e5rt brede utvalg av modellbyggingsprodukter for \u00e5 finne alt du trenger for ditt neste prosjekt.<\/p>","protected":false},"excerpt":{"rendered":"<p>Water Drops er et innovativt produkt til modellbygging som gjenskaper realistiske vann- og regndr\u00e5per. Perfekt for \u00e5 legge det siste touchet p\u00e5 dine byggesett.<\/p>","protected":false},"featured_media":9267,"comment_status":"open","ping_status":"closed","template":"","meta":[],"product_brand":[109],"product_cat":[80],"product_tag":[],"class_list":{"0":"post-9268","1":"product","2":"type-product","3":"status-publish","4":"has-post-thumbnail","6":"product_brand-noch","7":"product_cat-noch-landskap-og-detaljer","9":"first","10":"instock","11":"taxable","12":"shipping-taxable","13":"purchasable","14":"product-type-simple"},"_links":{"self":[{"href":"https:\/\/bigfunhobby.com\/da\/wp-json\/wp\/v2\/product\/9268","targetHints":{"allow":["GET"]}}],"collection":[{"href":"https:\/\/bigfunhobby.com\/da\/wp-json\/wp\/v2\/product"}],"about":[{"href":"https:\/\/bigfunhobby.com\/da\/wp-json\/wp\/v2\/types\/product"}],"replies":[{"embeddable":true,"href":"https:\/\/bigfunhobby.com\/da\/wp-json\/wp\/v2\/comments?post=9268"}],"wp:featuredmedia":[{"embeddable":true,"href":"https:\/\/bigfunhobby.com\/da\/wp-json\/wp\/v2\/media\/9267"}],"wp:attachment":[{"href":"https:\/\/bigfunhobby.com\/da\/wp-json\/wp\/v2\/media?parent=9268"}],"wp:term":[{"taxonomy":"product_brand","embeddable":true,"href":"https:\/\/bigfunhobby.com\/da\/wp-json\/wp\/v2\/product_brand?post=9268"},{"taxonomy":"product_cat","embeddable":true,"href":"https:\/\/bigfunhobby.com\/da\/wp-json\/wp\/v2\/product_cat?post=9268"},{"taxonomy":"product_tag","embeddable":true,"href":"https:\/\/bigfunhobby.com\/da\/wp-json\/wp\/v2\/product_tag?post=9268"}],"curies":[{"name":"wp","href":"https:\/\/api.w.org\/{rel}","templated":true}]}}