{"id":9272,"date":"2025-03-08T17:22:05","date_gmt":"2025-03-08T17:22:05","guid":{"rendered":"https:\/\/bigfunhobby.com\/butikk\/mar-76553-20-foot-container-set\/"},"modified":"2025-12-04T11:01:24","modified_gmt":"2025-12-04T09:01:24","slug":"mar-76553-20-fods-containersaet","status":"publish","type":"product","link":"https:\/\/bigfunhobby.com\/da\/butikk\/mar-76553-20-foot-container-set\/","title":{"rendered":"MAR-76553 20-fods containers\u00e6t"},"content":{"rendered":"<p>Med vores MAR-76553 20-fods containers\u00e6t kan du nemt udvide din modeljernbane med fire 20-fods standardkassecontainere. Disse containere repr\u00e6senterer det moderne look fra \u00e6ra VI og giver din modeljernbane et realistisk pr\u00e6g.<\/p>\n<p><strong>Specifikationer for modellen:<\/strong><\/p>\n<p>Dette s\u00e6t best\u00e5r af fire 20-fods standardkassecontainere i forskellige designs, der er perfekte til at supplere og kombinere med alle eksisterende M\u00e6rklin\/Trix-containerk\u00f8ret\u00f8jer af typen Sgns og Lg(n)s samt dobbeltcontainerk\u00f8ret\u00f8jer af typen Sggrrs.<\/p>\n<p><strong>H\u00f8jdepunkter:<\/strong><\/p>\n<ul>\n<li>En ideel tilf\u00f8jelse til ethvert containertog.<\/li>\n<li>Beholderne kan stables.<\/li>\n<\/ul>\n<p>Uanset om du er en erfaren modeljernbanebygger eller lige er begyndt, er dette s\u00e6t en fantastisk m\u00e5de at udvide din samling p\u00e5. Hver beholder er omhyggeligt udformet for at give en autentisk fornemmelse af skala og detaljer, hvilket tilf\u00f8jer en ekstra dimension af realisme til din modeljernbane.<\/p>\n<p><strong>Tilf\u00f8j til din samling:<\/strong><\/p>\n<p>Vent ikke med at udvide din modeljernbane. K\u00f8b MAR-76553 20-fods containers\u00e6t i dag, og se din samling vokse med disse realistiske containere. K\u00f8b her, og begynd at bygge nu!<\/p>","protected":false},"excerpt":{"rendered":"<p>MAR-76553 20-fods containers\u00e6t er en ideel tilf\u00f8jelse til enhver modeljernbanesamling med fire 20-fods standardkasser i forskellige designs.<\/p>","protected":false},"featured_media":9271,"comment_status":"open","ping_status":"closed","template":"","meta":[],"product_brand":[107],"product_cat":[72],"product_tag":[],"class_list":{"0":"post-9272","1":"product","2":"type-product","3":"status-publish","4":"has-post-thumbnail","6":"product_brand-marklin","7":"product_cat-marklin-h0-originalen","9":"first","10":"instock","11":"taxable","12":"shipping-taxable","13":"purchasable","14":"product-type-simple"},"_links":{"self":[{"href":"https:\/\/bigfunhobby.com\/da\/wp-json\/wp\/v2\/product\/9272","targetHints":{"allow":["GET"]}}],"collection":[{"href":"https:\/\/bigfunhobby.com\/da\/wp-json\/wp\/v2\/product"}],"about":[{"href":"https:\/\/bigfunhobby.com\/da\/wp-json\/wp\/v2\/types\/product"}],"replies":[{"embeddable":true,"href":"https:\/\/bigfunhobby.com\/da\/wp-json\/wp\/v2\/comments?post=9272"}],"wp:featuredmedia":[{"embeddable":true,"href":"https:\/\/bigfunhobby.com\/da\/wp-json\/wp\/v2\/media\/9271"}],"wp:attachment":[{"href":"https:\/\/bigfunhobby.com\/da\/wp-json\/wp\/v2\/media?parent=9272"}],"wp:term":[{"taxonomy":"product_brand","embeddable":true,"href":"https:\/\/bigfunhobby.com\/da\/wp-json\/wp\/v2\/product_brand?post=9272"},{"taxonomy":"product_cat","embeddable":true,"href":"https:\/\/bigfunhobby.com\/da\/wp-json\/wp\/v2\/product_cat?post=9272"},{"taxonomy":"product_tag","embeddable":true,"href":"https:\/\/bigfunhobby.com\/da\/wp-json\/wp\/v2\/product_tag?post=9272"}],"curies":[{"name":"wp","href":"https:\/\/api.w.org\/{rel}","templated":true}]}}