{"id":9276,"date":"2025-03-08T17:22:06","date_gmt":"2025-03-08T17:22:06","guid":{"rendered":"https:\/\/bigfunhobby.com\/butikk\/mar-02422-smoke-fluid-and-cleaning-fluid-50-ml-1-69-oz\/"},"modified":"2025-12-04T11:01:24","modified_gmt":"2025-12-04T09:01:24","slug":"mar-02422-rog-og-rensevaeske-50-ml-1-69-oz","status":"publish","type":"product","link":"https:\/\/bigfunhobby.com\/da\/butikk\/mar-02422-smoke-fluid-and-cleaning-fluid-50-ml-1-69-oz\/","title":{"rendered":"MAR-02422 R\u00f8g- og rensev\u00e6ske 50 ml \/ 1,69 oz"},"content":{"rendered":"<p>Oplev en unik damplokomotiv-effekt med vores alkoholbaserede r\u00f8g- og reng\u00f8ringsv\u00e6ske. Denne flaske indeholder 50 ml v\u00e6ske, som er ideel til alle r\u00f8ggeneratorer, uanset st\u00f8rrelse og tykkelse. Pakken indeholder 2 pipetter til n\u00f8jagtig dosering, hvilket g\u00f8r det nemt at bruge p\u00e5 din modeljernbane.<\/p>\n<p><strong>H\u00f8jdepunkterne<\/strong><\/p>\n<ul>\n<li>Fuldst\u00e6ndig restfri fordampning efterlader ingen spor af brug eller behandling p\u00e5 modellen.<\/li>\n<li>Alkoholbaseret v\u00e6ske giver en realistisk damplokomotiv-effekt.<\/li>\n<li>Ideel til brug som reng\u00f8ringsmiddel til jernbaneskinner og lokomotiver.<\/li>\n<li>Passer til alle st\u00f8rrelser og sporvidder.<\/li>\n<li>Der medf\u00f8lger 2 pipetter til pr\u00e6cis dosering.<\/li>\n<\/ul>\n<p>V\u00e6sken er ikke kun fremragende til at skabe en realistisk damplokomotiv-effekt, men fungerer ogs\u00e5 godt til at reng\u00f8re jernbaneskinner og det meste snavs, for eksempel p\u00e5 lokomotiver og vogns\u00e6t.<\/p>\n<p>I modelbygning er detaljerne vigtige, og dette produkt hj\u00e6lper med at bringe din modeljernbane til live. Uanset om du er en erfaren entusiast eller nybegynder, kan denne r\u00f8g- og rensev\u00e6ske give dine modeller det lille ekstra.<\/p>\n<p>Vent ikke, forbedr din modeljernbaneoplevelse i dag. K\u00f8b den her!<\/p>","protected":false},"excerpt":{"rendered":"<p>Alkoholbaseret r\u00f8g- og reng\u00f8ringsv\u00e6ske (50 ml), der passer til alle r\u00f8ggeneratorer og sporvidder. Ideel til at skabe en realistisk damplokomotiv-effekt og til reng\u00f8ring af modeljernbaner og k\u00f8ret\u00f8jer.<\/p>","protected":false},"featured_media":9275,"comment_status":"open","ping_status":"closed","template":"","meta":[],"product_brand":[107],"product_cat":[72],"product_tag":[],"class_list":{"0":"post-9276","1":"product","2":"type-product","3":"status-publish","4":"has-post-thumbnail","6":"product_brand-marklin","7":"product_cat-marklin-h0-originalen","9":"first","10":"instock","11":"taxable","12":"shipping-taxable","13":"purchasable","14":"product-type-simple"},"_links":{"self":[{"href":"https:\/\/bigfunhobby.com\/da\/wp-json\/wp\/v2\/product\/9276","targetHints":{"allow":["GET"]}}],"collection":[{"href":"https:\/\/bigfunhobby.com\/da\/wp-json\/wp\/v2\/product"}],"about":[{"href":"https:\/\/bigfunhobby.com\/da\/wp-json\/wp\/v2\/types\/product"}],"replies":[{"embeddable":true,"href":"https:\/\/bigfunhobby.com\/da\/wp-json\/wp\/v2\/comments?post=9276"}],"wp:featuredmedia":[{"embeddable":true,"href":"https:\/\/bigfunhobby.com\/da\/wp-json\/wp\/v2\/media\/9275"}],"wp:attachment":[{"href":"https:\/\/bigfunhobby.com\/da\/wp-json\/wp\/v2\/media?parent=9276"}],"wp:term":[{"taxonomy":"product_brand","embeddable":true,"href":"https:\/\/bigfunhobby.com\/da\/wp-json\/wp\/v2\/product_brand?post=9276"},{"taxonomy":"product_cat","embeddable":true,"href":"https:\/\/bigfunhobby.com\/da\/wp-json\/wp\/v2\/product_cat?post=9276"},{"taxonomy":"product_tag","embeddable":true,"href":"https:\/\/bigfunhobby.com\/da\/wp-json\/wp\/v2\/product_tag?post=9276"}],"curies":[{"name":"wp","href":"https:\/\/api.w.org\/{rel}","templated":true}]}}