{"id":9278,"date":"2025-03-08T17:22:07","date_gmt":"2025-03-08T17:22:07","guid":{"rendered":"https:\/\/bigfunhobby.com\/butikk\/marklin-trix-wall-calendar-for-2025\/"},"modified":"2025-12-04T11:01:24","modified_gmt":"2025-12-04T09:01:24","slug":"marklin-trix-wall-calendar-for-2025","status":"publish","type":"product","link":"https:\/\/bigfunhobby.com\/da\/butikk\/marklin-trix-wall-calendar-for-2025\/","title":{"rendered":"M\u00e4rklin\/Trix v\u00e6gkalender for 2025"},"content":{"rendered":"<p>\u00c5pne d\u00f8rene til 2025 med M\u00e4rklin\/Trix sin veggkalender, en enest\u00e5ende samling av 24 sterke jernbanetemaer, designet for \u00e5 inspirere b\u00e5de nybegynnere og erfarne modelljernbaneentusiaster. Dette er mer enn bare en kalender. Den er en skattekiste av ideer og inspirasjon for din neste modellbygging.<\/p>\n<p>Kalenderen gir deg muligheten til \u00e5 veksle mellom sidene basert p\u00e5 dine modell- eller skala-preferanser. P\u00e5 den ene siden finner du kontinuerlig fremvisning av M\u00e4rklin-modeller i Z, H0, og 1 skalaer. P\u00e5 baksiden vil du finne temaer fra Trix H0 og Minitrix-sortimentet.<\/p>\n<p><strong>Specifikationer<\/strong><\/p>\n<ul>\n<li>Spiralbinding<\/li>\n<li>St\u00f8rrelse: 49 x 34 cm<\/li>\n<\/ul>\n<p>Denne veggkalenderen fremhever M\u00e4rklin og Trix modellh\u00f8ydepunkter fra de siste \u00e5rene p\u00e5 storsl\u00e5tte kalendersider. Det er en flott gave til deg selv eller en annen modellbyggingsentusiast.<\/p>\n<p>Ikke g\u00e5 glipp av denne muligheten til \u00e5 utforske verdenen av jernbanemodeller p\u00e5 en unik og inspirerende m\u00e5te. Start 2025 med kreativ inspirasjon rett p\u00e5 veggen din. Kj\u00f8p din M\u00e4rklin\/Trix veggkalender for 2025 n\u00e5.<\/p>","protected":false},"excerpt":{"rendered":"<p>Start 2025 med M\u00e4rklin\/Trix sin veggkalender fylt med 24 sterke jernbanetemaer, ideell for modelljernbaneentusiaster.<\/p>","protected":false},"featured_media":9277,"comment_status":"open","ping_status":"closed","template":"","meta":[],"product_brand":[107],"product_cat":[72],"product_tag":[],"class_list":{"0":"post-9278","1":"product","2":"type-product","3":"status-publish","4":"has-post-thumbnail","6":"product_brand-marklin","7":"product_cat-marklin-h0-originalen","9":"first","10":"instock","11":"taxable","12":"shipping-taxable","13":"purchasable","14":"product-type-simple"},"_links":{"self":[{"href":"https:\/\/bigfunhobby.com\/da\/wp-json\/wp\/v2\/product\/9278","targetHints":{"allow":["GET"]}}],"collection":[{"href":"https:\/\/bigfunhobby.com\/da\/wp-json\/wp\/v2\/product"}],"about":[{"href":"https:\/\/bigfunhobby.com\/da\/wp-json\/wp\/v2\/types\/product"}],"replies":[{"embeddable":true,"href":"https:\/\/bigfunhobby.com\/da\/wp-json\/wp\/v2\/comments?post=9278"}],"wp:featuredmedia":[{"embeddable":true,"href":"https:\/\/bigfunhobby.com\/da\/wp-json\/wp\/v2\/media\/9277"}],"wp:attachment":[{"href":"https:\/\/bigfunhobby.com\/da\/wp-json\/wp\/v2\/media?parent=9278"}],"wp:term":[{"taxonomy":"product_brand","embeddable":true,"href":"https:\/\/bigfunhobby.com\/da\/wp-json\/wp\/v2\/product_brand?post=9278"},{"taxonomy":"product_cat","embeddable":true,"href":"https:\/\/bigfunhobby.com\/da\/wp-json\/wp\/v2\/product_cat?post=9278"},{"taxonomy":"product_tag","embeddable":true,"href":"https:\/\/bigfunhobby.com\/da\/wp-json\/wp\/v2\/product_tag?post=9278"}],"curies":[{"name":"wp","href":"https:\/\/api.w.org\/{rel}","templated":true}]}}