{"id":9286,"date":"2025-03-08T17:22:11","date_gmt":"2025-03-08T17:22:11","guid":{"rendered":"https:\/\/bigfunhobby.com\/butikk\/20001-viking-skip-barn\/"},"modified":"2026-03-03T12:26:28","modified_gmt":"2026-03-03T10:26:28","slug":"20001-viking-skip-barn","status":"publish","type":"product","link":"https:\/\/bigfunhobby.com\/da\/butikk\/20001-viking-skip-barn\/","title":{"rendered":"20001- Vikingeskibsbarn"},"content":{"rendered":"<p>Vores s\u00e6t \"20001 - Vikingeskibsb\u00f8rn\" er en fantastisk mulighed for at udforske de legendariske vikingers historie og samtidig udvikle dine evner som modelbygger. S\u00e6ttet er et fremragende valg for b\u00e5de begyndere og erfarne modelbyggere. <\/p>\n<p>Specifikationer:<\/p>\n<ul>\n<li>Tr\u00e6skibsmodel af et vikingeskib<\/li>\n<li>Ideel til begyndere og erfarne modelbyggere<\/li>\n<li>Letforst\u00e5elige instruktioner medf\u00f8lger<\/li>\n<\/ul>\n<p>Bygges\u00e6ttet er lavet af kvalitetsmaterialer for at sikre holdbarhed og autenticitet. Vikingeskibets detaljer, fra masten til skroget, er omhyggeligt udformet for at give en autentisk fornemmelse af vikingetiden.<\/p>\n<p>Vikingeskibe spillede en vigtig rolle i vikingernes erobringer, opdagelser og handel p\u00e5 tv\u00e6rs af Europa. Med dette s\u00e6t kan du f\u00e5 en dybtg\u00e5ende forst\u00e5else af, hvordan disse bem\u00e6rkelsesv\u00e6rdige fart\u00f8jer blev bygget og brugt.<\/p>\n<p>Vent ikke l\u00e6ngere, men dyk ned i en verden af modellering og historie med vores bygges\u00e6t '20001 - Vikingeskib til b\u00f8rn'. Perfekt til alle aldre og f\u00e6rdighedsniveauer. Bestil nu, og begynd din rejse tilbage til vikingetiden!<\/p>","protected":false},"excerpt":{"rendered":"<p>G\u00f8r dig klar til en sp\u00e6ndende rejse tilbage i tiden med s\u00e6ttet '20001 - Vikingeskib til b\u00f8rn'. Perfekt til begyndere og erfarne modelbyggere, der er interesserede i b\u00e5de historie og h\u00e5ndv\u00e6rk.<\/p>","protected":false},"featured_media":9285,"comment_status":"open","ping_status":"closed","template":"","meta":[],"product_brand":[95],"product_cat":[67],"product_tag":[],"class_list":{"0":"post-9286","1":"product","2":"type-product","3":"status-publish","4":"has-post-thumbnail","6":"product_brand-occre","7":"product_cat-bater-occre","9":"first","10":"instock","11":"taxable","12":"shipping-taxable","13":"purchasable","14":"product-type-simple"},"_links":{"self":[{"href":"https:\/\/bigfunhobby.com\/da\/wp-json\/wp\/v2\/product\/9286","targetHints":{"allow":["GET"]}}],"collection":[{"href":"https:\/\/bigfunhobby.com\/da\/wp-json\/wp\/v2\/product"}],"about":[{"href":"https:\/\/bigfunhobby.com\/da\/wp-json\/wp\/v2\/types\/product"}],"replies":[{"embeddable":true,"href":"https:\/\/bigfunhobby.com\/da\/wp-json\/wp\/v2\/comments?post=9286"}],"wp:featuredmedia":[{"embeddable":true,"href":"https:\/\/bigfunhobby.com\/da\/wp-json\/wp\/v2\/media\/9285"}],"wp:attachment":[{"href":"https:\/\/bigfunhobby.com\/da\/wp-json\/wp\/v2\/media?parent=9286"}],"wp:term":[{"taxonomy":"product_brand","embeddable":true,"href":"https:\/\/bigfunhobby.com\/da\/wp-json\/wp\/v2\/product_brand?post=9286"},{"taxonomy":"product_cat","embeddable":true,"href":"https:\/\/bigfunhobby.com\/da\/wp-json\/wp\/v2\/product_cat?post=9286"},{"taxonomy":"product_tag","embeddable":true,"href":"https:\/\/bigfunhobby.com\/da\/wp-json\/wp\/v2\/product_tag?post=9286"}],"curies":[{"name":"wp","href":"https:\/\/api.w.org\/{rel}","templated":true}]}}