{"id":7585,"date":"2025-03-08T17:11:59","date_gmt":"2025-03-08T17:11:59","guid":{"rendered":"https:\/\/bigfunhobby.com\/butikk\/160-american-schooner-harvey-wooden-model-ship-kit\/"},"modified":"2026-03-10T09:25:01","modified_gmt":"2026-03-10T07:25:01","slug":"160-american-schooner-harvey-wooden-model-ship-kit","status":"publish","type":"product","link":"https:\/\/bigfunhobby.com\/en\/butikk\/160-american-schooner-harvey-wooden-model-ship-kit\/","title":{"rendered":"1:60. American Schooner Harvey Wooden Model Ship Kit"},"content":{"rendered":"<p>Dette byggesettet i tre av den ikoniske amerikanske skonnerten Harvey gir deg muligheten til \u00e5 lage en n\u00f8yaktig skalamodell i 1:60. Enten du er en erfaren modellbygger eller en nybegynner, vil dette settet gi deg timer med utfordrende og givende arbeid.<\/p>\n<p>Settet inneholder h\u00f8ykvalitetsdeler som presisjonskuttet kryssfiner i basswood, messing og st\u00f8pte fotoforbedrede deler, klare til montering. Det inkluderer ogs\u00e5 bomullsseil, bomullstr\u00e5der og en treutstillingsbase med et navneskilt. En LED-belysningspakke er tilgjengelig separat for de som \u00f8nsker \u00e5 legge til ekstra detaljer til modellen.<\/p>\n<ul>\n<li>Lengde p\u00e5 ferdig modell: 680 mm<\/li>\n<li>H\u00f8yde p\u00e5 ferdig modell: 490 mm<\/li>\n<li>Bredde p\u00e5 ferdig modell: 250 mm<\/li>\n<\/ul>\n<p>En DVD med fullstendig omarbeidede instruksjoner er inkludert for \u00e5 lette byggeprosessen, med trinnvise fotoguider som tydelig viser hver del av prosessen.<\/p>\n<h2>Historien om amerikanske skonnere<\/h2>\n<p>Skonnere er en type seilb\u00e5t preget av deres rigging. De var popul\u00e6re for mange form\u00e5l, som transport av frakt eller fiske, og ble ogs\u00e5 mye brukt av privatpersoner. Harvey er en ny utgave av denne klassiske amerikanske skonnerten fra 1800-tallet. Dette er et minne om de gamle kystskonnertene fra 1860-tallet i USA.<\/p>\n<p>Ikke g\u00e5 glipp av denne bemerkelsesverdige treskipsmodellen som vil v\u00e6re et flott tillegg til enhver samling av maritime modeller. Bestill ditt Harvey Wooden Model Ship Kit i dag og begynn den spennende reisen inn i verdenen av modellbygging!<\/p>\n<p>&#8216;<\/p>","protected":false},"excerpt":{"rendered":"<p>Byggesett i tre av den ber\u00f8mte amerikanske skonnerten Harvey i 1:60 skala. Inkluderer detaljert instruksjoner og kvalitetsmaterialer for en realistisk modellbygging.&#8217;<\/p>","protected":false},"featured_media":7584,"comment_status":"open","ping_status":"closed","template":"","meta":[],"product_brand":[97],"product_cat":[54],"product_tag":[],"class_list":{"0":"post-7585","1":"product","2":"type-product","3":"status-publish","4":"has-post-thumbnail","6":"product_brand-artesania","7":"product_cat-bater-artesania","9":"first","10":"outofstock","11":"taxable","12":"shipping-taxable","13":"purchasable","14":"product-type-simple"},"_links":{"self":[{"href":"https:\/\/bigfunhobby.com\/en\/wp-json\/wp\/v2\/product\/7585","targetHints":{"allow":["GET"]}}],"collection":[{"href":"https:\/\/bigfunhobby.com\/en\/wp-json\/wp\/v2\/product"}],"about":[{"href":"https:\/\/bigfunhobby.com\/en\/wp-json\/wp\/v2\/types\/product"}],"replies":[{"embeddable":true,"href":"https:\/\/bigfunhobby.com\/en\/wp-json\/wp\/v2\/comments?post=7585"}],"wp:featuredmedia":[{"embeddable":true,"href":"https:\/\/bigfunhobby.com\/en\/wp-json\/wp\/v2\/media\/7584"}],"wp:attachment":[{"href":"https:\/\/bigfunhobby.com\/en\/wp-json\/wp\/v2\/media?parent=7585"}],"wp:term":[{"taxonomy":"product_brand","embeddable":true,"href":"https:\/\/bigfunhobby.com\/en\/wp-json\/wp\/v2\/product_brand?post=7585"},{"taxonomy":"product_cat","embeddable":true,"href":"https:\/\/bigfunhobby.com\/en\/wp-json\/wp\/v2\/product_cat?post=7585"},{"taxonomy":"product_tag","embeddable":true,"href":"https:\/\/bigfunhobby.com\/en\/wp-json\/wp\/v2\/product_tag?post=7585"}],"curies":[{"name":"wp","href":"https:\/\/api.w.org\/{rel}","templated":true}]}}