{"id":7206,"date":"2025-03-08T17:10:36","date_gmt":"2025-03-08T17:10:36","guid":{"rendered":"https:\/\/bigfunhobby.com\/butikk\/150-bounty-wooden-hull\/"},"modified":"2026-04-01T19:50:17","modified_gmt":"2026-04-01T17:50:17","slug":"150-bounty-wooden-hull","status":"publish","type":"product","link":"https:\/\/bigfunhobby.com\/sv\/butikk\/150-bounty-wooden-hull\/","title":{"rendered":"1:50 BOUNTY TR\u00c4SKROV"},"content":{"rendered":"<p>Dette er et ekstraordin\u00e6rt byggesett i tre som representerer det historiske skipet &#8216;Bounty&#8217;. Dette treskipsmodellsettet er en flott m\u00e5te \u00e5 utforske modellbygging p\u00e5, og er ideelt b\u00e5de for nybegynnere og erfarne byggere. <\/p>\n<p>Settet kommer i 1:50 skala, noe som gir en imponerende detaljrikdom og autentisitet. Det er en perfekt utfordring for de som er interessert i historie og sj\u00f8fart, samt de som bare nyter en god byggeoppgave.<\/p>\n<ul>\n<li>Produktkategori: Tre-disc modell<\/li>\n<li>Skala: 1:50<\/li>\n<li>Material:: Tr\u00e4<\/li>\n<\/ul>\n<p>&#8216;Bounty&#8217; er kjent fra historien som skipet som ble overtatt av mytterister ledet av Fletcher Christian i 1789. Dette byggesettet gir deg muligheten til \u00e5 bygge din egen modell av dette ikoniske skipet, og oppleve en del av sj\u00f8fartshistorien p\u00e5 n\u00e6rt hold.<\/p>\n<p>Med dette byggesettet kan du ta steget inn i den fascinerende verdenen av modellbygging. Enten du er en erfaren modellbygger, eller bare leter etter en ny hobby, vil dette treskipsmodellsettet gi mange timer med kreativ glede. <\/p>\n<p>Utforsk v\u00e5rt store utvalg av byggesett for voksne og finn din neste utfordring. Bestill din 1:50 Bounty Wooden Hull idag, og begynn din reise inn i modellbyggingens verden.<\/p>","protected":false},"excerpt":{"rendered":"<p>Dette er en detaljert 1:50 treskipsmodell av &#8216;Bounty&#8217;. En perfekt hobby for b\u00e5de nybegynnere og erfarne byggere som \u00f8nsker \u00e5 utfordre seg selv.<\/p>","protected":false},"featured_media":7205,"comment_status":"open","ping_status":"closed","template":"","meta":[],"product_brand":[96],"product_cat":[53],"product_tag":[],"class_list":{"0":"post-7206","1":"product","2":"type-product","3":"status-publish","4":"has-post-thumbnail","6":"product_brand-billing-boats","7":"product_cat-bater-billing-boats","9":"first","10":"outofstock","11":"taxable","12":"shipping-taxable","13":"purchasable","14":"product-type-simple"},"_links":{"self":[{"href":"https:\/\/bigfunhobby.com\/sv\/wp-json\/wp\/v2\/product\/7206","targetHints":{"allow":["GET"]}}],"collection":[{"href":"https:\/\/bigfunhobby.com\/sv\/wp-json\/wp\/v2\/product"}],"about":[{"href":"https:\/\/bigfunhobby.com\/sv\/wp-json\/wp\/v2\/types\/product"}],"replies":[{"embeddable":true,"href":"https:\/\/bigfunhobby.com\/sv\/wp-json\/wp\/v2\/comments?post=7206"}],"wp:featuredmedia":[{"embeddable":true,"href":"https:\/\/bigfunhobby.com\/sv\/wp-json\/wp\/v2\/media\/7205"}],"wp:attachment":[{"href":"https:\/\/bigfunhobby.com\/sv\/wp-json\/wp\/v2\/media?parent=7206"}],"wp:term":[{"taxonomy":"product_brand","embeddable":true,"href":"https:\/\/bigfunhobby.com\/sv\/wp-json\/wp\/v2\/product_brand?post=7206"},{"taxonomy":"product_cat","embeddable":true,"href":"https:\/\/bigfunhobby.com\/sv\/wp-json\/wp\/v2\/product_cat?post=7206"},{"taxonomy":"product_tag","embeddable":true,"href":"https:\/\/bigfunhobby.com\/sv\/wp-json\/wp\/v2\/product_tag?post=7206"}],"curies":[{"name":"wp","href":"https:\/\/api.w.org\/{rel}","templated":true}]}}