{"id":7208,"date":"2025-03-08T17:10:36","date_gmt":"2025-03-08T17:10:36","guid":{"rendered":"https:\/\/bigfunhobby.com\/butikk\/1144-rms-titanic-complete\/"},"modified":"2025-12-04T10:58:54","modified_gmt":"2025-12-04T08:58:54","slug":"1144-rms-titanic-complete","status":"publish","type":"product","link":"https:\/\/bigfunhobby.com\/sv\/butikk\/1144-rms-titanic-complete\/","title":{"rendered":"1:144 RMS TITANIC KOMPLETT"},"content":{"rendered":"<p>\nUtforsk historien og ta del i den legendariske RMS Titanic med v\u00e5rt detaljerte byggesett. Dette er en perfekt mulighet til \u00e5 dykke inn i verdenen av modellbygging, uansett om du er nybegynner eller har mange \u00e5rs erfaring.\n<\/p>\n<p>\n<strong>Specifikationer:<\/strong><br \/>\n\u2022 Skala: 1:144<br \/>\n\u2022 Produkttype: Plastmodell byggesett<br \/>\n\u2022 Anbefalt for voksne og barn over 14 \u00e5r\n<\/p>\n<p>\n<strong>Historia:<\/strong><br \/>\nRMS Titanic var et britisk passasjerskip som forliste p\u00e5 sin jomfrutur mellom Southampton i England og New York i USA 14. april 1912, da det traff et isfjell og sank. Forliset, hvor mellom 1 350 og 1 512 personer omkom, er en av de st\u00f8rste og mest kjente maritime katastrofer i fredstid. Titanic var en ocean liner i Olympic-klassen, og var i sin tid verdens st\u00f8rste passasjerskip.\n<\/p>\n<p>\n<strong>Om Byggesettet:<\/strong><br \/>\nV\u00e5rt byggesett gir deg muligheten til \u00e5 bygge en skalamodell av RMS Titanic med stor detaljrikdom. Settet inkluderer alle deler og instruksjoner du trenger for \u00e5 bygge en modell som er tro mot det historiske skipet.\n<\/p>\n<p>\nGj\u00f8r deg klar til \u00e5 dykke ned i modellbyggingens verden og f\u00f8l historiens vingeslag. Uansett om du er en erfaren modellbygger eller en ivrig nybegynner, vil dette byggesettet gi deg mange timer med engasjement og glede. Ikke vent, bestill ditt RMS Titanic byggesett i dag!<\/p>","protected":false},"excerpt":{"rendered":"<p>Bygg din egen skalamodell av det historiske passasjerskipet RMS Titanic med v\u00e5rt komplette byggesett i 1:144 skala. Perfekt for b\u00e5de nybegynnere og erfarne entusiaster innen modellbygging.<\/p>","protected":false},"featured_media":7207,"comment_status":"open","ping_status":"closed","template":"","meta":[],"product_brand":[96],"product_cat":[53],"product_tag":[],"class_list":{"0":"post-7208","1":"product","2":"type-product","3":"status-publish","4":"has-post-thumbnail","6":"product_brand-billing-boats","7":"product_cat-bater-billing-boats","9":"first","10":"instock","11":"taxable","12":"shipping-taxable","13":"purchasable","14":"product-type-simple"},"_links":{"self":[{"href":"https:\/\/bigfunhobby.com\/sv\/wp-json\/wp\/v2\/product\/7208","targetHints":{"allow":["GET"]}}],"collection":[{"href":"https:\/\/bigfunhobby.com\/sv\/wp-json\/wp\/v2\/product"}],"about":[{"href":"https:\/\/bigfunhobby.com\/sv\/wp-json\/wp\/v2\/types\/product"}],"replies":[{"embeddable":true,"href":"https:\/\/bigfunhobby.com\/sv\/wp-json\/wp\/v2\/comments?post=7208"}],"wp:featuredmedia":[{"embeddable":true,"href":"https:\/\/bigfunhobby.com\/sv\/wp-json\/wp\/v2\/media\/7207"}],"wp:attachment":[{"href":"https:\/\/bigfunhobby.com\/sv\/wp-json\/wp\/v2\/media?parent=7208"}],"wp:term":[{"taxonomy":"product_brand","embeddable":true,"href":"https:\/\/bigfunhobby.com\/sv\/wp-json\/wp\/v2\/product_brand?post=7208"},{"taxonomy":"product_cat","embeddable":true,"href":"https:\/\/bigfunhobby.com\/sv\/wp-json\/wp\/v2\/product_cat?post=7208"},{"taxonomy":"product_tag","embeddable":true,"href":"https:\/\/bigfunhobby.com\/sv\/wp-json\/wp\/v2\/product_tag?post=7208"}],"curies":[{"name":"wp","href":"https:\/\/api.w.org\/{rel}","templated":true}]}}