{"id":7212,"date":"2025-03-08T17:10:37","date_gmt":"2025-03-08T17:10:37","guid":{"rendered":"https:\/\/bigfunhobby.com\/butikk\/160-dana\/"},"modified":"2025-12-04T10:58:55","modified_gmt":"2025-12-04T08:58:55","slug":"160-dana","status":"publish","type":"product","link":"https:\/\/bigfunhobby.com\/sv\/butikk\/160-dana\/","title":{"rendered":"1:60 DANA"},"content":{"rendered":"<p>Utforsk historien til dansk fiskeri med v\u00e5rt byggesett av den klassiske fiskekutteren DANA i 1:60 skala. Dette er et ideelt prosjekt for alle som elsker modellbygging og har en interesse for maritim historie.<\/p>\n<p>DANA er en typisk fiskekutter fra Nordsj\u00e6lland, som var i drift rundt \u00e5rhundreskiftet. P\u00e5 denne tiden var det mange b\u00e5ter av denne typen som fisket i \u00d8resund og Storeb\u00e6lt. I l\u00f8pet av 1920-tallet ble mange av kutterne motoriserte, noe som gjorde at fangsten kunne landes enda raskere.<\/p>\n<p>Dette byggesettet har en plastskrog, noe som gir en autentisk f\u00f8lelse av den opprinnelige DANA-kutteren. For \u00e5 fullf\u00f8re modellen anbefaler vi f\u00f8lgende farger:<\/p>\n<ul>\n<li>Fakturering nr 1 Vit<\/li>\n<li>Fakturering nr 3 Smaragd<\/li>\n<li>Fakturering nr 11 Svart<\/li>\n<li>Billing No 14 Matt White<\/li>\n<li>Fakturering nr 17 Klar glans<\/li>\n<li>Billing No 36 Mahogany Stain<\/li>\n<\/ul>\n<p>Enten du er en erfaren modellbygger eller en entusiastisk nybegynner, er DANA-byggesettet en flott m\u00e5te \u00e5 dykke dypere inn i maritim historie og h\u00e5ndverk. Med detaljerte instruksjoner og h\u00f8ykvalitets komponenter, er du p\u00e5 god vei til \u00e5 skape en imponerende modell som kan st\u00e5 stolt i ethvert hjem eller kontor.<\/p>\n<p>Ikke vent, start ditt neste modellbyggingsprosjekt i dag. Bestill DANA-byggesettet n\u00e5!<\/p>","protected":false},"excerpt":{"rendered":"<p>Byggesett av den klassiske fiskekutteren DANA i 1:60 skala. Perfekt for entusiaster av modellbygging og historisk maritimt h\u00e5ndverk.<\/p>","protected":false},"featured_media":7211,"comment_status":"open","ping_status":"closed","template":"","meta":[],"product_brand":[96],"product_cat":[53],"product_tag":[],"class_list":{"0":"post-7212","1":"product","2":"type-product","3":"status-publish","4":"has-post-thumbnail","6":"product_brand-billing-boats","7":"product_cat-bater-billing-boats","9":"first","10":"instock","11":"taxable","12":"shipping-taxable","13":"purchasable","14":"product-type-simple"},"_links":{"self":[{"href":"https:\/\/bigfunhobby.com\/sv\/wp-json\/wp\/v2\/product\/7212","targetHints":{"allow":["GET"]}}],"collection":[{"href":"https:\/\/bigfunhobby.com\/sv\/wp-json\/wp\/v2\/product"}],"about":[{"href":"https:\/\/bigfunhobby.com\/sv\/wp-json\/wp\/v2\/types\/product"}],"replies":[{"embeddable":true,"href":"https:\/\/bigfunhobby.com\/sv\/wp-json\/wp\/v2\/comments?post=7212"}],"wp:featuredmedia":[{"embeddable":true,"href":"https:\/\/bigfunhobby.com\/sv\/wp-json\/wp\/v2\/media\/7211"}],"wp:attachment":[{"href":"https:\/\/bigfunhobby.com\/sv\/wp-json\/wp\/v2\/media?parent=7212"}],"wp:term":[{"taxonomy":"product_brand","embeddable":true,"href":"https:\/\/bigfunhobby.com\/sv\/wp-json\/wp\/v2\/product_brand?post=7212"},{"taxonomy":"product_cat","embeddable":true,"href":"https:\/\/bigfunhobby.com\/sv\/wp-json\/wp\/v2\/product_cat?post=7212"},{"taxonomy":"product_tag","embeddable":true,"href":"https:\/\/bigfunhobby.com\/sv\/wp-json\/wp\/v2\/product_tag?post=7212"}],"curies":[{"name":"wp","href":"https:\/\/api.w.org\/{rel}","templated":true}]}}