{"id":7214,"date":"2025-03-08T17:10:38","date_gmt":"2025-03-08T17:10:38","guid":{"rendered":"https:\/\/bigfunhobby.com\/butikk\/1-84-santa-ana-trafalgar-reedition\/"},"modified":"2025-12-04T10:58:55","modified_gmt":"2025-12-04T08:58:55","slug":"1-84-santa-ana-trafalgar-reedition","status":"publish","type":"product","link":"https:\/\/bigfunhobby.com\/sv\/butikk\/1-84-santa-ana-trafalgar-reedition\/","title":{"rendered":"1\/84 SANTA ANA TRAFALGAR NYUTG\u00c5VA"},"content":{"rendered":"<h2>Santa Ana Trafalgar Reedition &#8211; Et detaljert byggesett for erfarne modellbyggere<\/h2>\n<p>Dette er et fornyet byggesett av det ber\u00f8mte spanske linjeskipet Santa Ana i skala 1:84. Skipet spilte en sentral rolle i slaget ved Trafalgar, og v\u00e5r treskipsmodell er en trofast og historisk korrekt gjengivelse av dette ikoniske skipet.<\/p>\n<h2>Specifikationer<\/h2>\n<p>Den ferdigmonterte modellen m\u00e5ler 1180 mm i lengde, 870 mm i h\u00f8yde og 460 mm i bredde. Modellens konstruksjon med falsk kj\u00f8l og rammer gj\u00f8r at monteringen ligner byggingen av det virkelige skipet.<\/p>\n<h2>Materialer av h\u00f8y kvalitet<\/h2>\n<p>Byggesettet inneholder deler av h\u00f8y kvalitet som massivt tre og kryssfiner av balsatre, sk\u00e5ret med presis laser. Detaljene omfatter blant annet messingfoto-etsede ark med detaljer som lanterner, rekkverk og kanondetaljer, seil laget av bomullskl\u00e6r &#8211; klare til \u00e5 plasseres, og bomullstr\u00e5der. Som en bonus f\u00f8lger det med en utstillingsbase i tre med et navneplate i metall, perfekt for \u00e5 vise frem mesterverket ditt.<\/p>\n<h2>V\u00e5r historia<\/h2>\n<p>Santa Ana var et sentralt skip i slaget ved Trafalgar. Med denne modellen kan du gjenopprette skipets utseende og artilleri slik det var i dette historiske slaget. Figuren av l\u00f8ven p\u00e5 skipet er en ny design, og artilleriet er korrigert i skala og er n\u00e5 mye mer detaljert, inkludert foto-etsede deler.<\/p>\n<h2>Kj\u00f8p Santa Ana Trafalgar Reedition<\/h2>\n<p>Med dette byggesettet kan du ta modellbygging til neste niv\u00e5. Perfekt for de som elsker historie og detaljer. Gj\u00f8r deg klar til \u00e5 dykke inn i en verden av n\u00f8yaktighet, detaljer og historisk n\u00f8yaktighet. <a href='URL'>K\u00f6p h\u00e4r<\/a>.<\/p>","protected":false},"excerpt":{"rendered":"<p>Byggesett av skipet Santa Ana fra slaget ved Trafalgar. Perfekt for erfarne modellbyggere som \u00f8nsker en detaljert og historisk korrekt treskipsmodell.<\/p>","protected":false},"featured_media":7213,"comment_status":"open","ping_status":"closed","template":"","meta":[],"product_brand":[97],"product_cat":[54],"product_tag":[],"class_list":{"0":"post-7214","1":"product","2":"type-product","3":"status-publish","4":"has-post-thumbnail","6":"product_brand-artesania","7":"product_cat-bater-artesania","9":"first","10":"instock","11":"taxable","12":"shipping-taxable","13":"purchasable","14":"product-type-simple"},"_links":{"self":[{"href":"https:\/\/bigfunhobby.com\/sv\/wp-json\/wp\/v2\/product\/7214","targetHints":{"allow":["GET"]}}],"collection":[{"href":"https:\/\/bigfunhobby.com\/sv\/wp-json\/wp\/v2\/product"}],"about":[{"href":"https:\/\/bigfunhobby.com\/sv\/wp-json\/wp\/v2\/types\/product"}],"replies":[{"embeddable":true,"href":"https:\/\/bigfunhobby.com\/sv\/wp-json\/wp\/v2\/comments?post=7214"}],"wp:featuredmedia":[{"embeddable":true,"href":"https:\/\/bigfunhobby.com\/sv\/wp-json\/wp\/v2\/media\/7213"}],"wp:attachment":[{"href":"https:\/\/bigfunhobby.com\/sv\/wp-json\/wp\/v2\/media?parent=7214"}],"wp:term":[{"taxonomy":"product_brand","embeddable":true,"href":"https:\/\/bigfunhobby.com\/sv\/wp-json\/wp\/v2\/product_brand?post=7214"},{"taxonomy":"product_cat","embeddable":true,"href":"https:\/\/bigfunhobby.com\/sv\/wp-json\/wp\/v2\/product_cat?post=7214"},{"taxonomy":"product_tag","embeddable":true,"href":"https:\/\/bigfunhobby.com\/sv\/wp-json\/wp\/v2\/product_tag?post=7214"}],"curies":[{"name":"wp","href":"https:\/\/api.w.org\/{rel}","templated":true}]}}