{"id":7216,"date":"2025-03-08T17:10:38","date_gmt":"2025-03-08T17:10:38","guid":{"rendered":"https:\/\/bigfunhobby.com\/butikk\/1100-absalon-dk-plastic-hull-l16-l17-decals\/"},"modified":"2025-12-04T10:58:55","modified_gmt":"2025-12-04T08:58:55","slug":"1100-absalon-dk-plast-skrov-l16-l17-dekaler","status":"publish","type":"product","link":"https:\/\/bigfunhobby.com\/sv\/butikk\/1100-absalon-dk-plastic-hull-l16-l17-decals\/","title":{"rendered":"1:100 Absalon DK -Plastic hull -NEW decals 2025"},"content":{"rendered":"<p>Upplev gl\u00e4djen i modellbyggandet med denna noggrant detaljerade plastmodell av det danska lednings- och st\u00f6dfartyget Absalon. Modellen \u00e4r i skala 1:100 och levereras med dekaler f\u00f6r L16\/L17, vilket ger en realistisk och autentisk modell av det imponerande fartyget.<\/p>\n<p><strong>Specifikationer:<\/strong><\/p>\n<ul>\n<li>Skala: 1:100<\/li>\n<li>Typ av modell Plastmodell<\/li>\n<li>Ing\u00e5r i leveransen: L16\/L17-dekaler<\/li>\n<\/ul>\n<p>Modellen f\u00f6rest\u00e4ller det 140 meter l\u00e5nga Absalon, ett fartyg som \u00e4r utformat f\u00f6r en rad olika nationella och internationella uppdrag. Det kan transportera bes\u00e4ttning och materiel, fungera som ledningsplattform f\u00f6r flyg-, sj\u00f6- och markoperationer, l\u00e4gga ut minor och fungera som sjukhusfartyg. Med ett 900 m2 stort flexibelt d\u00e4ck och en RO\/RO-ramp (roll-on-roll-off) i aktern \u00e4r Absalon en symbol f\u00f6r modern maritim teknik. Under 2008 och 2009 deltog fartyget aktivt i patrullering och tillf\u00e5ngatagande av pirater i vattnen runt Somalia.<\/p>\n<p>Oavsett om du \u00e4r en erfaren modellbyggare eller en entusiastisk nyb\u00f6rjare kommer den h\u00e4r plastmodellen att ge dig m\u00e5nga timmars bygggl\u00e4dje. Perfekt som en del av en maritim eller milit\u00e4rhistorisk samling, eller som ett unikt projekt f\u00f6r en modellentusiast.<\/p>\n<p>V\u00e4nta inte, l\u00e4gg till den h\u00e4r otroliga modellen i din samling idag. Best\u00e4ll nu!<\/p>","protected":false},"excerpt":{"rendered":"<p>Det h\u00e4r \u00e4r en detaljerad plastmodell av det danska lednings- och st\u00f6dfartyget Absalon i skala 1:100, komplett med dekaler f\u00f6r L16\/L17. Perfekt f\u00f6r modellbyggare med intresse f\u00f6r sj\u00f6fart och milit\u00e4rhistoria.<\/p>","protected":false},"featured_media":7215,"comment_status":"open","ping_status":"closed","template":"","meta":[],"product_brand":[96],"product_cat":[53],"product_tag":[],"class_list":{"0":"post-7216","1":"product","2":"type-product","3":"status-publish","4":"has-post-thumbnail","6":"product_brand-billing-boats","7":"product_cat-bater-billing-boats","9":"first","10":"onbackorder","11":"taxable","12":"shipping-taxable","13":"purchasable","14":"product-type-simple"},"_links":{"self":[{"href":"https:\/\/bigfunhobby.com\/sv\/wp-json\/wp\/v2\/product\/7216","targetHints":{"allow":["GET"]}}],"collection":[{"href":"https:\/\/bigfunhobby.com\/sv\/wp-json\/wp\/v2\/product"}],"about":[{"href":"https:\/\/bigfunhobby.com\/sv\/wp-json\/wp\/v2\/types\/product"}],"replies":[{"embeddable":true,"href":"https:\/\/bigfunhobby.com\/sv\/wp-json\/wp\/v2\/comments?post=7216"}],"wp:featuredmedia":[{"embeddable":true,"href":"https:\/\/bigfunhobby.com\/sv\/wp-json\/wp\/v2\/media\/7215"}],"wp:attachment":[{"href":"https:\/\/bigfunhobby.com\/sv\/wp-json\/wp\/v2\/media?parent=7216"}],"wp:term":[{"taxonomy":"product_brand","embeddable":true,"href":"https:\/\/bigfunhobby.com\/sv\/wp-json\/wp\/v2\/product_brand?post=7216"},{"taxonomy":"product_cat","embeddable":true,"href":"https:\/\/bigfunhobby.com\/sv\/wp-json\/wp\/v2\/product_cat?post=7216"},{"taxonomy":"product_tag","embeddable":true,"href":"https:\/\/bigfunhobby.com\/sv\/wp-json\/wp\/v2\/product_tag?post=7216"}],"curies":[{"name":"wp","href":"https:\/\/api.w.org\/{rel}","templated":true}]}}