{"id":7220,"date":"2025-03-08T17:10:39","date_gmt":"2025-03-08T17:10:39","guid":{"rendered":"https:\/\/bigfunhobby.com\/butikk\/115-colin-archer-rc-wood\/"},"modified":"2025-12-04T10:58:55","modified_gmt":"2025-12-04T08:58:55","slug":"115-colin-archer-rc-wood","status":"publish","type":"product","link":"https:\/\/bigfunhobby.com\/sv\/butikk\/115-colin-archer-rc-wood\/","title":{"rendered":"1:15 COLIN ARCHER RC - TR\u00c4"},"content":{"rendered":"<p>Utforsk gleden ved modellbygging med den imponerende Colin Archer RC treskipsmodellen. Med en skala p\u00e5 1:15 og en lengde p\u00e5 hele 1,27 meter, er dette byggesettet et fantastisk prosjekt for b\u00e5de erfarne byggmestere og lidenskapelige nybegynnere.<\/p>\n<p><strong>Specifikationer:<\/strong><\/p>\n<ul>\n<li>Skala: 1:15<\/li>\n<li>Sv\u00e5righetsgrad: Expert<\/li>\n<li>Lengde: 127 cm<\/li>\n<li>Bredde: 33 cm<\/li>\n<li>H\u00f8yde: 133 cm<\/li>\n<\/ul>\n<p>Byggesettet inneholder laserskj\u00e6rte tredeler og andre n\u00f8dvendige detaljer. Merk at modellen kan bygges til \u00e5 bli radiostyrt, men utstyr for dette medf\u00f8lger ikke. Du vil ogs\u00e5 trenge lim, verkt\u00f8y og lakk\/maling, som ikke f\u00f8lger med i settet.<\/p>\n<p>Colin Archer RC-modellen er basert p\u00e5 RS1, som ble bygd p\u00e5 skipsverftet Rekkevig n\u00e6r Larvik i 1893 for Redningsselskapet. Etter 40 \u00e5r som redningsskip, krysset skipet Atlanterhavet i 1938 og hadde flere eiere f\u00f8r det ble overtatt av Norsk Maritimt Museum i 1972. I dag er Colin Archer et velkommen innslag p\u00e5 historiske skipsamlinger i Nord-Europa.<\/p>\n<p>For \u00e5 gi modellen et autentisk utseende, anbefales f\u00f8lgende farger fra Billing Boats:<\/p>\n<ul>\n<li>Vit<\/li>\n<li>Smaragd<\/li>\n<li>Sea Blue<\/li>\n<li>Svart<\/li>\n<li>Gold<\/li>\n<li>Clear Gloss<\/li>\n<li>Satin Brown<\/li>\n<li>Copper<\/li>\n<li>Dark Ad Grey<\/li>\n<li>Signal Red<\/li>\n<li>Mahognybets<\/li>\n<\/ul>\n<p>La kreativiteten f\u00e5 fritt spillerom med dette detaljerte byggesettet. Nyt timene med h\u00e5ndverk og gjenopplev en viktig del av norsk sj\u00f8fartshistorie. <strong>Legg Colin Archer RC i handlekurven din og start ditt neste modellbyggingsprosjekt i dag!<\/strong><\/p>","protected":false},"excerpt":{"rendered":"<p>Gjenopplev historien med den detaljerte treskipsmodellen Colin Archer RC i skala 1:15. Perfekt for erfarne modellbyggere og entusiastiske nybegynnere som s\u00f8ker et utfordrende byggesett.<\/p>","protected":false},"featured_media":7219,"comment_status":"open","ping_status":"closed","template":"","meta":[],"product_brand":[96],"product_cat":[53],"product_tag":[],"class_list":{"0":"post-7220","1":"product","2":"type-product","3":"status-publish","4":"has-post-thumbnail","6":"product_brand-billing-boats","7":"product_cat-bater-billing-boats","9":"first","10":"instock","11":"taxable","12":"shipping-taxable","13":"purchasable","14":"product-type-simple"},"_links":{"self":[{"href":"https:\/\/bigfunhobby.com\/sv\/wp-json\/wp\/v2\/product\/7220","targetHints":{"allow":["GET"]}}],"collection":[{"href":"https:\/\/bigfunhobby.com\/sv\/wp-json\/wp\/v2\/product"}],"about":[{"href":"https:\/\/bigfunhobby.com\/sv\/wp-json\/wp\/v2\/types\/product"}],"replies":[{"embeddable":true,"href":"https:\/\/bigfunhobby.com\/sv\/wp-json\/wp\/v2\/comments?post=7220"}],"wp:featuredmedia":[{"embeddable":true,"href":"https:\/\/bigfunhobby.com\/sv\/wp-json\/wp\/v2\/media\/7219"}],"wp:attachment":[{"href":"https:\/\/bigfunhobby.com\/sv\/wp-json\/wp\/v2\/media?parent=7220"}],"wp:term":[{"taxonomy":"product_brand","embeddable":true,"href":"https:\/\/bigfunhobby.com\/sv\/wp-json\/wp\/v2\/product_brand?post=7220"},{"taxonomy":"product_cat","embeddable":true,"href":"https:\/\/bigfunhobby.com\/sv\/wp-json\/wp\/v2\/product_cat?post=7220"},{"taxonomy":"product_tag","embeddable":true,"href":"https:\/\/bigfunhobby.com\/sv\/wp-json\/wp\/v2\/product_tag?post=7220"}],"curies":[{"name":"wp","href":"https:\/\/api.w.org\/{rel}","templated":true}]}}