{"id":7224,"date":"2025-03-08T17:10:40","date_gmt":"2025-03-08T17:10:40","guid":{"rendered":"https:\/\/bigfunhobby.com\/butikk\/175-hms-victory\/"},"modified":"2025-12-04T10:58:55","modified_gmt":"2025-12-04T08:58:55","slug":"175-hms-victory","status":"publish","type":"product","link":"https:\/\/bigfunhobby.com\/sv\/butikk\/175-hms-victory\/","title":{"rendered":"1:75 HMS SEGER"},"content":{"rendered":"<p>Dette er en fantastisk modell av <strong>HMS Victory<\/strong>, et av de mest kjente britiske linjeskipene i historien. Byggesettet er i skala 1:75, noe som gir en imponerende og detaljert treskipsmodell som vil v\u00e6re et blikkfang i enhver samling.<\/p>\n<p>HMS Victory er ber\u00f8mt for \u00e5 ha v\u00e6rt Admiral Horatio Nelsons flaggskip under slaget ved Trafalgar. Skipet har en rik historie og ble brukt i flere trefninger og store slag. I dag er det et museumsskip i Portsmouth, England, hvor det \u00e5rlig mottar over 300 000 bes\u00f8kende.<\/p>\n<p>Modellen har en autentisk utforming med 32-pundere p\u00e5 det nederste dekket, 24-pundere p\u00e5 det midterste dekket og 16 pundere p\u00e5 det \u00f8verste dekket. Den er laget av h\u00f8ykvalitets materialer og er en perfekt utfordring for b\u00e5de nybegynnere og erfarne modellbyggere.<\/p>\n<p>Farger anbefalt for denne modellen er:<\/p>\n<ul>\n<li>BB No 7 Sea Blue<\/li>\n<li>BB No 9 Bright Red<\/li>\n<li>BB No 13 Trainer Yellow<\/li>\n<li>BB No 14 Matt White<\/li>\n<li>BB No 22 Flat Black<\/li>\n<li>BB No 23 Copper<\/li>\n<li>BB No 36 Mahogany Stain<\/li>\n<\/ul>\n<p>Om du er entusiastisk for historiske skip, modellbygging eller bare ser etter en ny og spennende hobby, er dette byggesettet av HMS Victory perfekt for deg. Ikke vent, start din modellbyggingsreise med dette utrolige treskipsmodellbyggesettet n\u00e5!<\/p>","protected":false},"excerpt":{"rendered":"<p>HMS Victory byggesett i skala 1:75. En detaljert treskipsmodell av Admiral Nelsons ber\u00f8mte flaggskip, perfekt for entusiaster av modellbygging og historiske skip.<\/p>","protected":false},"featured_media":7223,"comment_status":"open","ping_status":"closed","template":"","meta":[],"product_brand":[96],"product_cat":[53],"product_tag":[],"class_list":{"0":"post-7224","1":"product","2":"type-product","3":"status-publish","4":"has-post-thumbnail","6":"product_brand-billing-boats","7":"product_cat-bater-billing-boats","9":"first","10":"instock","11":"taxable","12":"shipping-taxable","13":"purchasable","14":"product-type-simple"},"_links":{"self":[{"href":"https:\/\/bigfunhobby.com\/sv\/wp-json\/wp\/v2\/product\/7224","targetHints":{"allow":["GET"]}}],"collection":[{"href":"https:\/\/bigfunhobby.com\/sv\/wp-json\/wp\/v2\/product"}],"about":[{"href":"https:\/\/bigfunhobby.com\/sv\/wp-json\/wp\/v2\/types\/product"}],"replies":[{"embeddable":true,"href":"https:\/\/bigfunhobby.com\/sv\/wp-json\/wp\/v2\/comments?post=7224"}],"wp:featuredmedia":[{"embeddable":true,"href":"https:\/\/bigfunhobby.com\/sv\/wp-json\/wp\/v2\/media\/7223"}],"wp:attachment":[{"href":"https:\/\/bigfunhobby.com\/sv\/wp-json\/wp\/v2\/media?parent=7224"}],"wp:term":[{"taxonomy":"product_brand","embeddable":true,"href":"https:\/\/bigfunhobby.com\/sv\/wp-json\/wp\/v2\/product_brand?post=7224"},{"taxonomy":"product_cat","embeddable":true,"href":"https:\/\/bigfunhobby.com\/sv\/wp-json\/wp\/v2\/product_cat?post=7224"},{"taxonomy":"product_tag","embeddable":true,"href":"https:\/\/bigfunhobby.com\/sv\/wp-json\/wp\/v2\/product_tag?post=7224"}],"curies":[{"name":"wp","href":"https:\/\/api.w.org\/{rel}","templated":true}]}}