{"id":7230,"date":"2025-03-08T17:10:41","date_gmt":"2025-03-08T17:10:41","guid":{"rendered":"https:\/\/bigfunhobby.com\/butikk\/150-nordkap\/"},"modified":"2025-12-04T10:58:55","modified_gmt":"2025-12-04T08:58:55","slug":"150-nordkap","status":"publish","type":"product","link":"https:\/\/bigfunhobby.com\/sv\/butikk\/150-nordkap\/","title":{"rendered":"1:50 NORDKAP"},"content":{"rendered":"<p>Ta turen tilbake til 1970 med 1:50 NORDKAP byggesett. Dette settet gir en autentisk fremstilling av en typisk Vesterhavstrawler, bygget p\u00e5 et britisk skipsverft. Basert p\u00e5 de originale skips-tegningene, gir dette byggesettet en unik og detaljert opplevelse av modellbygging.<\/p>\n<p>Settet er en fantastisk innf\u00f8ring i verdenen av modellbygging, men vil ogs\u00e5 v\u00e6re en utfordring for den mer erfarne modellbyggere. Dette settet vil gi deg mange timer med kreativ og underholdende hobbyaktivitet.<\/p>\n<ul>\n<li>Produktnavn: 1:50 NORDKAP<\/li>\n<li>Skala: 1:50<\/li>\n<li>Type: Vesterhavstrawler<\/li>\n<li>Bygge\u00e5r: 1970<\/li>\n<li>Material: Tre\/plast<\/li>\n<\/ul>\n<p>Dette er et flott byggesett for voksne som er interessert i modellbygging. Om du er en erfaren modellbygger eller en nybegynner, vil du finne mye glede i \u00e5 sette sammen denne klassiske Vesterhavstrawleren.<\/p>\n<p>Nordkap-trawleren har en rik historie, og ble bygget p\u00e5 et britisk skipsverft i 1970. Dette byggesettet gir deg sjansen til \u00e5 gjenoppleve en del av denne historien, og det er garantert \u00e5 gi deg en dypere forst\u00e5else og respekt for skipsbygging og design.<\/p>\n<p>Vil du oppleve gleden av modellbygging? Kj\u00f8p 1:50 NORDKAP byggesett i dag! Gj\u00f8r deg klar for mange timer med kreativitet og underholdning. Bestill n\u00e5 for \u00e5 starte ditt neste modellbyggingsprosjekt.<\/p>","protected":false},"excerpt":{"rendered":"<p>Opplev gleden av modellbygging med 1:50 NORDKAP, et byggesett som fremstiller en typisk Vesterhavstrawler bygget i 1970. Basert p\u00e5 de opprinnelige tegningene, er dette et perfekt sett for b\u00e5de nybegynnere og erfarne.<\/p>","protected":false},"featured_media":7229,"comment_status":"open","ping_status":"closed","template":"","meta":[],"product_brand":[96],"product_cat":[53],"product_tag":[],"class_list":{"0":"post-7230","1":"product","2":"type-product","3":"status-publish","4":"has-post-thumbnail","6":"product_brand-billing-boats","7":"product_cat-bater-billing-boats","9":"first","10":"instock","11":"taxable","12":"shipping-taxable","13":"purchasable","14":"product-type-simple"},"_links":{"self":[{"href":"https:\/\/bigfunhobby.com\/sv\/wp-json\/wp\/v2\/product\/7230","targetHints":{"allow":["GET"]}}],"collection":[{"href":"https:\/\/bigfunhobby.com\/sv\/wp-json\/wp\/v2\/product"}],"about":[{"href":"https:\/\/bigfunhobby.com\/sv\/wp-json\/wp\/v2\/types\/product"}],"replies":[{"embeddable":true,"href":"https:\/\/bigfunhobby.com\/sv\/wp-json\/wp\/v2\/comments?post=7230"}],"wp:featuredmedia":[{"embeddable":true,"href":"https:\/\/bigfunhobby.com\/sv\/wp-json\/wp\/v2\/media\/7229"}],"wp:attachment":[{"href":"https:\/\/bigfunhobby.com\/sv\/wp-json\/wp\/v2\/media?parent=7230"}],"wp:term":[{"taxonomy":"product_brand","embeddable":true,"href":"https:\/\/bigfunhobby.com\/sv\/wp-json\/wp\/v2\/product_brand?post=7230"},{"taxonomy":"product_cat","embeddable":true,"href":"https:\/\/bigfunhobby.com\/sv\/wp-json\/wp\/v2\/product_cat?post=7230"},{"taxonomy":"product_tag","embeddable":true,"href":"https:\/\/bigfunhobby.com\/sv\/wp-json\/wp\/v2\/product_tag?post=7230"}],"curies":[{"name":"wp","href":"https:\/\/api.w.org\/{rel}","templated":true}]}}