{"id":7232,"date":"2025-03-08T17:10:41","date_gmt":"2025-03-08T17:10:41","guid":{"rendered":"https:\/\/bigfunhobby.com\/butikk\/150-hms-endeavour-wooden-hull\/"},"modified":"2025-12-04T10:58:55","modified_gmt":"2025-12-04T08:58:55","slug":"150-hms-endeavour-wooden-hull","status":"publish","type":"product","link":"https:\/\/bigfunhobby.com\/sv\/butikk\/150-hms-endeavour-wooden-hull\/","title":{"rendered":"1:50 HMS Endeavour - Skrov av tr\u00e4"},"content":{"rendered":"<p>Dette er en n\u00f8ye detaljert treskipsmodell av HMS Endeavour, det ber\u00f8mte fart\u00f8yet som James Cook brukte til \u00e5 oppdage Australia og New Zealand. Modellen er skalert til 1:50 og gir en autentisk opplevelse av det historiske skipet. Dette byggesettet i tre er ideelt for erfarne modellbyggere som setter pris p\u00e5 kvalitet og detaljer.<\/p>\n<p><strong>Specifikationer:<\/strong><\/p>\n<ul>\n<li>Skala: 1\/50<\/li>\n<li>Vanskelighetsgrad: Viderekomne<\/li>\n<li>Lengde: 89 cm<\/li>\n<li>Bredde: 17,8 cm<\/li>\n<li>H\u00f8yde: 73 cm<\/li>\n<li>Lim, verkt\u00f8y og lakk\/maling er n\u00f8dvendig (ikke inkludert)<\/li>\n<\/ul>\n<p>Fart\u00f8yet HMS Endeavour er kjent for sin vitenskapelige reise til Stillehavet, Australia og New Zealand fra 1769 til 1771. HMS Endeavour gjorde mange viktige oppdagelser og unngikk katastrofer, som \u00e5 grunnst\u00f8te p\u00e5 Great Barrier Reef. Denne modellen gir deg muligheten til \u00e5 bygge en bit av sj\u00f8fartshistorien med dine egne hender.<\/p>\n<p>V\u00e5rt utvalg av modellbyggesett inkluderer alt du trenger for \u00e5 lage en detaljert og autentisk modell av HMS Endeavour. Ikke g\u00e5 glipp av denne muligheten til \u00e5 dykke ned i historien mens du bygger en fantastisk modell. Kj\u00f8p dette byggesettet i dag og begynn din reise inn i modellbyggingens verden!<\/p>","protected":false},"excerpt":{"rendered":"<p>Treskipsmodell av HMS Endeavour i skala 1:50, med laserskj\u00e6rte tredeler. Perfekt for erfarne modellbyggere som \u00f8nsker en detaljert og historisk modell.<\/p>","protected":false},"featured_media":7231,"comment_status":"open","ping_status":"closed","template":"","meta":[],"product_brand":[96],"product_cat":[53],"product_tag":[],"class_list":{"0":"post-7232","1":"product","2":"type-product","3":"status-publish","4":"has-post-thumbnail","6":"product_brand-billing-boats","7":"product_cat-bater-billing-boats","9":"first","10":"instock","11":"taxable","12":"shipping-taxable","13":"purchasable","14":"product-type-simple"},"_links":{"self":[{"href":"https:\/\/bigfunhobby.com\/sv\/wp-json\/wp\/v2\/product\/7232","targetHints":{"allow":["GET"]}}],"collection":[{"href":"https:\/\/bigfunhobby.com\/sv\/wp-json\/wp\/v2\/product"}],"about":[{"href":"https:\/\/bigfunhobby.com\/sv\/wp-json\/wp\/v2\/types\/product"}],"replies":[{"embeddable":true,"href":"https:\/\/bigfunhobby.com\/sv\/wp-json\/wp\/v2\/comments?post=7232"}],"wp:featuredmedia":[{"embeddable":true,"href":"https:\/\/bigfunhobby.com\/sv\/wp-json\/wp\/v2\/media\/7231"}],"wp:attachment":[{"href":"https:\/\/bigfunhobby.com\/sv\/wp-json\/wp\/v2\/media?parent=7232"}],"wp:term":[{"taxonomy":"product_brand","embeddable":true,"href":"https:\/\/bigfunhobby.com\/sv\/wp-json\/wp\/v2\/product_brand?post=7232"},{"taxonomy":"product_cat","embeddable":true,"href":"https:\/\/bigfunhobby.com\/sv\/wp-json\/wp\/v2\/product_cat?post=7232"},{"taxonomy":"product_tag","embeddable":true,"href":"https:\/\/bigfunhobby.com\/sv\/wp-json\/wp\/v2\/product_tag?post=7232"}],"curies":[{"name":"wp","href":"https:\/\/api.w.org\/{rel}","templated":true}]}}