{"id":7234,"date":"2025-03-08T17:10:42","date_gmt":"2025-03-08T17:10:42","guid":{"rendered":"https:\/\/bigfunhobby.com\/butikk\/160-mayflower\/"},"modified":"2025-12-04T10:58:55","modified_gmt":"2025-12-04T08:58:55","slug":"160-majblomma","status":"publish","type":"product","link":"https:\/\/bigfunhobby.com\/sv\/butikk\/160-mayflower\/","title":{"rendered":"1:60 MAYFLOWER"},"content":{"rendered":"<p>Dyk in i historien med v\u00e5rt Mayflower-kit i storlek 1:60. Denna tr\u00e4fartygsmodell \u00e4r en noggrann \u00e5terskapning av det ber\u00f6mda fartyget som seglade fr\u00e5n Plymouth i England 1620. Med 102 personer ombord tog det Mayflower 67 dagar att korsa Atlanten innan hon kastade ankar i hamnen som senare blev k\u00e4nd som Provincetown.<\/p>\n<p>Denna byggsats \u00e4r ett fantastiskt s\u00e4tt att utforska historien samtidigt som du utvecklar dina modelleringskunskaper. Det har utformats noggrant f\u00f6r att ge en autentisk modellupplevelse, vilket g\u00f6r det till ett utm\u00e4rkt val f\u00f6r b\u00e5de nyb\u00f6rjare och erfarna modellbyggare.<\/p>\n<ul>\n<li>Skala: 1:60<\/li>\n<li>Historisk modell med tre fartyg<\/li>\n<li>Perfekt f\u00f6r b\u00e5de nyb\u00f6rjare och erfarna modellbyggare<\/li>\n<\/ul>\n<p>Mayflower II, en kopia av det ursprungliga fartyget, byggdes 1957 i Brixham, Devon, och seglades till USA. Det ligger nu f\u00f6r ankar som en best\u00e5ende g\u00e5va till det amerikanska folket. Med detta kit kan du skapa din egen miniversion av detta historiska skepp.<\/p>\n<p>V\u00e5r byggsats Mayflower i skala 1:60 \u00e4r ett fantastiskt exempel p\u00e5 historisk modellering. Oavsett om du \u00e4r en entusiastisk modellbyggare eller bara fascinerad av historia \u00e4r den h\u00e4r satsen ett utm\u00e4rkt val. K\u00f6p ditt Mayflower-kit idag och b\u00f6rja din resa in i historien.<\/p>","protected":false},"excerpt":{"rendered":"<p>Upplev historien med denna detaljerade modellbyggsats Mayflower i skala 1:60. Perfekt f\u00f6r b\u00e5de nyb\u00f6rjare och erfarna modellbyggare.<\/p>","protected":false},"featured_media":7233,"comment_status":"open","ping_status":"closed","template":"","meta":[],"product_brand":[96],"product_cat":[53],"product_tag":[],"class_list":{"0":"post-7234","1":"product","2":"type-product","3":"status-publish","4":"has-post-thumbnail","6":"product_brand-billing-boats","7":"product_cat-bater-billing-boats","9":"first","10":"instock","11":"taxable","12":"shipping-taxable","13":"purchasable","14":"product-type-simple"},"_links":{"self":[{"href":"https:\/\/bigfunhobby.com\/sv\/wp-json\/wp\/v2\/product\/7234","targetHints":{"allow":["GET"]}}],"collection":[{"href":"https:\/\/bigfunhobby.com\/sv\/wp-json\/wp\/v2\/product"}],"about":[{"href":"https:\/\/bigfunhobby.com\/sv\/wp-json\/wp\/v2\/types\/product"}],"replies":[{"embeddable":true,"href":"https:\/\/bigfunhobby.com\/sv\/wp-json\/wp\/v2\/comments?post=7234"}],"wp:featuredmedia":[{"embeddable":true,"href":"https:\/\/bigfunhobby.com\/sv\/wp-json\/wp\/v2\/media\/7233"}],"wp:attachment":[{"href":"https:\/\/bigfunhobby.com\/sv\/wp-json\/wp\/v2\/media?parent=7234"}],"wp:term":[{"taxonomy":"product_brand","embeddable":true,"href":"https:\/\/bigfunhobby.com\/sv\/wp-json\/wp\/v2\/product_brand?post=7234"},{"taxonomy":"product_cat","embeddable":true,"href":"https:\/\/bigfunhobby.com\/sv\/wp-json\/wp\/v2\/product_cat?post=7234"},{"taxonomy":"product_tag","embeddable":true,"href":"https:\/\/bigfunhobby.com\/sv\/wp-json\/wp\/v2\/product_tag?post=7234"}],"curies":[{"name":"wp","href":"https:\/\/api.w.org\/{rel}","templated":true}]}}