{"id":7238,"date":"2025-03-08T17:10:42","date_gmt":"2025-03-08T17:10:42","guid":{"rendered":"https:\/\/bigfunhobby.com\/butikk\/125-oseberg-special\/"},"modified":"2025-12-04T10:58:55","modified_gmt":"2025-12-04T08:58:55","slug":"125-oseberg-special","status":"publish","type":"product","link":"https:\/\/bigfunhobby.com\/sv\/butikk\/125-oseberg-special\/","title":{"rendered":"1:25 OSEBERG SPECIAL"},"content":{"rendered":"<p>Dyk ned i historien med 1:25 Oseberg Special, et fascinerende byggesett for treskipsmodeller. Bygget p\u00e5 det \u00e6refulle Oseberg-skipet, gir dette byggesettet deg muligheten til \u00e5 gjenoppleve en del av Norges stolte sj\u00f8fartsarv.<\/p>\n<p>Funnet i Oseberg i Vestfold i 1903, hvilende p\u00e5 en &#8216;seng&#8217; av bl\u00e5leire, dekket av torv og en stor mengde stein, er Oseberg-skipet et levende vitnesbyrd til vikingtiden. Bygget i siste halvdel av 800-tallet og gravlagt ca. 50 \u00e5r senere, er skipet ca. 50 &#8211; 100 \u00e5r eldre enn andre kjente vikingskip. Det l\u00e5 lavt i vannet, noe som indikerer at det m\u00e5 ha v\u00e6rt et forholdsvis farlig skip n\u00e5r det var under seil.<\/p>\n<ul>\n<li>Skala: 1:25<\/li>\n<li>Historisk korrekt byggesett<\/li>\n<li>L\u00e4mplig f\u00f6r b\u00e5de nyb\u00f6rjare och erfarna modellbyggare<\/li>\n<\/ul>\n<p>Med dette byggesettet kan du utforske b\u00e5de historie og modellbygging. Det er en perfekt aktivitet for b\u00e5de nybegynnere og erfarne modellbyggere. Ved \u00e5 bygge Oseberg-skipet, vil du f\u00e5 en dypere forst\u00e5else av b\u00e5de vikingtiden og skipsbygging, samtidig som du utvikler ferdighetene dine innen modellbygging.<\/p>\n<p>Ikke vent, ta steget inn i vikingtiden. Kj\u00f8p 1:25 Oseberg Special i dag og begynn din reise i historien og modellbygging.<\/p>","protected":false},"excerpt":{"rendered":"<p>1:25 Oseberg Special er et unikt byggesett for treskipsmodeller, basert p\u00e5 det historiske vikingskipet funnet i Norge. Perfekt for b\u00e5de nybegynnere og erfarne modellbyggere.<\/p>","protected":false},"featured_media":7237,"comment_status":"open","ping_status":"closed","template":"","meta":[],"product_brand":[96],"product_cat":[53],"product_tag":[],"class_list":{"0":"post-7238","1":"product","2":"type-product","3":"status-publish","4":"has-post-thumbnail","6":"product_brand-billing-boats","7":"product_cat-bater-billing-boats","9":"first","10":"instock","11":"taxable","12":"shipping-taxable","13":"purchasable","14":"product-type-simple"},"_links":{"self":[{"href":"https:\/\/bigfunhobby.com\/sv\/wp-json\/wp\/v2\/product\/7238","targetHints":{"allow":["GET"]}}],"collection":[{"href":"https:\/\/bigfunhobby.com\/sv\/wp-json\/wp\/v2\/product"}],"about":[{"href":"https:\/\/bigfunhobby.com\/sv\/wp-json\/wp\/v2\/types\/product"}],"replies":[{"embeddable":true,"href":"https:\/\/bigfunhobby.com\/sv\/wp-json\/wp\/v2\/comments?post=7238"}],"wp:featuredmedia":[{"embeddable":true,"href":"https:\/\/bigfunhobby.com\/sv\/wp-json\/wp\/v2\/media\/7237"}],"wp:attachment":[{"href":"https:\/\/bigfunhobby.com\/sv\/wp-json\/wp\/v2\/media?parent=7238"}],"wp:term":[{"taxonomy":"product_brand","embeddable":true,"href":"https:\/\/bigfunhobby.com\/sv\/wp-json\/wp\/v2\/product_brand?post=7238"},{"taxonomy":"product_cat","embeddable":true,"href":"https:\/\/bigfunhobby.com\/sv\/wp-json\/wp\/v2\/product_cat?post=7238"},{"taxonomy":"product_tag","embeddable":true,"href":"https:\/\/bigfunhobby.com\/sv\/wp-json\/wp\/v2\/product_tag?post=7238"}],"curies":[{"name":"wp","href":"https:\/\/api.w.org\/{rel}","templated":true}]}}