{"id":7250,"date":"2025-03-08T17:10:45","date_gmt":"2025-03-08T17:10:45","guid":{"rendered":"https:\/\/bigfunhobby.com\/butikk\/1-350-tirpitz\/"},"modified":"2025-12-04T10:58:55","modified_gmt":"2025-12-04T08:58:55","slug":"1-350-tirpitz","status":"publish","type":"product","link":"https:\/\/bigfunhobby.com\/sv\/butikk\/1-350-tirpitz\/","title":{"rendered":"1\/350 TIRPITZ"},"content":{"rendered":"<p>Denna modell \u00e5terskapar det ikoniska slagskeppet <strong>Tirpitz<\/strong> i skala 1\/350, och \u00e4r ett imponerande projekt f\u00f6r modellbyggare med \u00f6ga f\u00f6r detaljer och historia. Tirpitz var systerfartyg till Bismarck och tillh\u00f6rde Kriegsmarine, den tyska flottan under andra v\u00e4rldskriget. Fartyget var stationerat i Norge fr\u00e5n 1942 och s\u00e4nktes n\u00e4ra Troms\u00f6 1944, vilket g\u00f6r det till en central del av krigshistorien i den norra delen av landet.<\/p>\n<p>Med byggsatsen kan du skapa en autentisk miniatyr av fartyget, komplett med historiskt korrekta detaljer och f\u00e4rgrekommendationer f\u00f6r korrekt f\u00e4rg\u00e5tergivning.<\/p>\n<ul>\n<li>Skala: 1\/350<\/li>\n<li>Typ av modell: Byggsats i plast av slagskepp<\/li>\n<li>Rekommendationer f\u00f6r f\u00e4rg:\n<ul>\n<li>XF-1 - Platt svart<\/li>\n<li>XF-2 - Platt vit<\/li>\n<li>XF-23 - Ljusbl\u00e5<\/li>\n<li>XF-24 - M\u00f6rkgr\u00e5<\/li>\n<li>XF-26 - Djupgr\u00f6n<\/li>\n<li>XF-52 - Platt jord<\/li>\n<li>XF-54 - M\u00f6rkt havsgr\u00e5<\/li>\n<li>XF-55 - Solbr\u00e4nt d\u00e4ck<\/li>\n<li>XF-9 - Hull Red<\/li>\n<\/ul>\n<\/li>\n<\/ul>\n<p>Detta \u00e4r en idealisk byggsats f\u00f6r dem som vill ha en realistisk reproduktion av en historisk krigsmaskin. <strong>Best\u00e4ll nu och f\u00e5 ett unikt projekt p\u00e5 din arbetsb\u00e4nk!<\/strong><\/p>","protected":false},"excerpt":{"rendered":"<p>Detaljerad modellbyggsats av det tyska slagskeppet Tirpitz i skala 1\/350. Perfekt f\u00f6r dig som \u00e4r intresserad av historiska \u00f6rlogsfartyg och realistisk modellering.<\/p>","protected":false},"featured_media":7249,"comment_status":"open","ping_status":"closed","template":"","meta":[],"product_brand":[99],"product_cat":[56],"product_tag":[],"class_list":{"0":"post-7250","1":"product","2":"type-product","3":"status-publish","4":"has-post-thumbnail","6":"product_brand-tamiya","7":"product_cat-bater","9":"first","10":"instock","11":"taxable","12":"shipping-taxable","13":"purchasable","14":"product-type-simple"},"_links":{"self":[{"href":"https:\/\/bigfunhobby.com\/sv\/wp-json\/wp\/v2\/product\/7250","targetHints":{"allow":["GET"]}}],"collection":[{"href":"https:\/\/bigfunhobby.com\/sv\/wp-json\/wp\/v2\/product"}],"about":[{"href":"https:\/\/bigfunhobby.com\/sv\/wp-json\/wp\/v2\/types\/product"}],"replies":[{"embeddable":true,"href":"https:\/\/bigfunhobby.com\/sv\/wp-json\/wp\/v2\/comments?post=7250"}],"wp:featuredmedia":[{"embeddable":true,"href":"https:\/\/bigfunhobby.com\/sv\/wp-json\/wp\/v2\/media\/7249"}],"wp:attachment":[{"href":"https:\/\/bigfunhobby.com\/sv\/wp-json\/wp\/v2\/media?parent=7250"}],"wp:term":[{"taxonomy":"product_brand","embeddable":true,"href":"https:\/\/bigfunhobby.com\/sv\/wp-json\/wp\/v2\/product_brand?post=7250"},{"taxonomy":"product_cat","embeddable":true,"href":"https:\/\/bigfunhobby.com\/sv\/wp-json\/wp\/v2\/product_cat?post=7250"},{"taxonomy":"product_tag","embeddable":true,"href":"https:\/\/bigfunhobby.com\/sv\/wp-json\/wp\/v2\/product_tag?post=7250"}],"curies":[{"name":"wp","href":"https:\/\/api.w.org\/{rel}","templated":true}]}}