{"id":7254,"date":"2025-03-08T17:10:45","date_gmt":"2025-03-08T17:10:45","guid":{"rendered":"https:\/\/bigfunhobby.com\/butikk\/flexisander-dual-grit-x3-80x30x6mm\/"},"modified":"2026-01-01T14:46:26","modified_gmt":"2026-01-01T12:46:26","slug":"flexislip-dubbelkorn-x3-80x30x6mm","status":"publish","type":"product","link":"https:\/\/bigfunhobby.com\/sv\/butikk\/flexisander-dual-grit-x3-80x30x6mm\/","title":{"rendered":"FLEXISLIP MED DUBBLA KORN X3 (80X30X6MM)"},"content":{"rendered":"<h3><strong>FLEXISLIP MED DUBBLA KORN X3 (80X30X6MM)<\/strong><\/h3>\n<p>F\u00f6r alla niv\u00e5er av modellentusiaster \u00e4r FLEXISANDER DUAL GRIT X3 ett oumb\u00e4rligt verktyg f\u00f6r att uppn\u00e5 den ultimata finishen p\u00e5 dina projekt. Detta set inneh\u00e5ller 3 flexibla slipmaskiner som \u00e4r b\u00e5de tv\u00e4ttbara och \u00e5teranv\u00e4ndbara, vilket g\u00f6r dem till ett b\u00e5de ekonomiskt och milj\u00f6v\u00e4nligt val.<\/p>\n<p>Dessa slipmaskiner \u00e4r idealiska f\u00f6r fartygsmodeller i b\u00e5de plast och tr\u00e4 och erbjuder olika kombinationer av slipkorn f\u00f6r att passa alla dina behov:<\/p>\n<ul>\n<li>Grov (60\/100): Effektiv f\u00f6r materialavverkning.<\/li>\n<li>Medium (240\/400): Perfekt f\u00f6r blandning och utj\u00e4mning.<\/li>\n<li>Fin (600\/1000): F\u00f6r den sista finishen och poleringen.<\/li>\n<\/ul>\n<p>Oavsett om du arbetar med en detaljerad skalmodell, en komplex byggsats f\u00f6r vuxna eller en exakt modellj\u00e4rnv\u00e4g kommer FLEXISANDER DUAL GRIT X3 att bli ett ov\u00e4rderligt tillskott till din verktygsl\u00e5da.<\/p>\n<p>Oavsett om du \u00e4r en erfaren modellbyggare eller nyb\u00f6rjare kommer du att uppskatta den h\u00f6ga kvalitet och m\u00e5ngsidighet som FLEXISANDER DUAL GRIT X3 erbjuder. V\u00e4nta inte l\u00e4ngre, f\u00f6rb\u00e4ttra resultaten av dina modelleringsprojekt genom att best\u00e4lla FLEXISANDER DUAL GRIT X3 idag!<\/p>","protected":false},"excerpt":{"rendered":"<p>FLEXISANDER DUAL GRIT X3 \u00e4r en upps\u00e4ttning med 3 \u00e5teranv\u00e4ndbara och tv\u00e4ttbara slipmaskiner, perfekta f\u00f6r modellering och detaljarbete.<\/p>","protected":false},"featured_media":7253,"comment_status":"open","ping_status":"closed","template":"","meta":[],"product_brand":[],"product_cat":[58],"product_tag":[],"class_list":{"0":"post-7254","1":"product","2":"type-product","3":"status-publish","4":"has-post-thumbnail","6":"product_cat-verktoy","8":"first","9":"instock","10":"taxable","11":"shipping-taxable","12":"purchasable","13":"product-type-simple"},"_links":{"self":[{"href":"https:\/\/bigfunhobby.com\/sv\/wp-json\/wp\/v2\/product\/7254","targetHints":{"allow":["GET"]}}],"collection":[{"href":"https:\/\/bigfunhobby.com\/sv\/wp-json\/wp\/v2\/product"}],"about":[{"href":"https:\/\/bigfunhobby.com\/sv\/wp-json\/wp\/v2\/types\/product"}],"replies":[{"embeddable":true,"href":"https:\/\/bigfunhobby.com\/sv\/wp-json\/wp\/v2\/comments?post=7254"}],"wp:featuredmedia":[{"embeddable":true,"href":"https:\/\/bigfunhobby.com\/sv\/wp-json\/wp\/v2\/media\/7253"}],"wp:attachment":[{"href":"https:\/\/bigfunhobby.com\/sv\/wp-json\/wp\/v2\/media?parent=7254"}],"wp:term":[{"taxonomy":"product_brand","embeddable":true,"href":"https:\/\/bigfunhobby.com\/sv\/wp-json\/wp\/v2\/product_brand?post=7254"},{"taxonomy":"product_cat","embeddable":true,"href":"https:\/\/bigfunhobby.com\/sv\/wp-json\/wp\/v2\/product_cat?post=7254"},{"taxonomy":"product_tag","embeddable":true,"href":"https:\/\/bigfunhobby.com\/sv\/wp-json\/wp\/v2\/product_tag?post=7254"}],"curies":[{"name":"wp","href":"https:\/\/api.w.org\/{rel}","templated":true}]}}