{"id":7260,"date":"2025-03-08T17:10:46","date_gmt":"2025-03-08T17:10:46","guid":{"rendered":"https:\/\/bigfunhobby.com\/butikk\/cocraft-universalklemme\/"},"modified":"2025-12-04T10:58:55","modified_gmt":"2025-12-04T08:58:55","slug":"cocraft-universalklamma","status":"publish","type":"product","link":"https:\/\/bigfunhobby.com\/sv\/butikk\/cocraft-universalklemme\/","title":{"rendered":"Cocraft universalkl\u00e4mma"},"content":{"rendered":"<p>Bekanta dig med Cocrafts universalkl\u00e4mma, det perfekta verktyget f\u00f6r alla modelleringsprojekt. Denna universella kl\u00e4mma \u00e4r perfekt f\u00f6r att pressa ihop arbetsstycken, s\u00e4rskilt vid limning. Den \u00e4r en oers\u00e4ttlig del av alla byggsatser, oavsett om det g\u00e4ller skeppsmodeller i tr\u00e4, plastmodeller, modellj\u00e4rnv\u00e4gar eller fj\u00e4rrstyrda fordon.<\/p>\n<p>En av de viktigaste egenskaperna hos Cocraft universalkl\u00e4mma \u00e4r de r\u00f6rliga k\u00e4ftarna. Detta g\u00f6r att du kan justera kl\u00e4mman efter dina behov, vilket ger st\u00f6rre flexibilitet under modellbyggandet. Universalkl\u00e4mman \u00e4r ocks\u00e5 utrustad med en kraftfull fj\u00e4der som s\u00e4kerst\u00e4ller en stark och stabil kl\u00e4mkraft.<\/p>\n<p>Det r\u00e5der ingen tvekan om att Cocraft universalkl\u00e4mma \u00e4r tillverkad av robusta och h\u00e5llbara material, vilket garanterar l\u00e5ngvarig anv\u00e4ndning. Det h\u00e4r \u00e4r ett verktyg som kommer att st\u00e5 emot tidens tand, oavsett hur m\u00e5nga modelleringsprojekt du tar dig an.<\/p>\n<p>Modellering \u00e4r en popul\u00e4r hobby och med Cocraft universalkl\u00e4mma kan du ta dina projekt till n\u00e4sta niv\u00e5. Oavsett om du \u00e4r en erfaren entusiast eller nyb\u00f6rjare \u00e4r det h\u00e4r verktyget viktigt f\u00f6r att uppn\u00e5 b\u00e4sta m\u00f6jliga resultat.<\/p>\n<p>V\u00e4nta inte l\u00e4ngre. Ta din modellering till en ny niv\u00e5. Best\u00e4ll din Cocraft universalkl\u00e4mma idag och upplev skillnaden som ett kvalitetsverktyg kan g\u00f6ra.<\/p>","protected":false},"excerpt":{"rendered":"<p>Cocraft universalkl\u00e4mma \u00e4r en viktig del av modelleringsprojekt, perfekt f\u00f6r att pressa ihop arbetsstycken vid limning. Utrustad med r\u00f6rliga k\u00e4ftar och kraftig fj\u00e4der f\u00f6r maximal effektivitet.<\/p>","protected":false},"featured_media":7259,"comment_status":"open","ping_status":"closed","template":"","meta":[],"product_brand":[100],"product_cat":[58],"product_tag":[],"class_list":{"0":"post-7260","1":"product","2":"type-product","3":"status-publish","4":"has-post-thumbnail","6":"product_brand-cocraft","7":"product_cat-verktoy","9":"first","10":"instock","11":"taxable","12":"shipping-taxable","13":"purchasable","14":"product-type-simple"},"_links":{"self":[{"href":"https:\/\/bigfunhobby.com\/sv\/wp-json\/wp\/v2\/product\/7260","targetHints":{"allow":["GET"]}}],"collection":[{"href":"https:\/\/bigfunhobby.com\/sv\/wp-json\/wp\/v2\/product"}],"about":[{"href":"https:\/\/bigfunhobby.com\/sv\/wp-json\/wp\/v2\/types\/product"}],"replies":[{"embeddable":true,"href":"https:\/\/bigfunhobby.com\/sv\/wp-json\/wp\/v2\/comments?post=7260"}],"wp:featuredmedia":[{"embeddable":true,"href":"https:\/\/bigfunhobby.com\/sv\/wp-json\/wp\/v2\/media\/7259"}],"wp:attachment":[{"href":"https:\/\/bigfunhobby.com\/sv\/wp-json\/wp\/v2\/media?parent=7260"}],"wp:term":[{"taxonomy":"product_brand","embeddable":true,"href":"https:\/\/bigfunhobby.com\/sv\/wp-json\/wp\/v2\/product_brand?post=7260"},{"taxonomy":"product_cat","embeddable":true,"href":"https:\/\/bigfunhobby.com\/sv\/wp-json\/wp\/v2\/product_cat?post=7260"},{"taxonomy":"product_tag","embeddable":true,"href":"https:\/\/bigfunhobby.com\/sv\/wp-json\/wp\/v2\/product_tag?post=7260"}],"curies":[{"name":"wp","href":"https:\/\/api.w.org\/{rel}","templated":true}]}}