{"id":7276,"date":"2025-03-08T17:10:50","date_gmt":"2025-03-08T17:10:50","guid":{"rendered":"https:\/\/bigfunhobby.com\/butikk\/jackel-coyote-photo-etch-parts\/"},"modified":"2025-12-04T10:58:57","modified_gmt":"2025-12-04T08:58:57","slug":"jackel-prarievarg-foto-etsning-delar","status":"publish","type":"product","link":"https:\/\/bigfunhobby.com\/sv\/butikk\/jackel-coyote-photo-etch-parts\/","title":{"rendered":"Jackel \/ Coyote Foto Etsning Delar"},"content":{"rendered":"<p>Vill du ta dina modelleringsprojekt till n\u00e4sta niv\u00e5? D\u00e5 \u00e4r Jakkel \/ Coyote Photo Etch Parts det perfekta valet f\u00f6r dig. Dessa h\u00f6gkvalitativa delar \u00e4r gjorda f\u00f6r att l\u00e4gga till realistiska detaljer i dina modelleringsprojekt, vilket g\u00f6r dem idealiska f\u00f6r b\u00e5de nyb\u00f6rjare och erfarna entusiaster.<\/p>\n<p>Specifikationerna f\u00f6r Jakkel\/Coyote Photo Etch Parts \u00e4r utformade f\u00f6r att ge dina modellprojekt ett s\u00e5 autentiskt utseende och k\u00e4nsla som m\u00f6jligt. De \u00e4r utformade f\u00f6r att vara l\u00e4tta att arbeta med, s\u00e5 att du kan anv\u00e4nda dem f\u00f6r att l\u00e4gga till de finjusterade detaljerna som verkligen ger dina modeller liv.<\/p>\n<p>Dessa delar \u00e4r tillverkade av h\u00f6gkvalitativa material som garanterar h\u00e5llbarhet och l\u00e5ng livsl\u00e4ngd. De \u00e4r ocks\u00e5 utformade f\u00f6r att vara l\u00e4tta att arbeta med, vilket g\u00f6r dem idealiska f\u00f6r b\u00e5de nyb\u00f6rjare och erfarna modellbyggare.<\/p>\n<p>Oavsett om du \u00e4r en erfaren modellbyggare eller nyb\u00f6rjare kommer Jakkel\/Coyote Photo Etch Parts att ge dig de verktyg du beh\u00f6ver f\u00f6r att skapa imponerande och realistiska modeller. S\u00e5 varf\u00f6r v\u00e4nta? B\u00f6rja utforska dina modelleringsm\u00f6jligheter med Jakkel \/ Coyote Photo Etch Parts idag.<\/p>\n<p>Best\u00e4ll nu och upplev skillnaden i detaljer som Jakkel\/Coyote Photo Etch Parts kan g\u00f6ra f\u00f6r dina modelleringsprojekt.<\/p>","protected":false},"excerpt":{"rendered":"<p>Jakkel \/ Coyote Photo Etch Parts \u00e4r modelleringsdelar av h\u00f6g kvalitet, idealiska f\u00f6r b\u00e5de nya och erfarna entusiaster som vill l\u00e4gga till detaljer i sina projekt.<\/p>","protected":false},"featured_media":7275,"comment_status":"open","ping_status":"closed","template":"","meta":[],"product_brand":[101],"product_cat":[59],"product_tag":[],"class_list":{"0":"post-7276","1":"product","2":"type-product","3":"status-publish","4":"has-post-thumbnail","6":"product_brand-airfix","7":"product_cat-militaer-til-lands","9":"first","10":"instock","11":"taxable","12":"shipping-taxable","13":"purchasable","14":"product-type-simple"},"_links":{"self":[{"href":"https:\/\/bigfunhobby.com\/sv\/wp-json\/wp\/v2\/product\/7276","targetHints":{"allow":["GET"]}}],"collection":[{"href":"https:\/\/bigfunhobby.com\/sv\/wp-json\/wp\/v2\/product"}],"about":[{"href":"https:\/\/bigfunhobby.com\/sv\/wp-json\/wp\/v2\/types\/product"}],"replies":[{"embeddable":true,"href":"https:\/\/bigfunhobby.com\/sv\/wp-json\/wp\/v2\/comments?post=7276"}],"wp:featuredmedia":[{"embeddable":true,"href":"https:\/\/bigfunhobby.com\/sv\/wp-json\/wp\/v2\/media\/7275"}],"wp:attachment":[{"href":"https:\/\/bigfunhobby.com\/sv\/wp-json\/wp\/v2\/media?parent=7276"}],"wp:term":[{"taxonomy":"product_brand","embeddable":true,"href":"https:\/\/bigfunhobby.com\/sv\/wp-json\/wp\/v2\/product_brand?post=7276"},{"taxonomy":"product_cat","embeddable":true,"href":"https:\/\/bigfunhobby.com\/sv\/wp-json\/wp\/v2\/product_cat?post=7276"},{"taxonomy":"product_tag","embeddable":true,"href":"https:\/\/bigfunhobby.com\/sv\/wp-json\/wp\/v2\/product_tag?post=7276"}],"curies":[{"name":"wp","href":"https:\/\/api.w.org\/{rel}","templated":true}]}}