{"id":7293,"date":"2025-03-08T17:10:53","date_gmt":"2025-03-08T17:10:53","guid":{"rendered":"https:\/\/bigfunhobby.com\/butikk\/the-kit-moddellers-tool-set-medium\/"},"modified":"2025-12-04T10:58:57","modified_gmt":"2025-12-04T08:58:57","slug":"kit-modellerare-verktygssats-medium","status":"publish","type":"product","link":"https:\/\/bigfunhobby.com\/sv\/butikk\/the-kit-moddellers-tool-set-medium\/","title":{"rendered":"Kit-modellbyggarens verktygssats medium"},"content":{"rendered":"<p>Medium \"The Kit modeller's Tool Set\" \u00e4r en komplett verktygssats som \u00e4r utformad f\u00f6r alla niv\u00e5er av modellbyggare. Oavsett om du \u00e4r nyb\u00f6rjare och precis har uppt\u00e4ckt gl\u00e4djen med modellering eller en erfaren entusiast som letar efter en ny upps\u00e4ttning verktyg \u00e4r den h\u00e4r produkten det perfekta valet f\u00f6r dig.<\/p>\n<p>Denna verktygssats \u00e4r perfekt f\u00f6r att bygga en m\u00e4ngd olika modeller. Den inneh\u00e5ller allt du beh\u00f6ver f\u00f6r att arbeta med plastmodeller och skeppsmodeller i tr\u00e4, men \u00e4ven modellj\u00e4rnv\u00e4gar och fj\u00e4rrstyrda fordon. Varje enskild del i denna upps\u00e4ttning \u00e4r skapad med h\u00f6g precision f\u00f6r att garantera kvalitet i varje detalj av din modellering.<\/p>\n<ul>\n<li>Perfekt f\u00f6r b\u00e5de nyb\u00f6rjare och erfarna modellbyggare<\/li>\n<li>Komplett verktygssats f\u00f6r att bygga plastmodeller, fartygsmodeller i tr\u00e4, modellj\u00e4rnv\u00e4gar och fj\u00e4rrstyrda fordon<\/li>\n<li>Precision och kvalitet i varje verktyg<\/li>\n<\/ul>\n<p>Modellering \u00e4r en konst som har funnits i m\u00e5nga \u00e5r. Fr\u00e5n de tidigaste modellerna av tr\u00e4skepp till moderna plastmodeller och modellj\u00e4rnv\u00e4gar har m\u00e4nniskor alltid varit fascinerade av att skapa miniatyrversioner av verkligheten. Med \"The Kit modeller's Tool Set\" kan du bli en del av denna rika tradition och skapa dina egna m\u00e4sterverk.<\/p>\n<p>Ta din modellering till n\u00e4sta niv\u00e5 med \"The Kit modeller's Tool Set\". K\u00f6p h\u00e4r och ta f\u00f6rsta steget mot att skapa din egen miniatyrv\u00e4rld.<\/p>","protected":false},"excerpt":{"rendered":"<p>Medium \"The Kit modeller's Tool Set\" \u00e4r en idealisk verktygssats f\u00f6r b\u00e5de nyb\u00f6rjare och erfarna modellbyggare. Satsen inneh\u00e5ller alla n\u00f6dv\u00e4ndiga verktyg f\u00f6r att bygga plastmodeller, tr\u00e4fartyg, modellj\u00e4rnv\u00e4gar och fj\u00e4rrstyrda fordon.<\/p>","protected":false},"featured_media":7292,"comment_status":"open","ping_status":"closed","template":"","meta":[],"product_brand":[102],"product_cat":[58],"product_tag":[],"class_list":{"0":"post-7293","1":"product","2":"type-product","3":"status-publish","4":"has-post-thumbnail","6":"product_brand-humbrol","7":"product_cat-verktoy","9":"first","10":"outofstock","11":"taxable","12":"shipping-taxable","13":"purchasable","14":"product-type-simple"},"_links":{"self":[{"href":"https:\/\/bigfunhobby.com\/sv\/wp-json\/wp\/v2\/product\/7293","targetHints":{"allow":["GET"]}}],"collection":[{"href":"https:\/\/bigfunhobby.com\/sv\/wp-json\/wp\/v2\/product"}],"about":[{"href":"https:\/\/bigfunhobby.com\/sv\/wp-json\/wp\/v2\/types\/product"}],"replies":[{"embeddable":true,"href":"https:\/\/bigfunhobby.com\/sv\/wp-json\/wp\/v2\/comments?post=7293"}],"wp:featuredmedia":[{"embeddable":true,"href":"https:\/\/bigfunhobby.com\/sv\/wp-json\/wp\/v2\/media\/7292"}],"wp:attachment":[{"href":"https:\/\/bigfunhobby.com\/sv\/wp-json\/wp\/v2\/media?parent=7293"}],"wp:term":[{"taxonomy":"product_brand","embeddable":true,"href":"https:\/\/bigfunhobby.com\/sv\/wp-json\/wp\/v2\/product_brand?post=7293"},{"taxonomy":"product_cat","embeddable":true,"href":"https:\/\/bigfunhobby.com\/sv\/wp-json\/wp\/v2\/product_cat?post=7293"},{"taxonomy":"product_tag","embeddable":true,"href":"https:\/\/bigfunhobby.com\/sv\/wp-json\/wp\/v2\/product_tag?post=7293"}],"curies":[{"name":"wp","href":"https:\/\/api.w.org\/{rel}","templated":true}]}}