{"id":7297,"date":"2025-03-08T17:10:54","date_gmt":"2025-03-08T17:10:54","guid":{"rendered":"https:\/\/bigfunhobby.com\/butikk\/work-station\/"},"modified":"2025-12-04T10:58:57","modified_gmt":"2025-12-04T08:58:57","slug":"work-station","status":"publish","type":"product","link":"https:\/\/bigfunhobby.com\/sv\/butikk\/work-station\/","title":{"rendered":"Arbetsstation"},"content":{"rendered":"<p>\u00c5 bygge modeller er en kunstform som krever tid, t\u00e5lmodighet og riktig utstyr. V\u00e5rt Work Station er det perfekte arbeidsomr\u00e5det for alle som er interessert i modellbygging, enten du er en nybegynner som nettopp har oppdaget gleden ved \u00e5 bygge ditt f\u00f8rste treskip, eller en erfaren entusiast som arbeider med komplekse plastmodeller eller modelljernbaner.<\/p>\n<p>Spesifikasjonene for Work Station er laget for \u00e5 oppfylle alle dine behov. Det gir deg god plass til \u00e5 arbeide, samtidig som det er designet for \u00e5 holde orden p\u00e5 verkt\u00f8yene og materialene dine. Dette gj\u00f8r det enklere for deg \u00e5 fokusere p\u00e5 det viktige \u2013 \u00e5 bringe dine kreative ideer til live.<\/p>\n<p>Work Station er laget med tanke p\u00e5 kvalitet og holdbarhet. Det er konstruert med materialer som t\u00e5ler tidens tann og det intensive arbeidet som modellbygging ofte inneb\u00e6rer.<\/p>\n<p>Modellbygging har en rik historie, fra de tidlige dagene da skipsmodeller ble brukt som leket\u00f8y, til i dag hvor det er en hobby som nytes av mennesker i alle aldre. Work Station lar deg bli en del av denne historien, og gir deg muligheten til \u00e5 skape dine egne mesterverk.<\/p>\n<p>Ikke vent, ta steget inn i den fascinerende verdenen av modellbygging. Kj\u00f8p ditt Work Station i dag og start skapelsen av dine egne unike modeller. Husk, det er ingen grenser for hva du kan oppn\u00e5 med riktig utstyr og litt kreativitet.<\/p>","protected":false},"excerpt":{"rendered":"<p>Work Station er et ideelt arbeidsomr\u00e5de for alle modellbyggere, fra nybegynnere til erfarne entusiaster. Dette er stedet hvor kreativiteten blomstrer og mesterlige kunstverk skapes.<\/p>","protected":false},"featured_media":7296,"comment_status":"open","ping_status":"closed","template":"","meta":[],"product_brand":[102],"product_cat":[58],"product_tag":[],"class_list":{"0":"post-7297","1":"product","2":"type-product","3":"status-publish","4":"has-post-thumbnail","6":"product_brand-humbrol","7":"product_cat-verktoy","9":"first","10":"instock","11":"taxable","12":"shipping-taxable","13":"purchasable","14":"product-type-simple"},"_links":{"self":[{"href":"https:\/\/bigfunhobby.com\/sv\/wp-json\/wp\/v2\/product\/7297","targetHints":{"allow":["GET"]}}],"collection":[{"href":"https:\/\/bigfunhobby.com\/sv\/wp-json\/wp\/v2\/product"}],"about":[{"href":"https:\/\/bigfunhobby.com\/sv\/wp-json\/wp\/v2\/types\/product"}],"replies":[{"embeddable":true,"href":"https:\/\/bigfunhobby.com\/sv\/wp-json\/wp\/v2\/comments?post=7297"}],"wp:featuredmedia":[{"embeddable":true,"href":"https:\/\/bigfunhobby.com\/sv\/wp-json\/wp\/v2\/media\/7296"}],"wp:attachment":[{"href":"https:\/\/bigfunhobby.com\/sv\/wp-json\/wp\/v2\/media?parent=7297"}],"wp:term":[{"taxonomy":"product_brand","embeddable":true,"href":"https:\/\/bigfunhobby.com\/sv\/wp-json\/wp\/v2\/product_brand?post=7297"},{"taxonomy":"product_cat","embeddable":true,"href":"https:\/\/bigfunhobby.com\/sv\/wp-json\/wp\/v2\/product_cat?post=7297"},{"taxonomy":"product_tag","embeddable":true,"href":"https:\/\/bigfunhobby.com\/sv\/wp-json\/wp\/v2\/product_tag?post=7297"}],"curies":[{"name":"wp","href":"https:\/\/api.w.org\/{rel}","templated":true}]}}