{"id":7299,"date":"2025-03-08T17:10:54","date_gmt":"2025-03-08T17:10:54","guid":{"rendered":"https:\/\/bigfunhobby.com\/butikk\/airbrush-propellant-400ml\/"},"modified":"2025-12-04T10:58:57","modified_gmt":"2025-12-04T08:58:57","slug":"airbrush-propellant-400ml","status":"publish","type":"product","link":"https:\/\/bigfunhobby.com\/sv\/butikk\/airbrush-propellant-400ml\/","title":{"rendered":"Airbrush drivmedel 400ml"},"content":{"rendered":"<p>Med Airbrush Propellant 400ml kan du ta din modellbygging til nye h\u00f8yder. Dette er en boks med komprimert drivgass som lar deg bruke din airbrush eller fargerspruter uten \u00e5 v\u00e6re avhengig av en kompressor. Det er et ideelt produkt for b\u00e5de nybegynnere og erfarne modellbyggere.<\/p>\n<p><strong>Specifikationer:<\/strong><\/p>\n<ul>\n<li>Inneholder 400ml komprimert drivgass<\/li>\n<li>Passer for airbrush og fargerspruter<\/li>\n<li>Uavhengig av kompressor<\/li>\n<\/ul>\n<p>Drivgassen er av h\u00f8y kvalitet, noe som sikrer en jevn og fin p\u00e5f\u00f8ring av farge p\u00e5 dine modeller, enten det er treskipsmodeller, plastmodeller eller modelljernbane. Med denne praktiske boksen med drivgass, kan du jobbe hvor som helst og n\u00e5r som helst.<\/p>\n<p>Modellbygging har en lang historie og er en hobby som har gledet b\u00e5de barn og voksne i generasjoner. Med riktige verkt\u00f8y og hjelpemidler som Airbrush Propellant, er det enda enklere \u00e5 skape realistiske og detaljerte modeller.<\/p>\n<p>Ikke la noe st\u00e5 i veien for din modellbygging. Bestill din Airbrush Propellant 400ml i dag og ta din hobby til nye h\u00f8yder!<\/p>","protected":false},"excerpt":{"rendered":"<p>Airbrush Propellant 400ml er en komprimert drivgass i boks, perfekt for bruk av din airbrush\/fargerspruter uten behov for kompressor. En n\u00f8dvendighet for alle modellbyggere.<\/p>","protected":false},"featured_media":7298,"comment_status":"open","ping_status":"closed","template":"","meta":[],"product_brand":[102],"product_cat":[61],"product_tag":[],"class_list":{"0":"post-7299","1":"product","2":"type-product","3":"status-publish","4":"has-post-thumbnail","6":"product_brand-humbrol","7":"product_cat-malingsproyter-og-utstyr","9":"first","10":"outofstock","11":"taxable","12":"shipping-taxable","13":"purchasable","14":"product-type-simple"},"_links":{"self":[{"href":"https:\/\/bigfunhobby.com\/sv\/wp-json\/wp\/v2\/product\/7299","targetHints":{"allow":["GET"]}}],"collection":[{"href":"https:\/\/bigfunhobby.com\/sv\/wp-json\/wp\/v2\/product"}],"about":[{"href":"https:\/\/bigfunhobby.com\/sv\/wp-json\/wp\/v2\/types\/product"}],"replies":[{"embeddable":true,"href":"https:\/\/bigfunhobby.com\/sv\/wp-json\/wp\/v2\/comments?post=7299"}],"wp:featuredmedia":[{"embeddable":true,"href":"https:\/\/bigfunhobby.com\/sv\/wp-json\/wp\/v2\/media\/7298"}],"wp:attachment":[{"href":"https:\/\/bigfunhobby.com\/sv\/wp-json\/wp\/v2\/media?parent=7299"}],"wp:term":[{"taxonomy":"product_brand","embeddable":true,"href":"https:\/\/bigfunhobby.com\/sv\/wp-json\/wp\/v2\/product_brand?post=7299"},{"taxonomy":"product_cat","embeddable":true,"href":"https:\/\/bigfunhobby.com\/sv\/wp-json\/wp\/v2\/product_cat?post=7299"},{"taxonomy":"product_tag","embeddable":true,"href":"https:\/\/bigfunhobby.com\/sv\/wp-json\/wp\/v2\/product_tag?post=7299"}],"curies":[{"name":"wp","href":"https:\/\/api.w.org\/{rel}","templated":true}]}}