{"id":7313,"date":"2025-03-08T17:10:57","date_gmt":"2025-03-08T17:10:57","guid":{"rendered":"https:\/\/bigfunhobby.com\/butikk\/1-14-40ft-maersk-container-m-semi-trailer\/"},"modified":"2025-12-04T10:58:57","modified_gmt":"2025-12-04T08:58:57","slug":"1-14-40ft-maersk-container-m-semi-trailer","status":"publish","type":"product","link":"https:\/\/bigfunhobby.com\/sv\/butikk\/1-14-40ft-maersk-container-m-semi-trailer\/","title":{"rendered":"1\/14 40FT MAERSK CONTAINER MED SEMITRAILER"},"content":{"rendered":"<p>Utforsk verden av skalamodeller med v\u00e5rt byggesett av en 1\/14 skala 40ft Maersk container med semi-trailer. Dette er en autentisk kopi av en standardh\u00f8yde container som brukes for frakt av varer og r\u00e5materialer rundt om i verden. Den kan kobles til alle av Tamiya&#8217;s 1\/14 skala Tractor Trucks, noe som gj\u00f8r det til et utmerket tillegg til enhver samling av fjernstyrte kj\u00f8ret\u00f8y.<\/p>\n<p><strong>Specifikationer:<\/strong><\/p>\n<ul>\n<li>Skala: 1\/14<\/li>\n<li>Type: 40ft Maersk container med semi-trailer<\/li>\n<li>Kompatibilitet: Alle Tamiya&#8217;s 1\/14 skala Tractor Trucks<\/li>\n<\/ul>\n<p>Dette byggesettet gir en autentisk opplevelse av modellbygging, og er ideelt b\u00e5de for nybegynnere og erfarne entusiaster. Det gir deg muligheten til \u00e5 forst\u00e5 hvordan en ekte container fungerer, samtidig som du har det g\u00f8y med \u00e5 bygge din egen skalamodell.<\/p>\n<p>Containere, som denne fra Maersk, spiller en vital rolle i den globale handelen. De transporterer varer og r\u00e5materialer over hele verden, og er et vanlig syn p\u00e5 havner, p\u00e5 lastebiler og p\u00e5 jernbaner. Med dette byggesettet kan du ha ditt eget lille stykke av denne globale virksomheten hjemme hos deg selv.<\/p>\n<p>Klar til \u00e5 ta modellbygging til neste niv\u00e5? Kj\u00f8p ditt 1\/14 skala 40ft Maersk container med semi-trailer byggesett i dag, og la byggeprosessen begynne!<\/p>","protected":false},"excerpt":{"rendered":"<p>Byggesett av en 1\/14 skala 40ft Maersk container med semi-trailer, perfekt for alle entusiaster av modellbygging og fjernstyrte kj\u00f8ret\u00f8y.<\/p>","protected":false},"featured_media":7312,"comment_status":"open","ping_status":"closed","template":"","meta":[],"product_brand":[99],"product_cat":[62],"product_tag":[],"class_list":{"0":"post-7313","1":"product","2":"type-product","3":"status-publish","4":"has-post-thumbnail","6":"product_brand-tamiya","7":"product_cat-lastebil","9":"first","10":"outofstock","11":"taxable","12":"shipping-taxable","13":"purchasable","14":"product-type-simple"},"_links":{"self":[{"href":"https:\/\/bigfunhobby.com\/sv\/wp-json\/wp\/v2\/product\/7313","targetHints":{"allow":["GET"]}}],"collection":[{"href":"https:\/\/bigfunhobby.com\/sv\/wp-json\/wp\/v2\/product"}],"about":[{"href":"https:\/\/bigfunhobby.com\/sv\/wp-json\/wp\/v2\/types\/product"}],"replies":[{"embeddable":true,"href":"https:\/\/bigfunhobby.com\/sv\/wp-json\/wp\/v2\/comments?post=7313"}],"wp:featuredmedia":[{"embeddable":true,"href":"https:\/\/bigfunhobby.com\/sv\/wp-json\/wp\/v2\/media\/7312"}],"wp:attachment":[{"href":"https:\/\/bigfunhobby.com\/sv\/wp-json\/wp\/v2\/media?parent=7313"}],"wp:term":[{"taxonomy":"product_brand","embeddable":true,"href":"https:\/\/bigfunhobby.com\/sv\/wp-json\/wp\/v2\/product_brand?post=7313"},{"taxonomy":"product_cat","embeddable":true,"href":"https:\/\/bigfunhobby.com\/sv\/wp-json\/wp\/v2\/product_cat?post=7313"},{"taxonomy":"product_tag","embeddable":true,"href":"https:\/\/bigfunhobby.com\/sv\/wp-json\/wp\/v2\/product_tag?post=7313"}],"curies":[{"name":"wp","href":"https:\/\/api.w.org\/{rel}","templated":true}]}}