{"id":7321,"date":"2025-03-08T17:10:59","date_gmt":"2025-03-08T17:10:59","guid":{"rendered":"https:\/\/bigfunhobby.com\/butikk\/140-colin-archer\/"},"modified":"2026-02-09T18:25:46","modified_gmt":"2026-02-09T16:25:46","slug":"140-colin-archer","status":"publish","type":"product","link":"https:\/\/bigfunhobby.com\/sv\/butikk\/140-colin-archer\/","title":{"rendered":"1:40 Colin Archer"},"content":{"rendered":"<p>Denna byggsats ger dig m\u00f6jlighet att bygga din egen version av den ber\u00f6mda tr\u00e4fartygsmodellen Colin Archer i skala 1:40. Med sin unika historia och hyllade design \u00e4r detta en stor upplevelse f\u00f6r alla modellentusiaster.<\/p>\n<p><strong>Produktspecifikationer:<\/strong><\/p>\n<ul>\n<li>Skala: 1\/40<\/li>\n<li>Sv\u00e5righetsgrad: Nyb\u00f6rjare<\/li>\n<li>L\u00e4ngd: 47,5 cm<\/li>\n<li>Bredd: 12,5 cm<\/li>\n<li>H\u00f6jd: 50 cm 50 cm<\/li>\n<\/ul>\n<p>Modellen levereras med laserskurna tr\u00e4delar och \u00f6vriga detaljer i l\u00e4mpliga material. Lim, verktyg och lack\/f\u00e4rg m\u00e5ste k\u00f6pas separat.<\/p>\n<p>RS1, som senare d\u00f6ptes om till Colin Archer, byggdes 1893 p\u00e5 Colin Archer-varvet i Rekkevig n\u00e4ra Larvik. Det tj\u00e4nstgjorde i 40 \u00e5r som r\u00e4ddningsfartyg innan det s\u00e5ldes till privata \u00e4gare 1933. Fartyget har en rik historia, inklusive en atlantkorsning och flera \u00e4garbyten, innan det slutligen donerades till Norsk Maritimt Museum i Oslo 1972.<\/p>\n<p>Oavsett om du \u00e4r en erfaren modellbyggare eller nyb\u00f6rjare kommer du att finna gl\u00e4dje i att bygga detta tr\u00e4fartyg. Ta steget in i modellbyggandets v\u00e4rld och upplev gl\u00e4djen i att skapa n\u00e5got med dina egna h\u00e4nder. <strong>Best\u00e4ll ditt Colin Archer-kit idag!<\/strong><\/p>","protected":false},"excerpt":{"rendered":"<p>Colin Archer modellbyggsats av tr\u00e4fartyg i skala 1:40, perfekt f\u00f6r nyb\u00f6rjare inom modellbygge. Komplett med laserskurna tr\u00e4delar och detaljer.<\/p>","protected":false},"featured_media":7320,"comment_status":"open","ping_status":"closed","template":"","meta":[],"product_brand":[96],"product_cat":[53],"product_tag":[],"class_list":{"0":"post-7321","1":"product","2":"type-product","3":"status-publish","4":"has-post-thumbnail","6":"product_brand-billing-boats","7":"product_cat-bater-billing-boats","9":"first","10":"instock","11":"taxable","12":"shipping-taxable","13":"purchasable","14":"product-type-simple"},"_links":{"self":[{"href":"https:\/\/bigfunhobby.com\/sv\/wp-json\/wp\/v2\/product\/7321","targetHints":{"allow":["GET"]}}],"collection":[{"href":"https:\/\/bigfunhobby.com\/sv\/wp-json\/wp\/v2\/product"}],"about":[{"href":"https:\/\/bigfunhobby.com\/sv\/wp-json\/wp\/v2\/types\/product"}],"replies":[{"embeddable":true,"href":"https:\/\/bigfunhobby.com\/sv\/wp-json\/wp\/v2\/comments?post=7321"}],"wp:featuredmedia":[{"embeddable":true,"href":"https:\/\/bigfunhobby.com\/sv\/wp-json\/wp\/v2\/media\/7320"}],"wp:attachment":[{"href":"https:\/\/bigfunhobby.com\/sv\/wp-json\/wp\/v2\/media?parent=7321"}],"wp:term":[{"taxonomy":"product_brand","embeddable":true,"href":"https:\/\/bigfunhobby.com\/sv\/wp-json\/wp\/v2\/product_brand?post=7321"},{"taxonomy":"product_cat","embeddable":true,"href":"https:\/\/bigfunhobby.com\/sv\/wp-json\/wp\/v2\/product_cat?post=7321"},{"taxonomy":"product_tag","embeddable":true,"href":"https:\/\/bigfunhobby.com\/sv\/wp-json\/wp\/v2\/product_tag?post=7321"}],"curies":[{"name":"wp","href":"https:\/\/api.w.org\/{rel}","templated":true}]}}