{"id":7331,"date":"2025-03-08T17:11:02","date_gmt":"2025-03-08T17:11:02","guid":{"rendered":"https:\/\/bigfunhobby.com\/butikk\/133-mary-ann\/"},"modified":"2025-12-04T10:58:59","modified_gmt":"2025-12-04T08:58:59","slug":"133-mary-ann","status":"publish","type":"product","link":"https:\/\/bigfunhobby.com\/sv\/butikk\/133-mary-ann\/","title":{"rendered":"1:33 MARY ANN"},"content":{"rendered":"<p>L\u00e4r k\u00e4nna v\u00e5r tr\u00e4fartygsmodell MARY ANN - en kvalitetssats som tar dig tillbaka till de danska hamnomr\u00e5dena p\u00e5 1950-talet. Tr\u00e4byggsatsen \u00e4r en miniatyrreplika av en typisk 45-tons fiskekutter som ofta s\u00e5gs i Esbjergs hamn och i danska vatten. Det \u00e4r en detaljerad modell i skala 1\/33 som ger en givande byggupplevelse, perfekt f\u00f6r erfarna nyb\u00f6rjare inom modellbygge.<\/p>\n<p><strong>Specifikationer<\/strong><\/p>\n<ul>\n<li>Skala: 1\/33<\/li>\n<li>Sv\u00e5righetsgrad: Rutinerad nyb\u00f6rjare<\/li>\n<li>L\u00e4ngd: 55 cm<\/li>\n<li>Bredd: 16 cm<\/li>\n<li>H\u00f6jd: 43 cm<\/li>\n<\/ul>\n<p>Observera att lim, verktyg och lack\/f\u00e4rg inte ing\u00e5r i satsen.<\/p>\n<p>Historien om MARY ANN \u00e4r lika fascinerande som sj\u00e4lva byggprocessen. Det h\u00e4r \u00e4r den f\u00f6rsta byggsatsen i tr\u00e4 som tillverkades 1958 och har sedan dess modifierats fyra g\u00e5nger och bytt namn tre g\u00e5nger. Modellen \u00e4r baserad p\u00e5 de ursprungliga fartygsritningarna och ger en autentisk inblick i sj\u00f6fartens historia.<\/p>\n<p><strong>F\u00e4rger rekommenderas:<\/strong><\/p>\n<ul>\n<li>Vit<\/li>\n<li>Duck Egg Blue<\/li>\n<li>Smaragd<\/li>\n<li>Orange f\u00e4rg<\/li>\n<li>Tan<\/li>\n<li>Svart<\/li>\n<li>Ljusgr\u00e5<\/li>\n<li>Klar Poly<\/li>\n<li>Mahognybets<\/li>\n<\/ul>\n<p>Du \u00e4r bara n\u00e5gra klick fr\u00e5n att b\u00f6rja din modellresa. K\u00f6p MARY ANN tr\u00e4fartygsmodell idag och njut av en berikande och l\u00e4rorik hobbyupplevelse. Best\u00e4ll nu!<\/p>","protected":false},"excerpt":{"rendered":"<p>G\u00f6r dig redo f\u00f6r en givande byggupplevelse med tr\u00e4fartygsmodellen MARY ANN i skala 1:33. Det h\u00e4r \u00e4r en detaljerad byggsats som \u00e4r perfekt f\u00f6r erfarna nyb\u00f6rjare inom modellbygge.<\/p>","protected":false},"featured_media":7330,"comment_status":"open","ping_status":"closed","template":"","meta":[],"product_brand":[96],"product_cat":[53],"product_tag":[],"class_list":{"0":"post-7331","1":"product","2":"type-product","3":"status-publish","4":"has-post-thumbnail","6":"product_brand-billing-boats","7":"product_cat-bater-billing-boats","9":"first","10":"instock","11":"taxable","12":"shipping-taxable","13":"purchasable","14":"product-type-simple"},"_links":{"self":[{"href":"https:\/\/bigfunhobby.com\/sv\/wp-json\/wp\/v2\/product\/7331","targetHints":{"allow":["GET"]}}],"collection":[{"href":"https:\/\/bigfunhobby.com\/sv\/wp-json\/wp\/v2\/product"}],"about":[{"href":"https:\/\/bigfunhobby.com\/sv\/wp-json\/wp\/v2\/types\/product"}],"replies":[{"embeddable":true,"href":"https:\/\/bigfunhobby.com\/sv\/wp-json\/wp\/v2\/comments?post=7331"}],"wp:featuredmedia":[{"embeddable":true,"href":"https:\/\/bigfunhobby.com\/sv\/wp-json\/wp\/v2\/media\/7330"}],"wp:attachment":[{"href":"https:\/\/bigfunhobby.com\/sv\/wp-json\/wp\/v2\/media?parent=7331"}],"wp:term":[{"taxonomy":"product_brand","embeddable":true,"href":"https:\/\/bigfunhobby.com\/sv\/wp-json\/wp\/v2\/product_brand?post=7331"},{"taxonomy":"product_cat","embeddable":true,"href":"https:\/\/bigfunhobby.com\/sv\/wp-json\/wp\/v2\/product_cat?post=7331"},{"taxonomy":"product_tag","embeddable":true,"href":"https:\/\/bigfunhobby.com\/sv\/wp-json\/wp\/v2\/product_tag?post=7331"}],"curies":[{"name":"wp","href":"https:\/\/api.w.org\/{rel}","templated":true}]}}