{"id":7343,"date":"2025-03-08T17:11:04","date_gmt":"2025-03-08T17:11:04","guid":{"rendered":"https:\/\/bigfunhobby.com\/butikk\/hobbysag\/"},"modified":"2025-12-04T10:58:59","modified_gmt":"2025-12-04T08:58:59","slug":"hobbyvaska","status":"publish","type":"product","link":"https:\/\/bigfunhobby.com\/sv\/butikk\/hobbysag\/","title":{"rendered":"Hobbyv\u00e4ska"},"content":{"rendered":"<p>V\u00e5r hobbys\u00e5g \u00e4r ett perfekt verktyg f\u00f6r alla modelleringsentusiaster, oavsett om du \u00e4r nyb\u00f6rjare eller erfaren. Det h\u00e4r robusta och praktiska verktyget \u00e4r perfekt f\u00f6r figurs\u00e5gning i b\u00e5de tr\u00e4 och metall, vilket g\u00f6r det till en oumb\u00e4rlig del av din verkstad.<\/p>\n<p>Med sin enkla bladbytesfunktion sparar hobbys\u00e5gen b\u00e5de tid och kraft. Du kan snabbt och enkelt v\u00e4xla mellan olika bladtyper, s\u00e5 att du alltid har r\u00e4tt verktyg f\u00f6r jobbet<\/p>\n<ul>\n<li>Perfekt f\u00f6r sticks\u00e5gning i tr\u00e4 och metall<\/li>\n<li>Enkel att anv\u00e4nda, perfekt f\u00f6r b\u00e5de nyb\u00f6rjare och erfarna modellbyggare<\/li>\n<li>Snabb och enkel funktion f\u00f6r bladbyte<\/li>\n<\/ul>\n<p>Oavsett om du arbetar med skeppsmodeller i tr\u00e4, plastmodeller, modellj\u00e4rnv\u00e4gssatser eller n\u00e5got annat, ger v\u00e5r hobbys\u00e5g dig den precision och flexibilitet du beh\u00f6ver.<\/p>\n<p>\u00c4nda sedan modellbyggandets barndom har b\u00e5gs\u00e5gar varit ett viktigt verktyg f\u00f6r att uppn\u00e5 den detaljniv\u00e5 och skala som kr\u00e4vs. V\u00e5r b\u00e5gfil uppr\u00e4tth\u00e5ller denna tradition, samtidigt som den ger modern anv\u00e4ndarv\u00e4nlighet och h\u00e5llbarhet.<\/p>\n<p>S\u00e5 v\u00e4nta inte, f\u00f6rh\u00f6j din modellbyggarupplevelse med v\u00e5r hobbys\u00e5g. K\u00f6p h\u00e4r och ta din modellbyggsats till n\u00e4sta niv\u00e5!<\/p>","protected":false},"excerpt":{"rendered":"<p>Hobbys\u00e5g f\u00f6r figurs\u00e5gning i tr\u00e4 och metall, perfekt f\u00f6r alla modellbyggare med enkel bladbytesfunktion.<\/p>","protected":false},"featured_media":7342,"comment_status":"open","ping_status":"closed","template":"","meta":[],"product_brand":[],"product_cat":[58],"product_tag":[],"class_list":{"0":"post-7343","1":"product","2":"type-product","3":"status-publish","4":"has-post-thumbnail","6":"product_cat-verktoy","8":"first","9":"outofstock","10":"taxable","11":"shipping-taxable","12":"purchasable","13":"product-type-simple"},"_links":{"self":[{"href":"https:\/\/bigfunhobby.com\/sv\/wp-json\/wp\/v2\/product\/7343","targetHints":{"allow":["GET"]}}],"collection":[{"href":"https:\/\/bigfunhobby.com\/sv\/wp-json\/wp\/v2\/product"}],"about":[{"href":"https:\/\/bigfunhobby.com\/sv\/wp-json\/wp\/v2\/types\/product"}],"replies":[{"embeddable":true,"href":"https:\/\/bigfunhobby.com\/sv\/wp-json\/wp\/v2\/comments?post=7343"}],"wp:featuredmedia":[{"embeddable":true,"href":"https:\/\/bigfunhobby.com\/sv\/wp-json\/wp\/v2\/media\/7342"}],"wp:attachment":[{"href":"https:\/\/bigfunhobby.com\/sv\/wp-json\/wp\/v2\/media?parent=7343"}],"wp:term":[{"taxonomy":"product_brand","embeddable":true,"href":"https:\/\/bigfunhobby.com\/sv\/wp-json\/wp\/v2\/product_brand?post=7343"},{"taxonomy":"product_cat","embeddable":true,"href":"https:\/\/bigfunhobby.com\/sv\/wp-json\/wp\/v2\/product_cat?post=7343"},{"taxonomy":"product_tag","embeddable":true,"href":"https:\/\/bigfunhobby.com\/sv\/wp-json\/wp\/v2\/product_tag?post=7343"}],"curies":[{"name":"wp","href":"https:\/\/api.w.org\/{rel}","templated":true}]}}