{"id":7371,"date":"2025-03-08T17:11:09","date_gmt":"2025-03-08T17:11:09","guid":{"rendered":"https:\/\/bigfunhobby.com\/butikk\/bca011-black-22ml\/"},"modified":"2025-12-04T10:58:59","modified_gmt":"2025-12-04T08:58:59","slug":"bca011-svart-22ml","status":"publish","type":"product","link":"https:\/\/bigfunhobby.com\/sv\/butikk\/bca011-black-22ml\/","title":{"rendered":"BCA011-BLACK 22ml"},"content":{"rendered":"<p>BCA011-BLACK 22ml \u00e4r en akrylbaserad marinf\u00e4rg, speciellt utvecklad f\u00f6r Billing Boats-modeller. Denna h\u00f6gkvalitativa f\u00e4rg \u00e4r det ultimata valet f\u00f6r b\u00e5de erfarna och nya modellbyggare som letar efter en produkt som kan framh\u00e4va detaljerna och ge liv \u00e5t deras tr\u00e4- eller plastmodell.<\/p>\n<ul>\n<li>Akrylbaserad marinf\u00e4rg<\/li>\n<li>22 ml<\/li>\n<li>Perfekt f\u00f6r Billing Boats-modeller<\/li>\n<li>L\u00e4mplig f\u00f6r b\u00e5de tr\u00e4- och plastmodeller<\/li>\n<\/ul>\n<p>Den h\u00e4r akrylbaserade marinf\u00e4rgen har en djup svart kul\u00f6r som ger ett autentiskt och professionellt resultat. Oavsett om du bygger ett historiskt tr\u00e4skepp eller ett modernt plastskepp kommer den h\u00e4r f\u00e4rgen att bidra till att ge din modell ett realistiskt utseende.<\/p>\n<p>Billing Boats har sedan starten varit k\u00e4nda f\u00f6r sin h\u00f6ga kvalitet och exakta detaljer i sina byggsatser. Med BCA011-BLACK 22ml f\u00e5r du en f\u00e4rg som kompletterar denna kvalitet och bidrar till en \u00e4nnu mer realistisk modell.<\/p>\n<p>Missa inte chansen att ta ditt modellerande till n\u00e4sta niv\u00e5. BCA011-BLACK 22ml \u00e4r det perfekta valet f\u00f6r dig som prioriterar kvalitet och detaljer. Best\u00e4ll nu och ta steget mot en mer professionell och realistisk modellering.<\/p>","protected":false},"excerpt":{"rendered":"<p>BCA011-BLACK 22ml \u00e4r en akrylbaserad marinf\u00e4rg, perfekt f\u00f6r modellering av Billing Boats-modeller. Accentuera detaljerna i din byggsats med denna kvalitetsf\u00e4rg.<\/p>","protected":false},"featured_media":7370,"comment_status":"open","ping_status":"closed","template":"","meta":[],"product_brand":[96],"product_cat":[63],"product_tag":[],"class_list":{"0":"post-7371","1":"product","2":"type-product","3":"status-publish","4":"has-post-thumbnail","6":"product_brand-billing-boats","7":"product_cat-billing-boats-maling","9":"first","10":"instock","11":"taxable","12":"shipping-taxable","13":"purchasable","14":"product-type-simple"},"_links":{"self":[{"href":"https:\/\/bigfunhobby.com\/sv\/wp-json\/wp\/v2\/product\/7371","targetHints":{"allow":["GET"]}}],"collection":[{"href":"https:\/\/bigfunhobby.com\/sv\/wp-json\/wp\/v2\/product"}],"about":[{"href":"https:\/\/bigfunhobby.com\/sv\/wp-json\/wp\/v2\/types\/product"}],"replies":[{"embeddable":true,"href":"https:\/\/bigfunhobby.com\/sv\/wp-json\/wp\/v2\/comments?post=7371"}],"wp:featuredmedia":[{"embeddable":true,"href":"https:\/\/bigfunhobby.com\/sv\/wp-json\/wp\/v2\/media\/7370"}],"wp:attachment":[{"href":"https:\/\/bigfunhobby.com\/sv\/wp-json\/wp\/v2\/media?parent=7371"}],"wp:term":[{"taxonomy":"product_brand","embeddable":true,"href":"https:\/\/bigfunhobby.com\/sv\/wp-json\/wp\/v2\/product_brand?post=7371"},{"taxonomy":"product_cat","embeddable":true,"href":"https:\/\/bigfunhobby.com\/sv\/wp-json\/wp\/v2\/product_cat?post=7371"},{"taxonomy":"product_tag","embeddable":true,"href":"https:\/\/bigfunhobby.com\/sv\/wp-json\/wp\/v2\/product_tag?post=7371"}],"curies":[{"name":"wp","href":"https:\/\/api.w.org\/{rel}","templated":true}]}}