{"id":7389,"date":"2025-03-08T17:11:13","date_gmt":"2025-03-08T17:11:13","guid":{"rendered":"https:\/\/bigfunhobby.com\/butikk\/150-hoga-pearl-harbor-tugboat-wooden-hull\/"},"modified":"2025-12-04T10:59:01","modified_gmt":"2025-12-04T08:59:01","slug":"150-hoga-pearl-harbour-bogserbat-traskrov","status":"publish","type":"product","link":"https:\/\/bigfunhobby.com\/sv\/butikk\/150-hoga-pearl-harbor-tugboat-wooden-hull\/","title":{"rendered":"1:50 HOGA PEARL HARBOUR BOGSERB\u00c5T - TR\u00c4SKROV"},"content":{"rendered":"<p>Dyk in i en v\u00e4rld av historisk modellering med den h\u00e4r detaljerade HOGA Pearl Harbor bogserb\u00e5tssatsen. Med en skala p\u00e5 1:50 \u00e4r den h\u00e4r fartygsmodellen i tr\u00e4 ett utm\u00e4rkt s\u00e4tt att utforska sj\u00f6fartshistoria och samtidigt utveckla dina byggf\u00e4rdigheter.<\/p>\n<p><strong>Historia:<\/strong><\/p>\n<p>HOGA godk\u00e4ndes av den amerikanska flottan den 22 maj 1941 och sattes snabbt p\u00e5 prov i attacken mot Pearl Harbor bara sex m\u00e5nader senare. Under 48 timmar k\u00e4mpade HOGA f\u00f6r att sl\u00e4cka br\u00e4nder, bogsera bombade \u00f6rlogsfartyg och r\u00e4dda sj\u00f6m\u00e4n fr\u00e5n att drunkna. Idag \u00e4r HOGA det enda \u00f6verlevande fartyget fr\u00e5n den japanska attacken.<\/p>\n<p><strong>Specifikationer:<\/strong><\/p>\n<ul>\n<li>L\u00e4ngd: 62 cm<\/li>\n<li>H\u00f6jd: 31 cm<\/li>\n<li>Bredd: 15,5 cm<\/li>\n<li>Skala: 1:50<\/li>\n<\/ul>\n<p>Denna byggsats ger dig en unik m\u00f6jlighet att skapa en exakt modell av detta historiska fartyg. Med sina imponerande detaljer och autentiska design \u00e4r denna byggsats perfekt f\u00f6r alla modellentusiaster.<\/p>\n<p>Oavsett om du \u00e4r en erfaren modellbyggare eller en ivrig nyb\u00f6rjare \u00e4r den h\u00e4r satsen ett fantastiskt projekt att ta sig an. Bygg ditt eget stycke sj\u00f6fartshistoria med tr\u00e4fartygsmodellen av bogserb\u00e5ten HOGA Pearl Harbor. Best\u00e4ll ditt kit idag och b\u00f6rja din modellresa!<\/p>","protected":false},"excerpt":{"rendered":"<p>Skapa en realistisk modell av den historiska bogserb\u00e5ten HOGA med denna byggsats i skala 1:50. Perfekt f\u00f6r b\u00e5de nyb\u00f6rjare och erfarna modellentusiaster.<\/p>","protected":false},"featured_media":7388,"comment_status":"open","ping_status":"closed","template":"","meta":[],"product_brand":[96],"product_cat":[53],"product_tag":[],"class_list":{"0":"post-7389","1":"product","2":"type-product","3":"status-publish","4":"has-post-thumbnail","6":"product_brand-billing-boats","7":"product_cat-bater-billing-boats","9":"first","10":"instock","11":"taxable","12":"shipping-taxable","13":"purchasable","14":"product-type-simple"},"_links":{"self":[{"href":"https:\/\/bigfunhobby.com\/sv\/wp-json\/wp\/v2\/product\/7389","targetHints":{"allow":["GET"]}}],"collection":[{"href":"https:\/\/bigfunhobby.com\/sv\/wp-json\/wp\/v2\/product"}],"about":[{"href":"https:\/\/bigfunhobby.com\/sv\/wp-json\/wp\/v2\/types\/product"}],"replies":[{"embeddable":true,"href":"https:\/\/bigfunhobby.com\/sv\/wp-json\/wp\/v2\/comments?post=7389"}],"wp:featuredmedia":[{"embeddable":true,"href":"https:\/\/bigfunhobby.com\/sv\/wp-json\/wp\/v2\/media\/7388"}],"wp:attachment":[{"href":"https:\/\/bigfunhobby.com\/sv\/wp-json\/wp\/v2\/media?parent=7389"}],"wp:term":[{"taxonomy":"product_brand","embeddable":true,"href":"https:\/\/bigfunhobby.com\/sv\/wp-json\/wp\/v2\/product_brand?post=7389"},{"taxonomy":"product_cat","embeddable":true,"href":"https:\/\/bigfunhobby.com\/sv\/wp-json\/wp\/v2\/product_cat?post=7389"},{"taxonomy":"product_tag","embeddable":true,"href":"https:\/\/bigfunhobby.com\/sv\/wp-json\/wp\/v2\/product_tag?post=7389"}],"curies":[{"name":"wp","href":"https:\/\/api.w.org\/{rel}","templated":true}]}}